{"id":300,"date":"2023-01-13T08:45:34","date_gmt":"2023-01-13T07:45:34","guid":{"rendered":"https:\/\/konferencje.umw.edu.pl\/nowoczesnaedukacja2025\/?page_id=300"},"modified":"2025-05-05T09:38:27","modified_gmt":"2025-05-05T07:38:27","slug":"o-konferencji","status":"publish","type":"page","link":"https:\/\/konferencje.umw.edu.pl\/nowoczesnaedukacja2025\/o-konferencji\/","title":{"rendered":"O konferencji"},"content":{"rendered":"<div style=\"color: black\">\n<p><strong>Kto b\u0119dzie nas leczy\u0142?<\/strong><\/p>\n<p>Odpowied\u017a na to pytanie pozostaje najwa\u017cniejszym wyzwaniem systemu ochrony zdrowia. Jest te\u017c zadaniem, przed kt\u00f3rym stoi \u015brodowisko akademickie w Polsce. Jak skutecznie kszta\u0142towa\u0107 edukacj\u0119 zdrowotn\u0105 i medyczn\u0105 w kontek\u015bcie wsp\u00f3\u0142czesnych wyzwa\u0144 oraz jak dostosowa\u0107 programy nauczania do oczekiwa\u0144 spo\u0142ecznych i legislacyjnych?<\/p>\n<p>Poszukuj\u0105c odpowiedzi na te pytania zapraszamy wszystkich na konferencj\u0119 Rektor\u00f3w Akademickich Uczelni Medycznych (KRAUM) pn. \u201eEdukacja zdrowotna, medyczna i humanizacja we wsp\u00f3\u0142czesnym kszta\u0142ceniu kadr medycznych&#8221;, kt\u00f3ra odb\u0119dzie si\u0119 w dniach 22\u201323 maja 2025 roku na Uniwersytecie Medycznym we Wroc\u0142awiu.<\/p>\n<p>Wydarzenie obj\u0119te jest patronatem Senackiej Komisji Zdrowia, Ministerstwa Nauki i Szkolnictwa Wy\u017cszego oraz Polskiej Komisji Akredytacyjnej.<\/p>\n<p>Konferencja stanowi wyj\u0105tkow\u0105 okazj\u0119 do integracji \u015brodowiska akademickiego, medycznego i edukacyjnego, umo\u017cliwiaj\u0105c dialog na temat kierunk\u00f3w rozwoju kszta\u0142cenia medycznego w Polsce.<\/p>\n<p>Liczymy na to, \u017ce przedstawiciele wszystkich \u015brodowisk zaanga\u017cowanych w kszta\u0142towanie systemu ochrony zdrowia \u2013 przedstawiciele Ministerstwa Zdrowia, Ministerstwa Edukacji i Nauki, \u015brodowisko akademickie, przedstawiciele izb, towarzystw, organizacji pacjenckich, wezm\u0105 udzia\u0142 w naszym wydarzeniu.<\/p>\n<p>Poruszana tematyka dotyczy\u0107 b\u0119dzie standard\u00f3w kszta\u0142cenia, interdyscyplinarno\u015bci kluczowej dla dobrego funkcjonowania systemu a tak\u017ce wyzwa\u0144 zwi\u0105zanych z komunikacj\u0105. Poza standardami i zagadnieniami dotycz\u0105cymi humanizacji medycyny tym razem dyskutowa\u0107 chcemy tak\u017ce o edukacji zdrowotnej i powi\u0105zanej z ni\u0105 profilaktyce. Wyj\u0105tkowo sprzyja temu trwaj\u0105cy rok polskiej prezydencji w Unii Europejskiej, w kt\u00f3rym profilaktyka odgrywa kluczow\u0105 rol\u0119. Publiczna debata dotycz\u0105ca edukacji zdrowotnej pokazuje konieczno\u015b\u0107 merytorycznej i rzetelnej oceny za\u0142o\u017ce\u0144 programowych i przewidywanych efekt\u00f3w wprowadzenia nowego przedmiotu. To idealny moment, by podj\u0105\u0107 si\u0119 pr\u00f3by zdefiniowania i okre\u015blenia \u015bcie\u017cki kariery absolwent\u00f3w zdrowia publicznego.<\/p>\n<p>Udzia\u0142 w konferencji jest bezp\u0142atny.<\/p>\n<p>W razie pyta\u0144 prosimy o kontakt email: konferencjakraum@umw.edu.pl<\/p>\n<p><img loading=\"lazy\" decoding=\"async\" class=\"size-medium wp-image-512 aligncenter\" src=\"https:\/\/konferencje.umw.edu.pl\/nowoczesnaedukacja2025\/wp-content\/uploads\/sites\/34\/2023\/03\/o-konferencji_mniejsze-300x293.png\" alt=\"O konferencji\" width=\"300\" height=\"293\" srcset=\"https:\/\/konferencje.umw.edu.pl\/nowoczesnaedukacja2025\/wp-content\/uploads\/sites\/34\/2023\/03\/o-konferencji_mniejsze-300x293.png 300w, https:\/\/konferencje.umw.edu.pl\/nowoczesnaedukacja2025\/wp-content\/uploads\/sites\/34\/2023\/03\/o-konferencji_mniejsze.png 410w\" sizes=\"auto, (max-width: 300px) 100vw, 300px\" \/><\/p>\n<\/div>\n","protected":false},"excerpt":{"rendered":"<p>Kto b\u0119dzie nas leczy\u0142? Odpowied\u017a na to pytanie pozostaje najwa\u017cniejszym wyzwaniem systemu ochrony zdrowia. Jest te\u017c zadaniem, przed kt\u00f3rym stoi \u015brodowisko akademickie w Polsce. Jak skutecznie kszta\u0142towa\u0107 edukacj\u0119 zdrowotn\u0105 i medyczn\u0105 w kontek\u015bcie wsp\u00f3\u0142czesnych wyzwa\u0144 oraz jak dostosowa\u0107 programy nauczania do oczekiwa\u0144 spo\u0142ecznych i legislacyjnych? Poszukuj\u0105c odpowiedzi na te pytania zapraszamy wszystkich na konferencj\u0119 Rektor\u00f3w<\/p>\n<div><a class=\"btn-filled btn\" href=\"https:\/\/konferencje.umw.edu.pl\/nowoczesnaedukacja2025\/o-konferencji\/\" title=\"O konferencji\">Dowiedz si\u0119 wi\u0119cej<\/a><\/div>\n","protected":false},"author":1,"featured_media":0,"parent":0,"menu_order":0,"comment_status":"closed","ping_status":"closed","template":"","meta":{"footnotes":""},"class_list":["post-300","page","type-page","status-publish","hentry"],"_links":{"self":[{"href":"https:\/\/konferencje.umw.edu.pl\/nowoczesnaedukacja2025\/wp-json\/wp\/v2\/pages\/300","targetHints":{"allow":["GET"]}}],"collection":[{"href":"https:\/\/konferencje.umw.edu.pl\/nowoczesnaedukacja2025\/wp-json\/wp\/v2\/pages"}],"about":[{"href":"https:\/\/konferencje.umw.edu.pl\/nowoczesnaedukacja2025\/wp-json\/wp\/v2\/types\/page"}],"author":[{"embeddable":true,"href":"https:\/\/konferencje.umw.edu.pl\/nowoczesnaedukacja2025\/wp-json\/wp\/v2\/users\/1"}],"replies":[{"embeddable":true,"href":"https:\/\/konferencje.umw.edu.pl\/nowoczesnaedukacja2025\/wp-json\/wp\/v2\/comments?post=300"}],"version-history":[{"count":24,"href":"https:\/\/konferencje.umw.edu.pl\/nowoczesnaedukacja2025\/wp-json\/wp\/v2\/pages\/300\/revisions"}],"predecessor-version":[{"id":885,"href":"https:\/\/konferencje.umw.edu.pl\/nowoczesnaedukacja2025\/wp-json\/wp\/v2\/pages\/300\/revisions\/885"}],"wp:attachment":[{"href":"https:\/\/konferencje.umw.edu.pl\/nowoczesnaedukacja2025\/wp-json\/wp\/v2\/media?parent=300"}],"curies":[{"name":"wp","href":"https:\/\/api.w.org\/{rel}","templated":true}]}}