{"id":56,"date":"2022-12-19T14:05:36","date_gmt":"2022-12-19T13:05:36","guid":{"rendered":"https:\/\/konferencje.umw.edu.pl\/nowoczesnaedukacja2025\/?page_id=56"},"modified":"2025-04-25T13:40:08","modified_gmt":"2025-04-25T11:40:08","slug":"komitet-organizacyjny","status":"publish","type":"page","link":"https:\/\/konferencje.umw.edu.pl\/nowoczesnaedukacja2025\/komitet-organizacyjny\/","title":{"rendered":"Konferencja Rektor\u00f3w Akademickich Uczelni Medycznych (KRAUM)"},"content":{"rendered":"<p>Inicjatywa Konferencji Rektor\u00f3w Akademickich Uczelni Medycznych realizowana jest przez przedstawicieli wszystkich uczelni tworz\u0105cych KRAUM. Funkcj\u0119 wykonawcz\u0105 pe\u0142ni komitet organizacyjny w sk\u0142adzie:<\/p>\n<div>\n<div style=\"color: black;flex: 1\">\n<ul>\n<li>prof. dr hab. Agnieszka Piwowar &#8211; przewodnicz\u0105ca<\/li>\n<li>Katarzyna Pa\u015bnik<\/li>\n<li>Monika Knapik-S\u00f3jka<\/li>\n<li>Monika Kowalska<\/li>\n<li>Joanna Kluza<\/li>\n<li>Monika Maziak<\/li>\n<li>Monika Zawisza<\/li>\n<li>Magdalena Szyma\u0144ska-Padniewska<\/li>\n<li>Aneta Bawiec<\/li>\n<li>Adrian Ma\u0107kowiak<\/li>\n<li>Pawe\u0142 Szcze\u015bniak<\/li>\n<li>Magdalena R\u00f3\u017cyc<\/li>\n<li>Julia Go\u0142banowa<\/li>\n<\/ul>\n<p>Konferencja organizowana jest we wsp\u00f3\u0142pracy z Fundacj\u0105 Uniwersytetu Medycznego we Wroc\u0142awiu<\/p>\n<\/div>\n<div style=\"flex: 1\"><img loading=\"lazy\" decoding=\"async\" class=\"wp-image-504 size-medium aligncenter\" style=\"margin-top: 100px\" src=\"https:\/\/konferencje.umw.edu.pl\/nowoczesnaedukacja2025\/wp-content\/uploads\/sites\/34\/2023\/03\/organizatorzy-300x293.png\" alt=\"Organizatorzy\" width=\"300\" height=\"293\" srcset=\"https:\/\/konferencje.umw.edu.pl\/nowoczesnaedukacja2025\/wp-content\/uploads\/sites\/34\/2023\/03\/organizatorzy-300x293.png 300w, https:\/\/konferencje.umw.edu.pl\/nowoczesnaedukacja2025\/wp-content\/uploads\/sites\/34\/2023\/03\/organizatorzy-768x750.png 768w, https:\/\/konferencje.umw.edu.pl\/nowoczesnaedukacja2025\/wp-content\/uploads\/sites\/34\/2023\/03\/organizatorzy.png 813w\" sizes=\"auto, (max-width: 300px) 100vw, 300px\" \/><\/div>\n<\/div>\n","protected":false},"excerpt":{"rendered":"<p>Inicjatywa Konferencji Rektor\u00f3w Akademickich Uczelni Medycznych realizowana jest przez przedstawicieli wszystkich uczelni tworz\u0105cych KRAUM. Funkcj\u0119 wykonawcz\u0105 pe\u0142ni komitet organizacyjny w sk\u0142adzie: prof. dr hab. Agnieszka Piwowar &#8211; przewodnicz\u0105ca Katarzyna Pa\u015bnik Monika Knapik-S\u00f3jka Monika Kowalska Joanna Kluza Monika Maziak Monika Zawisza Magdalena Szyma\u0144ska-Padniewska Aneta Bawiec Adrian Ma\u0107kowiak Pawe\u0142 Szcze\u015bniak Magdalena R\u00f3\u017cyc Julia Go\u0142banowa Konferencja organizowana jest<\/p>\n<div><a class=\"btn-filled btn\" href=\"https:\/\/konferencje.umw.edu.pl\/nowoczesnaedukacja2025\/komitet-organizacyjny\/\" title=\"Konferencja Rektor\u00f3w Akademickich Uczelni Medycznych (KRAUM)\">Dowiedz si\u0119 wi\u0119cej<\/a><\/div>\n","protected":false},"author":1,"featured_media":0,"parent":0,"menu_order":0,"comment_status":"closed","ping_status":"closed","template":"","meta":{"footnotes":""},"class_list":["post-56","page","type-page","status-publish","hentry"],"_links":{"self":[{"href":"https:\/\/konferencje.umw.edu.pl\/nowoczesnaedukacja2025\/wp-json\/wp\/v2\/pages\/56","targetHints":{"allow":["GET"]}}],"collection":[{"href":"https:\/\/konferencje.umw.edu.pl\/nowoczesnaedukacja2025\/wp-json\/wp\/v2\/pages"}],"about":[{"href":"https:\/\/konferencje.umw.edu.pl\/nowoczesnaedukacja2025\/wp-json\/wp\/v2\/types\/page"}],"author":[{"embeddable":true,"href":"https:\/\/konferencje.umw.edu.pl\/nowoczesnaedukacja2025\/wp-json\/wp\/v2\/users\/1"}],"replies":[{"embeddable":true,"href":"https:\/\/konferencje.umw.edu.pl\/nowoczesnaedukacja2025\/wp-json\/wp\/v2\/comments?post=56"}],"version-history":[{"count":28,"href":"https:\/\/konferencje.umw.edu.pl\/nowoczesnaedukacja2025\/wp-json\/wp\/v2\/pages\/56\/revisions"}],"predecessor-version":[{"id":838,"href":"https:\/\/konferencje.umw.edu.pl\/nowoczesnaedukacja2025\/wp-json\/wp\/v2\/pages\/56\/revisions\/838"}],"wp:attachment":[{"href":"https:\/\/konferencje.umw.edu.pl\/nowoczesnaedukacja2025\/wp-json\/wp\/v2\/media?parent=56"}],"curies":[{"name":"wp","href":"https:\/\/api.w.org\/{rel}","templated":true}]}}