{"id":256,"date":"2024-04-24T10:06:07","date_gmt":"2024-04-24T08:06:07","guid":{"rendered":"https:\/\/konferencje.umw.edu.pl\/oncosphere\/?page_id=256"},"modified":"2026-01-10T13:47:31","modified_gmt":"2026-01-10T12:47:31","slug":"dojazd","status":"publish","type":"page","link":"https:\/\/konferencje.umw.edu.pl\/oncosphere\/dojazd\/","title":{"rendered":"JAK DOJECHA\u0106?"},"content":{"rendered":"<p style=\"font-weight: 400\">Konferencja <em>OncoSphere: przysz\u0142o\u015b\u0107 leczenia nowotwor\u00f3w<\/em> odbywa si\u0119 w Centrum Nauki i Sztuki Stara Kopalnia w Wa\u0142brzychu<\/p>\n<p style=\"font-weight: 400\"><strong>ul. Wysockiego 29, 58-304 Wa\u0142brzych<\/strong><\/p>\n<p>&nbsp;<\/p>\n<p style=\"font-weight: 400\"><strong>Dojazd poci\u0105giem \u2013 z dworca PKP<\/strong><\/p>\n<p style=\"font-weight: 400\">Najwygodniejszym punktem dojazdu jest dworzec PKP <strong>Wa\u0142brzych Miasto<\/strong>, po\u0142o\u017cony w niewielkiej odleg\u0142o\u015bci od Starej Kopalni.<\/p>\n<p style=\"font-weight: 400\"><strong>Pieszo (ok. 12\u201315 minut)<\/strong><\/p>\n<p style=\"font-weight: 400\">Po wyj\u015bciu z dworca PKP Wa\u0142brzych Miasto kieruj si\u0119 w stron\u0119 ul. Armii Krajowej.<\/p>\n<p style=\"font-weight: 400\">Nast\u0119pnie skr\u0119\u0107 w ul. Wysockiego i id\u017a prosto w kierunku kompleksu Starej Kopalni.<\/p>\n<p style=\"font-weight: 400\">Charakterystyczne zabudowania dawnej kopalni b\u0119d\u0105 widoczne po lewej stronie.<\/p>\n<p style=\"font-weight: 400\">Wej\u015bcie g\u0142\u00f3wne do Centrum Nauki i Sztuki znajduje si\u0119 od strony ul. Wysockiego.<\/p>\n<p style=\"font-weight: 400\">To najprostsza i najszybsza forma dotarcia na miejsce.<\/p>\n<p style=\"font-weight: 400\"><strong>Taks\u00f3wka\/Bolt<\/strong><\/p>\n<p style=\"font-weight: 400\">Przejazd z dworca PKP Wa\u0142brzych Miasto do Starej Kopalni trwa oko\u0142o 3\u20135 minut.<\/p>\n<p style=\"font-weight: 400\"><strong>Dojazd samochodem<\/strong><\/p>\n<p style=\"font-weight: 400\">Stara Kopalnia jest dobrze oznakowana w mie\u015bcie. Dla uczestnik\u00f3w dost\u0119pne s\u0105 miejsca parkingowe w bezpo\u015brednim s\u0105siedztwie obiektu oraz w okolicznych strefach parkingowych.<\/p>\n<p style=\"font-weight: 400\"><strong>Wskaz\u00f3wka<\/strong><\/p>\n<p style=\"font-weight: 400\">Zalecamy przybycie na miejsce z kilkunastominutowym wyprzedzeniem, aby spokojnie zarejestrowa\u0107 si\u0119 i dotrze\u0107 do odpowiedniej sali.<\/p>\n","protected":false},"excerpt":{"rendered":"<p>Konferencja OncoSphere: przysz\u0142o\u015b\u0107 leczenia nowotwor\u00f3w odbywa si\u0119 w Centrum Nauki i Sztuki Stara Kopalnia w Wa\u0142brzychu ul. Wysockiego 29, 58-304 Wa\u0142brzych &nbsp; Dojazd poci\u0105giem \u2013 z dworca PKP Najwygodniejszym punktem dojazdu jest dworzec PKP Wa\u0142brzych Miasto, po\u0142o\u017cony w niewielkiej odleg\u0142o\u015bci od Starej Kopalni. Pieszo (ok. 12\u201315 minut) Po wyj\u015bciu z dworca PKP Wa\u0142brzych Miasto kieruj<\/p>\n<div><a class=\"btn-filled btn\" href=\"https:\/\/konferencje.umw.edu.pl\/oncosphere\/dojazd\/\" title=\"JAK DOJECHA\u0106?\">Dowiedz si\u0119 wi\u0119cej<\/a><\/div>\n","protected":false},"author":1,"featured_media":0,"parent":0,"menu_order":0,"comment_status":"closed","ping_status":"closed","template":"","meta":{"footnotes":""},"class_list":["post-256","page","type-page","status-publish","hentry"],"_links":{"self":[{"href":"https:\/\/konferencje.umw.edu.pl\/oncosphere\/wp-json\/wp\/v2\/pages\/256","targetHints":{"allow":["GET"]}}],"collection":[{"href":"https:\/\/konferencje.umw.edu.pl\/oncosphere\/wp-json\/wp\/v2\/pages"}],"about":[{"href":"https:\/\/konferencje.umw.edu.pl\/oncosphere\/wp-json\/wp\/v2\/types\/page"}],"author":[{"embeddable":true,"href":"https:\/\/konferencje.umw.edu.pl\/oncosphere\/wp-json\/wp\/v2\/users\/1"}],"replies":[{"embeddable":true,"href":"https:\/\/konferencje.umw.edu.pl\/oncosphere\/wp-json\/wp\/v2\/comments?post=256"}],"version-history":[{"count":27,"href":"https:\/\/konferencje.umw.edu.pl\/oncosphere\/wp-json\/wp\/v2\/pages\/256\/revisions"}],"predecessor-version":[{"id":593,"href":"https:\/\/konferencje.umw.edu.pl\/oncosphere\/wp-json\/wp\/v2\/pages\/256\/revisions\/593"}],"wp:attachment":[{"href":"https:\/\/konferencje.umw.edu.pl\/oncosphere\/wp-json\/wp\/v2\/media?parent=256"}],"curies":[{"name":"wp","href":"https:\/\/api.w.org\/{rel}","templated":true}]}}