{"id":518,"date":"2026-01-09T10:53:47","date_gmt":"2026-01-09T09:53:47","guid":{"rendered":"https:\/\/konferencje.umw.edu.pl\/oncosphere\/?page_id=518"},"modified":"2026-01-09T17:58:35","modified_gmt":"2026-01-09T16:58:35","slug":"komitet-organizacyjny","status":"publish","type":"page","link":"https:\/\/konferencje.umw.edu.pl\/oncosphere\/komitet-organizacyjny\/","title":{"rendered":"KOMITET ORGANIZACYJNY"},"content":{"rendered":"<p style=\"font-weight: 400\">Komitet Organizacyjny konferencji <em>OncoSphere: przysz\u0142o\u015b\u0107 leczenia nowotwor\u00f3w<\/em> odpowiada za przygotowanie, koordynacj\u0119 oraz sprawny przebieg wydarzenia. Jego zadaniem jest po\u0142\u0105czenie wysokich standard\u00f3w merytorycznych z dopracowan\u0105 organizacj\u0105, tak aby konferencja stanowi\u0142a warto\u015bciowe i inspiruj\u0105ce do\u015bwiadczenie dla wszystkich uczestnik\u00f3w.<\/p>\n<p style=\"font-weight: 400\">W sk\u0142ad Komitetu Organizacyjnego wchodz\u0105 przedstawiciele \u015brodowiska akademickiego, klinicznego oraz studenckiego, \u0142\u0105cz\u0105cy do\u015bwiadczenie naukowe z zaanga\u017cowaniem w rozw\u00f3j innowacyjnych inicjatyw w onkologii.<\/p>\n<p style=\"font-weight: 400\"><strong>Sk\u0142ad Komitetu Organizacyjnego<\/strong><\/p>\n<p style=\"font-weight: 400\"><em>prof. dr hab. n. med. Aleksandra Butrym<\/em><\/p>\n<p style=\"font-weight: 400\">Specjalistka hematologii i onkologii klinicznej, aktywnie wspieraj\u0105ca inicjatywy naukowe i edukacyjne. W Komitecie Organizacyjnym pe\u0142ni rol\u0119 mentorsk\u0105, czuwaj\u0105c nad sp\u00f3jno\u015bci\u0105 wizji konferencji oraz jej wysokim poziomem merytorycznym.<\/p>\n<p style=\"font-weight: 400\"><em>dr n. med. Marcin Soko\u0142owski<\/em><\/p>\n<p style=\"font-weight: 400\">Lekarz onkolog kliniczny i badacz, zaanga\u017cowany w organizacj\u0119 cz\u0119\u015bci naukowej konferencji oraz procesy zwi\u0105zane z ocen\u0105 i kwalifikacj\u0105 prac. Wnosi do\u015bwiadczenie w zakresie nowoczesnych terapii oraz analizy danych klinicznych.<\/p>\n<p style=\"font-weight: 400\"><em>mgr farm. Tomasz Buczek<\/em><\/p>\n<p style=\"font-weight: 400\">Farmaceuta i g\u0142\u00f3wny koordynator organizacyjny konferencji. Odpowiada za logistyk\u0119 wydarzenia, komunikacj\u0119 oraz wsp\u00f3\u0142prac\u0119 pomi\u0119dzy Komitetem Naukowym, prelegentami i uczestnikami. Inicjator i wsp\u00f3\u0142tw\u00f3rca koncepcji konferencji <em>OncoSphere<\/em>.<\/p>\n<p style=\"font-weight: 400\"><em>Studenckie Ko\u0142o Naukowe Innowacji w Onkologii OncoVision<\/em><\/p>\n<p style=\"font-weight: 400\">Zesp\u00f3\u0142 student\u00f3w zaanga\u017cowanych w rozw\u00f3j innowacyjnych projekt\u00f3w naukowych i edukacyjnych w obszarze onkologii. Cz\u0142onkowie Ko\u0142a aktywnie wspieraj\u0105 organizacj\u0119 konferencji, komunikacj\u0119 z uczestnikami oraz dzia\u0142ania promuj\u0105ce m\u0142od\u0105 nauk\u0119.<\/p>\n<p style=\"font-weight: 400\"><em>Uniwersytet Medyczny im. Piast\u00f3w \u015al\u0105skich we Wroc\u0142awiu<\/em><br \/>\n<em>Filia w Wa\u0142brzychu<\/em><\/p>\n<p style=\"font-weight: 400\">Instytucja akademicka wspieraj\u0105ca konferencj\u0119 organizacyjnie i merytorycznie, tworz\u0105ca przestrze\u0144 do rozwoju inicjatyw naukowych oraz wsp\u00f3\u0142pracy pomi\u0119dzy studentami, lekarzami i badaczami.<\/p>\n","protected":false},"excerpt":{"rendered":"<p>Komitet Organizacyjny konferencji OncoSphere: przysz\u0142o\u015b\u0107 leczenia nowotwor\u00f3w odpowiada za przygotowanie, koordynacj\u0119 oraz sprawny przebieg wydarzenia. Jego zadaniem jest po\u0142\u0105czenie wysokich standard\u00f3w merytorycznych z dopracowan\u0105 organizacj\u0105, tak aby konferencja stanowi\u0142a warto\u015bciowe i inspiruj\u0105ce do\u015bwiadczenie dla wszystkich uczestnik\u00f3w. W sk\u0142ad Komitetu Organizacyjnego wchodz\u0105 przedstawiciele \u015brodowiska akademickiego, klinicznego oraz studenckiego, \u0142\u0105cz\u0105cy do\u015bwiadczenie naukowe z zaanga\u017cowaniem w rozw\u00f3j innowacyjnych<\/p>\n<div><a class=\"btn-filled btn\" href=\"https:\/\/konferencje.umw.edu.pl\/oncosphere\/komitet-organizacyjny\/\" title=\"KOMITET ORGANIZACYJNY\">Dowiedz si\u0119 wi\u0119cej<\/a><\/div>\n","protected":false},"author":1,"featured_media":0,"parent":0,"menu_order":0,"comment_status":"closed","ping_status":"closed","template":"","meta":{"footnotes":""},"class_list":["post-518","page","type-page","status-publish","hentry"],"_links":{"self":[{"href":"https:\/\/konferencje.umw.edu.pl\/oncosphere\/wp-json\/wp\/v2\/pages\/518","targetHints":{"allow":["GET"]}}],"collection":[{"href":"https:\/\/konferencje.umw.edu.pl\/oncosphere\/wp-json\/wp\/v2\/pages"}],"about":[{"href":"https:\/\/konferencje.umw.edu.pl\/oncosphere\/wp-json\/wp\/v2\/types\/page"}],"author":[{"embeddable":true,"href":"https:\/\/konferencje.umw.edu.pl\/oncosphere\/wp-json\/wp\/v2\/users\/1"}],"replies":[{"embeddable":true,"href":"https:\/\/konferencje.umw.edu.pl\/oncosphere\/wp-json\/wp\/v2\/comments?post=518"}],"version-history":[{"count":3,"href":"https:\/\/konferencje.umw.edu.pl\/oncosphere\/wp-json\/wp\/v2\/pages\/518\/revisions"}],"predecessor-version":[{"id":590,"href":"https:\/\/konferencje.umw.edu.pl\/oncosphere\/wp-json\/wp\/v2\/pages\/518\/revisions\/590"}],"wp:attachment":[{"href":"https:\/\/konferencje.umw.edu.pl\/oncosphere\/wp-json\/wp\/v2\/media?parent=518"}],"curies":[{"name":"wp","href":"https:\/\/api.w.org\/{rel}","templated":true}]}}