{"id":525,"date":"2026-01-09T10:57:26","date_gmt":"2026-01-09T09:57:26","guid":{"rendered":"https:\/\/konferencje.umw.edu.pl\/oncosphere\/?page_id=525"},"modified":"2026-01-09T18:07:03","modified_gmt":"2026-01-09T17:07:03","slug":"oferta-sponsorska","status":"publish","type":"page","link":"https:\/\/konferencje.umw.edu.pl\/oncosphere\/oferta-sponsorska\/","title":{"rendered":"OFERTA SPONSORSKA"},"content":{"rendered":"<p style=\"font-weight: 400\">Konferencja <em>OncoSphere: przysz\u0142o\u015b\u0107 leczenia nowotwor\u00f3w<\/em> to wydarzenie tworzone przez student\u00f3w dla student\u00f3w, skupiaj\u0105ce m\u0142odych naukowc\u00f3w, pasjonat\u00f3w medycyny i onkologii. To wyj\u0105tkowa okazja, aby wesprze\u0107 rozw\u00f3j m\u0142odych talent\u00f3w i nawi\u0105za\u0107 kontakt z przysz\u0142ymi liderami polskiej nauki.<\/p>\n<p style=\"font-weight: 400\"><strong>Dlaczego warto zosta\u0107 sponsorem?<\/strong><\/p>\n<ul>\n<li>Widoczno\u015b\u0107 w \u015brodowisku akademickim \u2013 Twoja marka b\u0119dzie obecna w materia\u0142ach konferencyjnych, na stronie internetowej oraz podczas wydarzenia.<\/li>\n<li>Wsparcie m\u0142odych naukowc\u00f3w \u2013 pomagaj\u0105c w organizacji konferencji, inwestujesz w edukacj\u0119 i rozw\u00f3j przysz\u0142ych specjalist\u00f3w.<\/li>\n<li>Networking i wsp\u00f3\u0142praca \u2013 mo\u017cliwo\u015b\u0107 spotkania student\u00f3w, m\u0142odych badaczy i ekspert\u00f3w z ca\u0142ej Polski, kt\u00f3rzy mog\u0105 sta\u0107 si\u0119 przysz\u0142ymi wsp\u00f3\u0142pracownikami lub ambasadorami Twojej firmy.<\/li>\n<li>Promocja innowacji w medycynie \u2013 udzia\u0142 w wydarzeniu, kt\u00f3re \u0142\u0105czy wiedz\u0119 naukow\u0105 z pasj\u0105 i kreatywno\u015bci\u0105 m\u0142odego pokolenia.<\/li>\n<\/ul>\n<p style=\"font-weight: 400\"><strong>Formy wsp\u00f3\u0142pracy<\/strong><\/p>\n<p style=\"font-weight: 400\">Oferujemy r\u00f3\u017cne poziomy wsparcia, w tym m.in.: umieszczenie logo w materia\u0142ach promocyjnych i konferencyjnych, mo\u017cliwo\u015b\u0107 prezentacji oferty podczas przerw i wydarze\u0144 towarzysz\u0105cych, sponsoring sesji tematycznych, mo\u017cliwo\u015b\u0107 przekazania gad\u017cet\u00f3w lub materia\u0142\u00f3w edukacyjnych uczestnikom konferencji.<\/p>\n<p style=\"font-weight: 400\"><strong>Kontakt<\/strong><\/p>\n<p style=\"font-weight: 400\">Osoby zainteresowane wsparciem konferencji prosimy o kontakt:<\/p>\n<p style=\"font-weight: 400\">\ud83d\udce7 <a href=\"mailto:tomasz.buczek@umw.edu.pl\">tomasz.buczek@umw.edu.pl<\/a><\/p>\n<p style=\"font-weight: 400\">\ud83d\udcde 606\u00a0857\u00a0891<\/p>\n<p style=\"font-weight: 400\">Wspieraj\u0105c <em>OncoSphere<\/em>, stajesz si\u0119 cz\u0119\u015bci\u0105 inspiruj\u0105cego wydarzenia i wspierasz rozw\u00f3j m\u0142odych naukowc\u00f3w w Polsce.<\/p>\n","protected":false},"excerpt":{"rendered":"<p>Konferencja OncoSphere: przysz\u0142o\u015b\u0107 leczenia nowotwor\u00f3w to wydarzenie tworzone przez student\u00f3w dla student\u00f3w, skupiaj\u0105ce m\u0142odych naukowc\u00f3w, pasjonat\u00f3w medycyny i onkologii. To wyj\u0105tkowa okazja, aby wesprze\u0107 rozw\u00f3j m\u0142odych talent\u00f3w i nawi\u0105za\u0107 kontakt z przysz\u0142ymi liderami polskiej nauki. Dlaczego warto zosta\u0107 sponsorem? Widoczno\u015b\u0107 w \u015brodowisku akademickim \u2013 Twoja marka b\u0119dzie obecna w materia\u0142ach konferencyjnych, na stronie internetowej oraz<\/p>\n<div><a class=\"btn-filled btn\" href=\"https:\/\/konferencje.umw.edu.pl\/oncosphere\/oferta-sponsorska\/\" title=\"OFERTA SPONSORSKA\">Dowiedz si\u0119 wi\u0119cej<\/a><\/div>\n","protected":false},"author":1,"featured_media":0,"parent":0,"menu_order":0,"comment_status":"closed","ping_status":"closed","template":"","meta":{"footnotes":""},"class_list":["post-525","page","type-page","status-publish","hentry"],"_links":{"self":[{"href":"https:\/\/konferencje.umw.edu.pl\/oncosphere\/wp-json\/wp\/v2\/pages\/525","targetHints":{"allow":["GET"]}}],"collection":[{"href":"https:\/\/konferencje.umw.edu.pl\/oncosphere\/wp-json\/wp\/v2\/pages"}],"about":[{"href":"https:\/\/konferencje.umw.edu.pl\/oncosphere\/wp-json\/wp\/v2\/types\/page"}],"author":[{"embeddable":true,"href":"https:\/\/konferencje.umw.edu.pl\/oncosphere\/wp-json\/wp\/v2\/users\/1"}],"replies":[{"embeddable":true,"href":"https:\/\/konferencje.umw.edu.pl\/oncosphere\/wp-json\/wp\/v2\/comments?post=525"}],"version-history":[{"count":2,"href":"https:\/\/konferencje.umw.edu.pl\/oncosphere\/wp-json\/wp\/v2\/pages\/525\/revisions"}],"predecessor-version":[{"id":595,"href":"https:\/\/konferencje.umw.edu.pl\/oncosphere\/wp-json\/wp\/v2\/pages\/525\/revisions\/595"}],"wp:attachment":[{"href":"https:\/\/konferencje.umw.edu.pl\/oncosphere\/wp-json\/wp\/v2\/media?parent=525"}],"curies":[{"name":"wp","href":"https:\/\/api.w.org\/{rel}","templated":true}]}}