{"id":636,"date":"2026-01-13T09:12:01","date_gmt":"2026-01-13T08:12:01","guid":{"rendered":"https:\/\/konferencje.umw.edu.pl\/oncosphere\/?page_id=636"},"modified":"2026-03-05T15:50:06","modified_gmt":"2026-03-05T14:50:06","slug":"goscie-specjalni","status":"publish","type":"page","link":"https:\/\/konferencje.umw.edu.pl\/oncosphere\/goscie-specjalni\/","title":{"rendered":"GO\u015aCIE SPECJALNI"},"content":{"rendered":"<p><strong>lek. Ka<span class=\"v1gmail_default\">tarzyna<\/span> Hein-Peters <\/strong><\/p>\n<p>Ka<span class=\"v1gmail_default\">tarzyna<\/span> Hein-Peters jest ekspertk\u0105 w obszarze <span class=\"v1gmail_default\">zarz\u0105dzania\u00a0innowacjami,\u00a0<\/span>rozwoju przyw\u00f3dztwa, komunikacji i pracy zespo\u0142owej, z do\u015bwiadczeniem w pracy z liderami \u015brodowisk naukowych i medycznych. Specjalizuje si\u0119 w budowaniu zaanga\u017cowania, <span class=\"v1gmail_default\">innowacyjnych\u00a0<\/span>u<span class=\"v1gmail_default\">miej\u0119tno\u015bci organizacyjnych<\/span> oraz <span class=\"v1gmail_default\">wdra\u017caniu\u00a0nowych rozwi\u0105za\u0144 w medycynie<\/span>.<\/p>\n<p>W wyk\u0142adzie pt. &#8222;Prze\u0142amywanie barier: horyzonty innowacji w walce z rakiem&#8221; opowie o tym, \u017ce przysz\u0142o\u015b\u0107 onkologii jest nie tylko odkrywana poprzez nowe technologie. Jest tak\u017ce projektowana wok\u00f3\u0142 potrzeb pacjent\u00f3w. W tym ko\u0144cowym przem\u00f3wieniu przyjrzymy si\u0119, w jaki spos\u00f3b \u015bmia\u0142e pomys\u0142y i prze\u0142omowe innowacje zmieniaj\u0105 spos\u00f3b leczenia raka, od nowej moleku\u0142y po ca\u0142kowite wyleczenie. Onkologia przysz\u0142o\u015bci jest nie tylko bardziej precyzyjna \u2013 jest bardziej osobista. To wezwanie do dzia\u0142ania skierowane do nowego pokolenia innowator\u00f3w, aby odwa\u017cnie przewodzili, nieustannie tworzyli i stawiali pacjent\u00f3w w centrum ka\u017cdego prze\u0142omowego rozwi\u0105zania.<\/p>\n<p><strong>Wioletta Samborska<\/strong><\/p>\n<p>Do\u015bwiadczona mened\u017cerka, aktywistka, dyrektorka Centrum Odkry\u0107 Medycznych na Uniwersytecie Medycznym we Wroc\u0142awiu (nowopowstaj\u0105cego interaktywnego o\u015brodka turystyki naukowej, \u0142\u0105cz\u0105cego histori\u0119 medycyny z najnowocze\u015bniejszymi technologiami i medycyn\u0105 przysz\u0142o\u015bci). Do\u015bwiadczenie zawodowe zdobywa\u0142a w turystyce (m.in. dyrektorka Centrum Edukacji Ekologicznej Hydropolis), w finansach (m.in. Krajowy Rejestr D\u0142ug\u00f3w Biuro Informacji Gospodarczej), samorz\u0105dzie (dyrektorka Biura Promocji i Turystyki UM Wroc\u0142aw, CMO MPWIK, wsp\u00f3\u0142tw\u00f3rczyni kampanii <span aria-hidden=\"true\">#<\/span>PijKran\u00f3wk\u0119), edukacji (Uniwersytet Dolno\u015bl\u0105ski), kulturze (Europejska Stolica Kultury) i NGO (Fundacja na Rzecz R\u00f3wno\u015bci). Sze\u015bciokrotnie na li\u015bcie \u201e100 najbardziej wp\u0142ywowych os\u00f3b w polskiej turystyce\u201d (Wasza Turystyka), odznaczona tytu\u0142em \u201eDyrektor Marketingu 2018\u201d (instytucje spo\u0142eczne i organizacje) oraz \u201eLiderka R\u00f3wno\u015bci\u201d w woj. dolno\u015bl\u0105skim (2024) wg Ambasady Wielkiej Brytanii w Warszawie oraz Stowarzyszenia Kongres Kobiet.<\/p>\n<p>W swoim wyst\u0105pieniu poka\u017ce, dlaczego prze\u0142omowe odkrycia i zmiany w medycynie rodz\u0105 si\u0119 tam, gdzie odwaga spotyka si\u0119 z odpowiedzialno\u015bci\u0105 i wizj\u0105.<\/p>\n","protected":false},"excerpt":{"rendered":"<p>lek. Katarzyna Hein-Peters Katarzyna Hein-Peters jest ekspertk\u0105 w obszarze zarz\u0105dzania\u00a0innowacjami,\u00a0rozwoju przyw\u00f3dztwa, komunikacji i pracy zespo\u0142owej, z do\u015bwiadczeniem w pracy z liderami \u015brodowisk naukowych i medycznych. Specjalizuje si\u0119 w budowaniu zaanga\u017cowania, innowacyjnych\u00a0umiej\u0119tno\u015bci organizacyjnych oraz wdra\u017caniu\u00a0nowych rozwi\u0105za\u0144 w medycynie. W wyk\u0142adzie pt. &#8222;Prze\u0142amywanie barier: horyzonty innowacji w walce z rakiem&#8221; opowie o tym, \u017ce przysz\u0142o\u015b\u0107 onkologii jest<\/p>\n<div><a class=\"btn-filled btn\" href=\"https:\/\/konferencje.umw.edu.pl\/oncosphere\/goscie-specjalni\/\" title=\"GO\u015aCIE SPECJALNI\">Dowiedz si\u0119 wi\u0119cej<\/a><\/div>\n","protected":false},"author":1,"featured_media":0,"parent":0,"menu_order":0,"comment_status":"closed","ping_status":"closed","template":"","meta":{"footnotes":""},"class_list":["post-636","page","type-page","status-publish","hentry"],"_links":{"self":[{"href":"https:\/\/konferencje.umw.edu.pl\/oncosphere\/wp-json\/wp\/v2\/pages\/636","targetHints":{"allow":["GET"]}}],"collection":[{"href":"https:\/\/konferencje.umw.edu.pl\/oncosphere\/wp-json\/wp\/v2\/pages"}],"about":[{"href":"https:\/\/konferencje.umw.edu.pl\/oncosphere\/wp-json\/wp\/v2\/types\/page"}],"author":[{"embeddable":true,"href":"https:\/\/konferencje.umw.edu.pl\/oncosphere\/wp-json\/wp\/v2\/users\/1"}],"replies":[{"embeddable":true,"href":"https:\/\/konferencje.umw.edu.pl\/oncosphere\/wp-json\/wp\/v2\/comments?post=636"}],"version-history":[{"count":4,"href":"https:\/\/konferencje.umw.edu.pl\/oncosphere\/wp-json\/wp\/v2\/pages\/636\/revisions"}],"predecessor-version":[{"id":698,"href":"https:\/\/konferencje.umw.edu.pl\/oncosphere\/wp-json\/wp\/v2\/pages\/636\/revisions\/698"}],"wp:attachment":[{"href":"https:\/\/konferencje.umw.edu.pl\/oncosphere\/wp-json\/wp\/v2\/media?parent=636"}],"curies":[{"name":"wp","href":"https:\/\/api.w.org\/{rel}","templated":true}]}}