{"id":1114,"date":"2026-03-24T17:39:31","date_gmt":"2026-03-24T16:39:31","guid":{"rendered":"https:\/\/konferencje.umw.edu.pl\/progressioinfantis\/?page_id=1114"},"modified":"2026-03-24T17:39:31","modified_gmt":"2026-03-24T16:39:31","slug":"professor-bogumila-staniow","status":"publish","type":"page","link":"https:\/\/konferencje.umw.edu.pl\/progressioinfantis\/professor-bogumila-staniow\/","title":{"rendered":"Professor Bogumi\u0142a Stani\u00f3w"},"content":{"rendered":"\n<div class=\"wp-block-columns is-layout-flex wp-container-core-columns-is-layout-2 wp-block-columns-is-layout-flex\">\n<div class=\"wp-block-column is-layout-flow wp-block-column-is-layout-flow\" style=\"flex-basis:100%\">\n<div class=\"wp-block-group is-vertical is-layout-flex wp-container-core-group-is-layout-1 wp-block-group-is-layout-flex\">\n<div class=\"wp-block-columns is-layout-flex wp-container-core-columns-is-layout-1 wp-block-columns-is-layout-flex\">\n<div class=\"wp-block-column is-layout-flow wp-block-column-is-layout-flow\" style=\"flex-basis:33.33%\">\n<figure class=\"wp-block-image size-large is-style-default\"><img loading=\"lazy\" decoding=\"async\" width=\"1024\" height=\"769\" src=\"https:\/\/konferencje.umw.edu.pl\/progressioinfantis\/wp-content\/uploads\/sites\/8\/2026\/03\/P1012279-1024x769.jpg\" alt=\"\" class=\"wp-image-1115\" style=\"aspect-ratio:2\/3;object-fit:cover\" srcset=\"https:\/\/konferencje.umw.edu.pl\/progressioinfantis\/wp-content\/uploads\/sites\/8\/2026\/03\/P1012279-1024x769.jpg 1024w, https:\/\/konferencje.umw.edu.pl\/progressioinfantis\/wp-content\/uploads\/sites\/8\/2026\/03\/P1012279-300x225.jpg 300w, https:\/\/konferencje.umw.edu.pl\/progressioinfantis\/wp-content\/uploads\/sites\/8\/2026\/03\/P1012279-768x577.jpg 768w, https:\/\/konferencje.umw.edu.pl\/progressioinfantis\/wp-content\/uploads\/sites\/8\/2026\/03\/P1012279-1536x1153.jpg 1536w, https:\/\/konferencje.umw.edu.pl\/progressioinfantis\/wp-content\/uploads\/sites\/8\/2026\/03\/P1012279-2048x1537.jpg 2048w, https:\/\/konferencje.umw.edu.pl\/progressioinfantis\/wp-content\/uploads\/sites\/8\/2026\/03\/P1012279-155x116.jpg 155w\" sizes=\"auto, (max-width: 1024px) 100vw, 1024px\" \/><\/figure>\n<\/div>\n\n\n\n<div class=\"wp-block-column is-layout-flow wp-block-column-is-layout-flow\" style=\"flex-basis:66.66%\">\n<p><br>Bogumi\u0142a Stani\u00f3w is a professor at the Institute of Information and Media Science at the University of Wroc\u0142aw. Her research focuses on publishing for children and young people, particularly popular science books, magazines, translation reception, and school librarianship. She is the author and co-author of five books \u2014 including A Popular Science Book for Children and Young People in Polish Schools in the Years 1945\u20131989 (2018) \u2014 as well as over 100 scientific articles. Her current interests include how topics such as health and illness are presented in children\u2019s literature and periodicals. She is also currently researching the issue of ideological indoctrination of children and young people in magazines during the Polish People\u2019s Republic.<\/p>\n<\/div>\n<\/div>\n<\/div>\n<\/div>\n<\/div>\n","protected":false},"excerpt":{"rendered":"<p>Bogumi\u0142a Stani\u00f3w is a professor at the Institute of Information and Media Science at the University of Wroc\u0142aw. Her research focuses on publishing for children and young people, particularly popular science books, magazines, translation reception, and school librarianship. She is the author and co-author of five books \u2014 including A Popular Science Book for Children<\/p>\n<div><a class=\"btn-filled btn\" href=\"https:\/\/konferencje.umw.edu.pl\/progressioinfantis\/professor-bogumila-staniow\/\" title=\"Professor Bogumi\u0142a Stani\u00f3w\">Dowiedz si\u0119 wi\u0119cej<\/a><\/div>\n","protected":false},"author":17,"featured_media":0,"parent":0,"menu_order":0,"comment_status":"closed","ping_status":"closed","template":"","meta":{"footnotes":""},"class_list":["post-1114","page","type-page","status-publish","hentry"],"jetpack_sharing_enabled":true,"_links":{"self":[{"href":"https:\/\/konferencje.umw.edu.pl\/progressioinfantis\/wp-json\/wp\/v2\/pages\/1114","targetHints":{"allow":["GET"]}}],"collection":[{"href":"https:\/\/konferencje.umw.edu.pl\/progressioinfantis\/wp-json\/wp\/v2\/pages"}],"about":[{"href":"https:\/\/konferencje.umw.edu.pl\/progressioinfantis\/wp-json\/wp\/v2\/types\/page"}],"author":[{"embeddable":true,"href":"https:\/\/konferencje.umw.edu.pl\/progressioinfantis\/wp-json\/wp\/v2\/users\/17"}],"replies":[{"embeddable":true,"href":"https:\/\/konferencje.umw.edu.pl\/progressioinfantis\/wp-json\/wp\/v2\/comments?post=1114"}],"version-history":[{"count":3,"href":"https:\/\/konferencje.umw.edu.pl\/progressioinfantis\/wp-json\/wp\/v2\/pages\/1114\/revisions"}],"predecessor-version":[{"id":1118,"href":"https:\/\/konferencje.umw.edu.pl\/progressioinfantis\/wp-json\/wp\/v2\/pages\/1114\/revisions\/1118"}],"wp:attachment":[{"href":"https:\/\/konferencje.umw.edu.pl\/progressioinfantis\/wp-json\/wp\/v2\/media?parent=1114"}],"curies":[{"name":"wp","href":"https:\/\/api.w.org\/{rel}","templated":true}]}}