{"id":1159,"date":"2026-04-16T15:18:46","date_gmt":"2026-04-16T13:18:46","guid":{"rendered":"https:\/\/konferencje.umw.edu.pl\/progressioinfantis\/?page_id=1159"},"modified":"2026-04-16T15:18:46","modified_gmt":"2026-04-16T13:18:46","slug":"dr-iwona-chorazewska","status":"publish","type":"page","link":"https:\/\/konferencje.umw.edu.pl\/progressioinfantis\/dr-iwona-chorazewska\/","title":{"rendered":"Dr Iwona Chor\u0105\u017cewska"},"content":{"rendered":"\n<div class=\"wp-block-columns is-layout-flex wp-container-core-columns-is-layout-1 wp-block-columns-is-layout-flex\">\n<div class=\"wp-block-column is-layout-flow wp-block-column-is-layout-flow\" style=\"flex-basis:33.33%\">\n<figure class=\"wp-block-image size-large\"><img loading=\"lazy\" decoding=\"async\" width=\"768\" height=\"1024\" src=\"https:\/\/konferencje.umw.edu.pl\/progressioinfantis\/wp-content\/uploads\/sites\/8\/2026\/04\/IMG_8568-768x1024.jpeg\" alt=\"\" class=\"wp-image-1160\" srcset=\"https:\/\/konferencje.umw.edu.pl\/progressioinfantis\/wp-content\/uploads\/sites\/8\/2026\/04\/IMG_8568-768x1024.jpeg 768w, https:\/\/konferencje.umw.edu.pl\/progressioinfantis\/wp-content\/uploads\/sites\/8\/2026\/04\/IMG_8568-225x300.jpeg 225w, https:\/\/konferencje.umw.edu.pl\/progressioinfantis\/wp-content\/uploads\/sites\/8\/2026\/04\/IMG_8568-1152x1536.jpeg 1152w, https:\/\/konferencje.umw.edu.pl\/progressioinfantis\/wp-content\/uploads\/sites\/8\/2026\/04\/IMG_8568-1536x2048.jpeg 1536w, https:\/\/konferencje.umw.edu.pl\/progressioinfantis\/wp-content\/uploads\/sites\/8\/2026\/04\/IMG_8568-87x116.jpeg 87w, https:\/\/konferencje.umw.edu.pl\/progressioinfantis\/wp-content\/uploads\/sites\/8\/2026\/04\/IMG_8568-scaled.jpeg 1920w\" sizes=\"auto, (max-width: 768px) 100vw, 768px\" \/><\/figure>\n<\/div>\n\n\n\n<div class=\"wp-block-column is-layout-flow wp-block-column-is-layout-flow\" style=\"flex-basis:66.66%\">\n<p>Dr Iwona Chor\u0105\u017cewska is a physiotherapist and lecturer at Wroc\u0142aw Medical University, specialising in early infant diagnostics and neurodevelopmental assessment. She earned her PhD with research focused on the comparative effectiveness of Prechtl\u2019s General Movements Assessment and the Munich Functional Developmental Diagnostics in early infancy. She is the author of BABYZOOM\u00a9 \u2014 an innovative, clinically oriented concept for infant assessment and developmental support, widely used in professional practice. Dr Chor\u0105\u017cewska is also the founder of a pediatric rehabilitation center in Wroc\u0142aw and a member of the Ethics Committee for Scientific Research of Physiotherapists at the Polish Physiotherapy Association. Her work combines scientific research with practical application, supporting clinicians in early detection and intervention in infant development.<\/p>\n<\/div>\n<\/div>\n","protected":false},"excerpt":{"rendered":"<p>Dr Iwona Chor\u0105\u017cewska is a physiotherapist and lecturer at Wroc\u0142aw Medical University, specialising in early infant diagnostics and neurodevelopmental assessment. She earned her PhD with research focused on the comparative effectiveness of Prechtl\u2019s General Movements Assessment and the Munich Functional Developmental Diagnostics in early infancy. She is the author of BABYZOOM\u00a9 \u2014 an innovative, clinically<\/p>\n<div><a class=\"btn-filled btn\" href=\"https:\/\/konferencje.umw.edu.pl\/progressioinfantis\/dr-iwona-chorazewska\/\" title=\"Dr Iwona Chor\u0105\u017cewska\">Dowiedz si\u0119 wi\u0119cej<\/a><\/div>\n","protected":false},"author":17,"featured_media":0,"parent":0,"menu_order":0,"comment_status":"closed","ping_status":"closed","template":"","meta":{"footnotes":""},"class_list":["post-1159","page","type-page","status-publish","hentry"],"jetpack_sharing_enabled":true,"_links":{"self":[{"href":"https:\/\/konferencje.umw.edu.pl\/progressioinfantis\/wp-json\/wp\/v2\/pages\/1159","targetHints":{"allow":["GET"]}}],"collection":[{"href":"https:\/\/konferencje.umw.edu.pl\/progressioinfantis\/wp-json\/wp\/v2\/pages"}],"about":[{"href":"https:\/\/konferencje.umw.edu.pl\/progressioinfantis\/wp-json\/wp\/v2\/types\/page"}],"author":[{"embeddable":true,"href":"https:\/\/konferencje.umw.edu.pl\/progressioinfantis\/wp-json\/wp\/v2\/users\/17"}],"replies":[{"embeddable":true,"href":"https:\/\/konferencje.umw.edu.pl\/progressioinfantis\/wp-json\/wp\/v2\/comments?post=1159"}],"version-history":[{"count":1,"href":"https:\/\/konferencje.umw.edu.pl\/progressioinfantis\/wp-json\/wp\/v2\/pages\/1159\/revisions"}],"predecessor-version":[{"id":1161,"href":"https:\/\/konferencje.umw.edu.pl\/progressioinfantis\/wp-json\/wp\/v2\/pages\/1159\/revisions\/1161"}],"wp:attachment":[{"href":"https:\/\/konferencje.umw.edu.pl\/progressioinfantis\/wp-json\/wp\/v2\/media?parent=1159"}],"curies":[{"name":"wp","href":"https:\/\/api.w.org\/{rel}","templated":true}]}}