{"id":1657,"date":"2025-03-20T19:25:37","date_gmt":"2025-03-20T18:25:37","guid":{"rendered":"https:\/\/konferencje.umw.edu.pl\/psewroclaw2025\/?page_id=1657"},"modified":"2025-06-01T13:10:47","modified_gmt":"2025-06-01T11:10:47","slug":"honorary-lectures","status":"publish","type":"page","link":"https:\/\/konferencje.umw.edu.pl\/psewroclaw2025\/honorary-lectures\/","title":{"rendered":"Invited Speakers"},"content":{"rendered":"<p>Our conference brings together distinguished experts in phytochemistry and related disciplines, offering a unique platform for groundbreaking discussions and knowledge exchange. The honorary lectures feature renowned scientists whose contributions have shaped the fields of natural products research, molecular biology, pharmacology, biotechnology, and more. These lectures provide valuable insights into the past, present, and future of phytochemical studies, highlighting innovative approaches, emerging challenges, and interdisciplinary perspectives. Join us and celebrate the achievements of leading researchers and explore the frontiers of phytochemistry.<\/p>\n<div class=\"czzyk XOEbc\">\n<div id=\"D6C355F0-45C0-49BF-904F-C8D3C8E5F437\" class=\"F0uyec\" role=\"button\" data-viewer-entrypoint=\"1\" data-vhid=\"2kfBVk-I202O1M\">\n<div>\n<h2>Invited speakers<\/h2>\n<div class=\"H8Rx8c\">\n<div id='gallery-1' class='gallery galleryid-1657 gallery-columns-3 gallery-size-thumbnail'><figure class='gallery-item'>\n\t\t\t<div class='gallery-icon portrait'>\n\t\t\t\t<a href='https:\/\/konferencje.umw.edu.pl\/psewroclaw2025\/honorary-lectures\/bucar_0107_portrait\/'><img loading=\"lazy\" decoding=\"async\" width=\"150\" height=\"150\" src=\"https:\/\/konferencje.umw.edu.pl\/psewroclaw2025\/wp-content\/uploads\/sites\/25\/2025\/03\/Bucar_0107_Portrait-150x150.jpg\" class=\"attachment-thumbnail size-thumbnail\" alt=\"\" aria-describedby=\"gallery-1-1682\" \/><\/a>\n\t\t\t<\/div>\n\t\t\t\t<figcaption class='wp-caption-text gallery-caption' id='gallery-1-1682'>\n\t\t\t\tFranz Bucar (University of Graz, Austria)\n\t\t\t\t<\/figcaption><\/figure><figure class='gallery-item'>\n\t\t\t<div class='gallery-icon portrait'>\n\t\t\t\t<a href='https:\/\/konferencje.umw.edu.pl\/psewroclaw2025\/honorary-lectures\/lucie-cahlikova\/'><img loading=\"lazy\" decoding=\"async\" width=\"120\" height=\"150\" src=\"https:\/\/konferencje.umw.edu.pl\/psewroclaw2025\/wp-content\/uploads\/sites\/25\/2025\/03\/Lucie-Cahlikova-120x150.jpg\" class=\"attachment-thumbnail size-thumbnail\" alt=\"\" aria-describedby=\"gallery-1-1665\" \/><\/a>\n\t\t\t<\/div>\n\t\t\t\t<figcaption class='wp-caption-text gallery-caption' id='gallery-1-1665'>\n\t\t\t\tLucie Cahlikova (Charles University, Czech Republic)\n\t\t\t\t<\/figcaption><\/figure><figure class='gallery-item'>\n\t\t\t<div class='gallery-icon landscape'>\n\t\t\t\t<a href='https:\/\/konferencje.umw.edu.pl\/psewroclaw2025\/honorary-lectures\/maria-jose-umbelino-ferreira\/'><img loading=\"lazy\" decoding=\"async\" width=\"150\" height=\"150\" src=\"https:\/\/konferencje.umw.edu.pl\/psewroclaw2025\/wp-content\/uploads\/sites\/25\/2025\/03\/Maria-Jose-Umbelino-Ferreira-150x150.jpg\" class=\"attachment-thumbnail size-thumbnail\" alt=\"\" aria-describedby=\"gallery-1-1666\" srcset=\"https:\/\/konferencje.umw.edu.pl\/psewroclaw2025\/wp-content\/uploads\/sites\/25\/2025\/03\/Maria-Jose-Umbelino-Ferreira-150x150.jpg 150w, https:\/\/konferencje.umw.edu.pl\/psewroclaw2025\/wp-content\/uploads\/sites\/25\/2025\/03\/Maria-Jose-Umbelino-Ferreira-116x116.jpg 116w, https:\/\/konferencje.umw.edu.pl\/psewroclaw2025\/wp-content\/uploads\/sites\/25\/2025\/03\/Maria-Jose-Umbelino-Ferreira.jpg 300w\" sizes=\"auto, (max-width: 150px) 100vw, 150px\" \/><\/a>\n\t\t\t<\/div>\n\t\t\t\t<figcaption class='wp-caption-text gallery-caption' id='gallery-1-1666'>\n\t\t\t\tMaria Jos\u00e9 Umbelino Ferreira (Instituto de Investiga\u00e7\u00e3o do Medicamento, Portugal) \n\t\t\t\t<\/figcaption><\/figure><figure class='gallery-item'>\n\t\t\t<div class='gallery-icon landscape'>\n\t\t\t\t<a href='https:\/\/konferencje.umw.edu.pl\/psewroclaw2025\/honorary-lectures\/stefan-martens\/'><img loading=\"lazy\" decoding=\"async\" width=\"150\" height=\"150\" src=\"https:\/\/konferencje.umw.edu.pl\/psewroclaw2025\/wp-content\/uploads\/sites\/25\/2025\/03\/Stefan-Martens-150x150.jpg\" class=\"attachment-thumbnail size-thumbnail\" alt=\"\" aria-describedby=\"gallery-1-1668\" srcset=\"https:\/\/konferencje.umw.edu.pl\/psewroclaw2025\/wp-content\/uploads\/sites\/25\/2025\/03\/Stefan-Martens-150x150.jpg 150w, https:\/\/konferencje.umw.edu.pl\/psewroclaw2025\/wp-content\/uploads\/sites\/25\/2025\/03\/Stefan-Martens-116x116.jpg 116w, https:\/\/konferencje.umw.edu.pl\/psewroclaw2025\/wp-content\/uploads\/sites\/25\/2025\/03\/Stefan-Martens.jpg 200w\" sizes=\"auto, (max-width: 150px) 100vw, 150px\" \/><\/a>\n\t\t\t<\/div>\n\t\t\t\t<figcaption class='wp-caption-text gallery-caption' id='gallery-1-1668'>\n\t\t\t\tStefan Martens (Research and Innovation Centre Edmund Mach Foundation, Italy)\n\t\t\t\t<\/figcaption><\/figure><figure class='gallery-item'>\n\t\t\t<div class='gallery-icon landscape'>\n\t\t\t\t<a href='https:\/\/konferencje.umw.edu.pl\/psewroclaw2025\/honorary-lectures\/celine-riviere\/'><img loading=\"lazy\" decoding=\"async\" width=\"150\" height=\"150\" src=\"https:\/\/konferencje.umw.edu.pl\/psewroclaw2025\/wp-content\/uploads\/sites\/25\/2025\/03\/Celine-Riviere-150x150.jpg\" class=\"attachment-thumbnail size-thumbnail\" alt=\"\" aria-describedby=\"gallery-1-1660\" srcset=\"https:\/\/konferencje.umw.edu.pl\/psewroclaw2025\/wp-content\/uploads\/sites\/25\/2025\/03\/Celine-Riviere-150x150.jpg 150w, https:\/\/konferencje.umw.edu.pl\/psewroclaw2025\/wp-content\/uploads\/sites\/25\/2025\/03\/Celine-Riviere-116x116.jpg 116w, https:\/\/konferencje.umw.edu.pl\/psewroclaw2025\/wp-content\/uploads\/sites\/25\/2025\/03\/Celine-Riviere.jpg 300w\" sizes=\"auto, (max-width: 150px) 100vw, 150px\" \/><\/a>\n\t\t\t<\/div>\n\t\t\t\t<figcaption class='wp-caption-text gallery-caption' id='gallery-1-1660'>\n\t\t\t\tCeline Riviere (Universit\u00e9 de Lille, France) \n\t\t\t\t<\/figcaption><\/figure><figure class='gallery-item'>\n\t\t\t<div class='gallery-icon landscape'>\n\t\t\t\t<a href='https:\/\/konferencje.umw.edu.pl\/psewroclaw2025\/honorary-lectures\/satyajit-sarker\/'><img loading=\"lazy\" decoding=\"async\" width=\"150\" height=\"150\" src=\"https:\/\/konferencje.umw.edu.pl\/psewroclaw2025\/wp-content\/uploads\/sites\/25\/2025\/03\/Satyajit-Sarker-150x150.jpg\" class=\"attachment-thumbnail size-thumbnail\" alt=\"\" aria-describedby=\"gallery-1-1667\" srcset=\"https:\/\/konferencje.umw.edu.pl\/psewroclaw2025\/wp-content\/uploads\/sites\/25\/2025\/03\/Satyajit-Sarker-150x150.jpg 150w, https:\/\/konferencje.umw.edu.pl\/psewroclaw2025\/wp-content\/uploads\/sites\/25\/2025\/03\/Satyajit-Sarker-300x300.jpg 300w, https:\/\/konferencje.umw.edu.pl\/psewroclaw2025\/wp-content\/uploads\/sites\/25\/2025\/03\/Satyajit-Sarker-116x116.jpg 116w, https:\/\/konferencje.umw.edu.pl\/psewroclaw2025\/wp-content\/uploads\/sites\/25\/2025\/03\/Satyajit-Sarker.jpg 350w\" sizes=\"auto, (max-width: 150px) 100vw, 150px\" \/><\/a>\n\t\t\t<\/div>\n\t\t\t\t<figcaption class='wp-caption-text gallery-caption' id='gallery-1-1667'>\n\t\t\t\tSatyajit Sarker (Liverpool John Moores University, UK)\n\t\t\t\t<\/figcaption><\/figure><figure class='gallery-item'>\n\t\t\t<div class='gallery-icon portrait'>\n\t\t\t\t<a href='https:\/\/konferencje.umw.edu.pl\/psewroclaw2025\/honorary-lectures\/dr-maike-saul-tu-darmstadt\/'><img loading=\"lazy\" decoding=\"async\" width=\"150\" height=\"150\" src=\"https:\/\/konferencje.umw.edu.pl\/psewroclaw2025\/wp-content\/uploads\/sites\/25\/2025\/04\/heribert_warzecha_small-2-150x150.jpg\" class=\"attachment-thumbnail size-thumbnail\" alt=\"\" aria-describedby=\"gallery-1-1692\" \/><\/a>\n\t\t\t<\/div>\n\t\t\t\t<figcaption class='wp-caption-text gallery-caption' id='gallery-1-1692'>\n\t\t\t\tHeribert Warzecha (Technical University of Darmstadt, Germany)\n\t\t\t\t<\/figcaption><\/figure><figure class='gallery-item'>\n\t\t\t<div class='gallery-icon portrait'>\n\t\t\t\t<a href='https:\/\/konferencje.umw.edu.pl\/psewroclaw2025\/honorary-lectures\/christian-zidorn\/'><img loading=\"lazy\" decoding=\"async\" width=\"150\" height=\"150\" src=\"https:\/\/konferencje.umw.edu.pl\/psewroclaw2025\/wp-content\/uploads\/sites\/25\/2025\/03\/Christian-Zidorn-150x150.jpg\" class=\"attachment-thumbnail size-thumbnail\" alt=\"\" aria-describedby=\"gallery-1-1661\" \/><\/a>\n\t\t\t<\/div>\n\t\t\t\t<figcaption class='wp-caption-text gallery-caption' id='gallery-1-1661'>\n\t\t\t\tChristian Zidorn (Kiel University, Germany)\n\t\t\t\t<\/figcaption><\/figure><figure class='gallery-item'>\n\t\t\t<div class='gallery-icon portrait'>\n\t\t\t\t<a href='https:\/\/konferencje.umw.edu.pl\/psewroclaw2025\/honorary-lectures\/soren-bak\/'><img loading=\"lazy\" decoding=\"async\" width=\"150\" height=\"150\" src=\"https:\/\/konferencje.umw.edu.pl\/psewroclaw2025\/wp-content\/uploads\/sites\/25\/2025\/04\/Soren-Bak-150x150.jpg\" class=\"attachment-thumbnail size-thumbnail\" alt=\"\" aria-describedby=\"gallery-1-1751\" \/><\/a>\n\t\t\t<\/div>\n\t\t\t\t<figcaption class='wp-caption-text gallery-caption' id='gallery-1-1751'>\n\t\t\t\tS\u00f8ren Bak (University of Copenhagen, Denmark)\n\t\t\t\t<\/figcaption><\/figure><figure class='gallery-item'>\n\t\t\t<div class='gallery-icon portrait'>\n\t\t\t\t<a href='https:\/\/konferencje.umw.edu.pl\/psewroclaw2025\/honorary-lectures\/photo-2025-famacias\/'><img loading=\"lazy\" decoding=\"async\" width=\"150\" height=\"150\" src=\"https:\/\/konferencje.umw.edu.pl\/psewroclaw2025\/wp-content\/uploads\/sites\/25\/2025\/05\/PHOTO-2025-FAMACIAS-150x150.jpg\" class=\"attachment-thumbnail size-thumbnail\" alt=\"\" aria-describedby=\"gallery-1-1831\" \/><\/a>\n\t\t\t<\/div>\n\t\t\t\t<figcaption class='wp-caption-text gallery-caption' id='gallery-1-1831'>\n\t\t\t\tFrancisco Macias (University of Cadiz, Spain)\n\t\t\t\t<\/figcaption><\/figure><figure class='gallery-item'>\n\t\t\t<div class='gallery-icon portrait'>\n\t\t\t\t<a href='https:\/\/konferencje.umw.edu.pl\/psewroclaw2025\/honorary-lectures\/obraz_2025-05-28_120043211\/'><img loading=\"lazy\" decoding=\"async\" width=\"150\" height=\"150\" src=\"https:\/\/konferencje.umw.edu.pl\/psewroclaw2025\/wp-content\/uploads\/sites\/25\/2025\/05\/obraz_2025-05-28_120043211-e1748426456307-150x150.png\" class=\"attachment-thumbnail size-thumbnail\" alt=\"\" aria-describedby=\"gallery-1-1842\" \/><\/a>\n\t\t\t<\/div>\n\t\t\t\t<figcaption class='wp-caption-text gallery-caption' id='gallery-1-1842'>\n\t\t\t\tChang-Jun Liu (Brookhaven National Laboratory, NY, USA)\n\t\t\t\t<\/figcaption><\/figure><figure class='gallery-item'>\n\t\t\t<div class='gallery-icon landscape'>\n\t\t\t\t<a href='https:\/\/konferencje.umw.edu.pl\/psewroclaw2025\/honorary-lectures\/obraz_2025-05-28_120233944\/'><img loading=\"lazy\" decoding=\"async\" width=\"150\" height=\"150\" src=\"https:\/\/konferencje.umw.edu.pl\/psewroclaw2025\/wp-content\/uploads\/sites\/25\/2025\/05\/obraz_2025-05-28_120233944-150x150.png\" class=\"attachment-thumbnail size-thumbnail\" alt=\"\" aria-describedby=\"gallery-1-1843\" \/><\/a>\n\t\t\t<\/div>\n\t\t\t\t<figcaption class='wp-caption-text gallery-caption' id='gallery-1-1843'>\n\t\t\t\tRandolph Arroo (De Montfort University Leicester, UK)\n\t\t\t\t<\/figcaption><\/figure><figure class='gallery-item'>\n\t\t\t<div class='gallery-icon landscape'>\n\t\t\t\t<a href='https:\/\/konferencje.umw.edu.pl\/psewroclaw2025\/honorary-lectures\/obraz_2025-05-28_120423654\/'><img loading=\"lazy\" decoding=\"async\" width=\"150\" height=\"150\" src=\"https:\/\/konferencje.umw.edu.pl\/psewroclaw2025\/wp-content\/uploads\/sites\/25\/2025\/05\/obraz_2025-05-28_120423654-150x150.png\" class=\"attachment-thumbnail size-thumbnail\" alt=\"\" aria-describedby=\"gallery-1-1844\" srcset=\"https:\/\/konferencje.umw.edu.pl\/psewroclaw2025\/wp-content\/uploads\/sites\/25\/2025\/05\/obraz_2025-05-28_120423654-150x150.png 150w, https:\/\/konferencje.umw.edu.pl\/psewroclaw2025\/wp-content\/uploads\/sites\/25\/2025\/05\/obraz_2025-05-28_120423654-300x300.png 300w, https:\/\/konferencje.umw.edu.pl\/psewroclaw2025\/wp-content\/uploads\/sites\/25\/2025\/05\/obraz_2025-05-28_120423654-116x116.png 116w, https:\/\/konferencje.umw.edu.pl\/psewroclaw2025\/wp-content\/uploads\/sites\/25\/2025\/05\/obraz_2025-05-28_120423654.png 512w\" sizes=\"auto, (max-width: 150px) 100vw, 150px\" \/><\/a>\n\t\t\t<\/div>\n\t\t\t\t<figcaption class='wp-caption-text gallery-caption' id='gallery-1-1844'>\n\t\t\t\tLutfun Nahar (Liverpool John Moores University, UK)\n\t\t\t\t<\/figcaption><\/figure><figure class='gallery-item'>\n\t\t\t<div class='gallery-icon landscape'>\n\t\t\t\t<a href='https:\/\/konferencje.umw.edu.pl\/psewroclaw2025\/honorary-lectures\/obraz_2025-05-28_120611544\/'><img loading=\"lazy\" decoding=\"async\" width=\"150\" height=\"150\" src=\"https:\/\/konferencje.umw.edu.pl\/psewroclaw2025\/wp-content\/uploads\/sites\/25\/2025\/05\/obraz_2025-05-28_120611544-150x150.png\" class=\"attachment-thumbnail size-thumbnail\" alt=\"\" aria-describedby=\"gallery-1-1845\" srcset=\"https:\/\/konferencje.umw.edu.pl\/psewroclaw2025\/wp-content\/uploads\/sites\/25\/2025\/05\/obraz_2025-05-28_120611544-150x150.png 150w, https:\/\/konferencje.umw.edu.pl\/psewroclaw2025\/wp-content\/uploads\/sites\/25\/2025\/05\/obraz_2025-05-28_120611544-300x300.png 300w, https:\/\/konferencje.umw.edu.pl\/psewroclaw2025\/wp-content\/uploads\/sites\/25\/2025\/05\/obraz_2025-05-28_120611544-116x116.png 116w, https:\/\/konferencje.umw.edu.pl\/psewroclaw2025\/wp-content\/uploads\/sites\/25\/2025\/05\/obraz_2025-05-28_120611544.png 512w\" sizes=\"auto, (max-width: 150px) 100vw, 150px\" \/><\/a>\n\t\t\t<\/div>\n\t\t\t\t<figcaption class='wp-caption-text gallery-caption' id='gallery-1-1845'>\n\t\t\t\tXiao Jianbo (Universidad Europea del Atl\u00e1ntico, Spain)\n\t\t\t\t<\/figcaption><\/figure><figure class='gallery-item'>\n\t\t\t<div class='gallery-icon portrait'>\n\t\t\t\t<a href='https:\/\/konferencje.umw.edu.pl\/psewroclaw2025\/honorary-lectures\/obraz_2025-05-28_120812668\/'><img loading=\"lazy\" decoding=\"async\" width=\"111\" height=\"150\" src=\"https:\/\/konferencje.umw.edu.pl\/psewroclaw2025\/wp-content\/uploads\/sites\/25\/2025\/05\/obraz_2025-05-28_120812668-111x150.png\" class=\"attachment-thumbnail size-thumbnail\" alt=\"\" aria-describedby=\"gallery-1-1846\" \/><\/a>\n\t\t\t<\/div>\n\t\t\t\t<figcaption class='wp-caption-text gallery-caption' id='gallery-1-1846'>\n\t\t\t\tFrancesco Epifano (University Gabriele d&#8217;Annunzio of Chieti-Pescara, Italy)\n\t\t\t\t<\/figcaption><\/figure><figure class='gallery-item'>\n\t\t\t<div class='gallery-icon portrait'>\n\t\t\t\t<a href='https:\/\/konferencje.umw.edu.pl\/psewroclaw2025\/honorary-lectures\/img_1468_a-mastalerz-migas\/'><img loading=\"lazy\" decoding=\"async\" width=\"150\" height=\"150\" src=\"https:\/\/konferencje.umw.edu.pl\/psewroclaw2025\/wp-content\/uploads\/sites\/25\/2025\/04\/IMG_1468_A.-Mastalerz-Migas-150x150.jpg\" class=\"attachment-thumbnail size-thumbnail\" alt=\"\" aria-describedby=\"gallery-1-1698\" \/><\/a>\n\t\t\t<\/div>\n\t\t\t\t<figcaption class='wp-caption-text gallery-caption' id='gallery-1-1698'>\n\t\t\t\tAgnieszka Mastalerz-Migas (Wroclaw Medical University, Poland)\n\t\t\t\t<\/figcaption><\/figure>\n\t\t<\/div>\n\n<div class=\"cC9Rib\"><\/div>\n<\/div>\n<\/div>\n<\/div>\n<div aria-hidden=\"true\"><\/div>\n<div aria-hidden=\"true\"><\/div>\n<\/div>\n","protected":false},"excerpt":{"rendered":"<p>Our conference brings together distinguished experts in phytochemistry and related disciplines, offering a unique platform for groundbreaking discussions and knowledge exchange. The honorary lectures feature renowned scientists whose contributions have shaped the fields of natural products research, molecular biology, pharmacology, biotechnology, and more. These lectures provide valuable insights into the past, present, and future of<\/p>\n<div><a class=\"btn-filled btn\" href=\"https:\/\/konferencje.umw.edu.pl\/psewroclaw2025\/honorary-lectures\/\" title=\"Invited Speakers\">Read More<\/a><\/div>\n","protected":false},"author":25,"featured_media":0,"parent":0,"menu_order":0,"comment_status":"closed","ping_status":"closed","template":"","meta":{"footnotes":""},"class_list":["post-1657","page","type-page","status-publish","hentry"],"_links":{"self":[{"href":"https:\/\/konferencje.umw.edu.pl\/psewroclaw2025\/wp-json\/wp\/v2\/pages\/1657","targetHints":{"allow":["GET"]}}],"collection":[{"href":"https:\/\/konferencje.umw.edu.pl\/psewroclaw2025\/wp-json\/wp\/v2\/pages"}],"about":[{"href":"https:\/\/konferencje.umw.edu.pl\/psewroclaw2025\/wp-json\/wp\/v2\/types\/page"}],"author":[{"embeddable":true,"href":"https:\/\/konferencje.umw.edu.pl\/psewroclaw2025\/wp-json\/wp\/v2\/users\/25"}],"replies":[{"embeddable":true,"href":"https:\/\/konferencje.umw.edu.pl\/psewroclaw2025\/wp-json\/wp\/v2\/comments?post=1657"}],"version-history":[{"count":19,"href":"https:\/\/konferencje.umw.edu.pl\/psewroclaw2025\/wp-json\/wp\/v2\/pages\/1657\/revisions"}],"predecessor-version":[{"id":1906,"href":"https:\/\/konferencje.umw.edu.pl\/psewroclaw2025\/wp-json\/wp\/v2\/pages\/1657\/revisions\/1906"}],"wp:attachment":[{"href":"https:\/\/konferencje.umw.edu.pl\/psewroclaw2025\/wp-json\/wp\/v2\/media?parent=1657"}],"curies":[{"name":"wp","href":"https:\/\/api.w.org\/{rel}","templated":true}]}}