{"id":7,"date":"2022-12-16T12:36:00","date_gmt":"2022-12-16T11:36:00","guid":{"rendered":"https:\/\/konferencje.umw.edu.pl\/psewroclaw2025\/front-page\/"},"modified":"2025-06-16T12:55:31","modified_gmt":"2025-06-16T10:55:31","slug":"front-page","status":"publish","type":"page","link":"https:\/\/konferencje.umw.edu.pl\/psewroclaw2025\/","title":{"rendered":"PSE 2025"},"content":{"rendered":"\r\n<h1 class=\"wp-block-heading\"><img loading=\"lazy\" decoding=\"async\" class=\"aligncenter size-full wp-image-1737\" src=\"https:\/\/konferencje.umw.edu.pl\/psewroclaw2025\/wp-content\/uploads\/sites\/25\/2025\/04\/Banner-final-6-1.jpg\" alt=\"\" width=\"1901\" height=\"290\" srcset=\"https:\/\/konferencje.umw.edu.pl\/psewroclaw2025\/wp-content\/uploads\/sites\/25\/2025\/04\/Banner-final-6-1.jpg 1901w, https:\/\/konferencje.umw.edu.pl\/psewroclaw2025\/wp-content\/uploads\/sites\/25\/2025\/04\/Banner-final-6-1-300x46.jpg 300w, https:\/\/konferencje.umw.edu.pl\/psewroclaw2025\/wp-content\/uploads\/sites\/25\/2025\/04\/Banner-final-6-1-1024x156.jpg 1024w, https:\/\/konferencje.umw.edu.pl\/psewroclaw2025\/wp-content\/uploads\/sites\/25\/2025\/04\/Banner-final-6-1-768x117.jpg 768w, https:\/\/konferencje.umw.edu.pl\/psewroclaw2025\/wp-content\/uploads\/sites\/25\/2025\/04\/Banner-final-6-1-1536x234.jpg 1536w, https:\/\/konferencje.umw.edu.pl\/psewroclaw2025\/wp-content\/uploads\/sites\/25\/2025\/04\/Banner-final-6-1-228x35.jpg 228w\" sizes=\"auto, (max-width: 1901px) 100vw, 1901px\" \/><\/h1>\r\n<h1 class=\"wp-block-heading\" style=\"text-align: center\"><strong><span style=\"color: #ff9900\">Let&#8217;s meet in Wroclaw and talk about <span style=\"color: #499f91\">(natural)<\/span> things!<\/span><\/strong><\/h1>\r\n\r\n<div>\u00a0<\/div>\r\n<div><img loading=\"lazy\" decoding=\"async\" class=\"aligncenter  wp-image-1926\" src=\"https:\/\/konferencje.umw.edu.pl\/psewroclaw2025\/wp-content\/uploads\/sites\/25\/2025\/06\/qr_pse2025_book_of_abstracts_updated.png\" alt=\"\" width=\"264\" height=\"283\" srcset=\"https:\/\/konferencje.umw.edu.pl\/psewroclaw2025\/wp-content\/uploads\/sites\/25\/2025\/06\/qr_pse2025_book_of_abstracts_updated.png 690w, https:\/\/konferencje.umw.edu.pl\/psewroclaw2025\/wp-content\/uploads\/sites\/25\/2025\/06\/qr_pse2025_book_of_abstracts_updated-280x300.png 280w, https:\/\/konferencje.umw.edu.pl\/psewroclaw2025\/wp-content\/uploads\/sites\/25\/2025\/06\/qr_pse2025_book_of_abstracts_updated-108x116.png 108w\" sizes=\"auto, (max-width: 264px) 100vw, 264px\" \/><\/div>\r\n<div>\u00a0<\/div>\r\n<h2 style=\"text-align: center\"><a href=\"https:\/\/www.sciencedirect.com\/special-issue\/321322\/phytochemical-society-of-europe-trends-in-natural-product-research-meeting-wroclaw-2025\"><span style=\"color: #ff0000\">Call for papers<\/span><\/a><\/h2>\r\n\r\n<figure class=\"wp-block-image size-full wp-duotone-unset-1\"><img loading=\"lazy\" decoding=\"async\" width=\"1680\" height=\"1120\" class=\"wp-image-1245\" src=\"https:\/\/konferencje.umw.edu.pl\/psewroclaw2025\/wp-content\/uploads\/sites\/25\/2024\/12\/obraz_2024-12-05_111415185.png\" alt=\"\" srcset=\"https:\/\/konferencje.umw.edu.pl\/psewroclaw2025\/wp-content\/uploads\/sites\/25\/2024\/12\/obraz_2024-12-05_111415185.png 1680w, https:\/\/konferencje.umw.edu.pl\/psewroclaw2025\/wp-content\/uploads\/sites\/25\/2024\/12\/obraz_2024-12-05_111415185-300x200.png 300w, https:\/\/konferencje.umw.edu.pl\/psewroclaw2025\/wp-content\/uploads\/sites\/25\/2024\/12\/obraz_2024-12-05_111415185-1024x683.png 1024w, https:\/\/konferencje.umw.edu.pl\/psewroclaw2025\/wp-content\/uploads\/sites\/25\/2024\/12\/obraz_2024-12-05_111415185-768x512.png 768w, https:\/\/konferencje.umw.edu.pl\/psewroclaw2025\/wp-content\/uploads\/sites\/25\/2024\/12\/obraz_2024-12-05_111415185-1536x1024.png 1536w, https:\/\/konferencje.umw.edu.pl\/psewroclaw2025\/wp-content\/uploads\/sites\/25\/2024\/12\/obraz_2024-12-05_111415185-174x116.png 174w\" sizes=\"auto, (max-width: 1680px) 100vw, 1680px\" \/>\r\n<figcaption class=\"wp-element-caption\"><sub>FOT. OLEKSANDR POLIAKOVSKY\/WROCLAW.PL<\/sub><\/figcaption>\r\n<\/figure>\r\n\r\n\r\n\r\n<p>&nbsp;<\/p>\r\n\r\n\r\n\r\n<p>We are delighted to announce that the next <strong>Phytochemical Society of Europe&#8217;s Trends in Natural Product Research<\/strong> will be held in <strong>Wroclaw, Poland, 2-6 June 2025<\/strong>.<\/p>\r\n\r\n\r\n\r\n<p>Building on the success of previous events held in 2014 and 2016, we are pleased to announce that this year\u2019s conference will be held under the esteemed patronage of the <strong>Phytochemical Society of Europe<\/strong>. For this meeting, we warmly invite young scientists <em>of all ages <\/em>from across the globe to join us and exchange ideas on natural product research. We encourage you to share your work, no matter your field of expertise. Abstracts related to phytochemistry, plant physiology, biotechnology, sustainable development, food industry and beyond are welcomed and will be given full consideration! Please check <a href=\"https:\/\/konferencje.umw.edu.pl\/psewroclaw2025\/registration\/important-dates\/\" target=\"_blank\" rel=\"noreferrer noopener\">important dates<\/a>.<\/p>\r\n\r\n\r\n\r\n<p><span style=\"color: #ff9900\"><strong>We look forward to meeting you in Wroclaw!<\/strong><\/span><\/p>\r\n\r\n\r\n<hr class=\"wp-block-separator has-alpha-channel-opacity\" \/><!-- Nag\u0142\u00f3wek wy\u015brodkowany -->\r\n<h2 class=\"wp-block-heading\" style=\"text-align: center\"><span style=\"color: #499f91\"><strong>ORGANIZERS<\/strong><\/span><\/h2>\r\n<!-- Kontener wy\u015brodkowany z logotypami w linii -->\r\n<div style=\"justify-content: center;align-items: center;gap: 40px;flex-wrap: wrap;margin-top: 64px\"><a href=\"https:\/\/new.phytochemicalsociety.org\/\"> <img loading=\"lazy\" decoding=\"async\" src=\"https:\/\/konferencje.umw.edu.pl\/psewroclaw2025\/wp-content\/uploads\/sites\/25\/2024\/09\/PSE287x120.png\" alt=\"Logo PSE\" width=\"296\" height=\"124\" \/> <\/a> <a href=\"https:\/\/www.umw.edu.pl\/en\"> <img loading=\"lazy\" decoding=\"async\" src=\"https:\/\/konferencje.umw.edu.pl\/psewroclaw2025\/wp-content\/uploads\/sites\/25\/2025\/04\/75-lecie_podstawowa_bez_tla_UMW_ENG.jpg\" alt=\"UMW\" width=\"258\" height=\"258\" \/> <\/a> <a href=\"https:\/\/www.umw.edu.pl\/en\/uczelnia\/historia-wf\"> <img loading=\"lazy\" decoding=\"async\" src=\"https:\/\/konferencje.umw.edu.pl\/psewroclaw2025\/wp-content\/uploads\/sites\/25\/2024\/12\/WF-WF-1003x1024.png\" alt=\"Facultas pharmaciae Wratislavensis\" width=\"171\" height=\"175\" \/> <\/a> <a href=\"https:\/\/obrl.umw.edu.pl\/\"> <img loading=\"lazy\" decoding=\"async\" src=\"https:\/\/konferencje.umw.edu.pl\/psewroclaw2025\/wp-content\/uploads\/sites\/25\/2024\/09\/OBRLlogorgb-229x300.jpg\" alt=\"Hortus Plantarum Medicinarum\" width=\"143\" height=\"187\" \/> <\/a><\/div>\r\n<div class=\"text-center\" style=\"margin-top: 64px\"><hr class=\"wp-block-separator has-alpha-channel-opacity\" \/>\r\n<h2 class=\"text-center\" style=\"margin-top: 64px;text-align: center\"><span style=\"color: #339966\"><!-- \/wp:separator --><!-- Nag\u0142\u00f3wek wy\u015brodkowany --><\/span><strong><span style=\"color: #499f91\">MEDIA PATRONAGE<\/span><\/strong><\/h2>\r\n<a href=\"https:\/\/mgr.farm\/\"><img loading=\"lazy\" decoding=\"async\" class=\"aligncenter  wp-image-1811\" src=\"https:\/\/konferencje.umw.edu.pl\/psewroclaw2025\/wp-content\/uploads\/sites\/25\/2025\/05\/mgr-farm-logo-BW-2-1.png\" alt=\"\" width=\"294\" height=\"119\" srcset=\"https:\/\/konferencje.umw.edu.pl\/psewroclaw2025\/wp-content\/uploads\/sites\/25\/2025\/05\/mgr-farm-logo-BW-2-1.png 551w, https:\/\/konferencje.umw.edu.pl\/psewroclaw2025\/wp-content\/uploads\/sites\/25\/2025\/05\/mgr-farm-logo-BW-2-1-300x121.png 300w, https:\/\/konferencje.umw.edu.pl\/psewroclaw2025\/wp-content\/uploads\/sites\/25\/2025\/05\/mgr-farm-logo-BW-2-1-228x92.png 228w\" sizes=\"auto, (max-width: 294px) 100vw, 294px\" \/><\/a> <a href=\"http:\/\/aptekarz.pl\"><img loading=\"lazy\" decoding=\"async\" class=\"aligncenter  wp-image-1812\" src=\"https:\/\/konferencje.umw.edu.pl\/psewroclaw2025\/wp-content\/uploads\/sites\/25\/2025\/05\/aptekarz-logo-1.png\" alt=\"\" width=\"274\" height=\"46\" srcset=\"https:\/\/konferencje.umw.edu.pl\/psewroclaw2025\/wp-content\/uploads\/sites\/25\/2025\/05\/aptekarz-logo-1.png 1600w, https:\/\/konferencje.umw.edu.pl\/psewroclaw2025\/wp-content\/uploads\/sites\/25\/2025\/05\/aptekarz-logo-1-300x50.png 300w, https:\/\/konferencje.umw.edu.pl\/psewroclaw2025\/wp-content\/uploads\/sites\/25\/2025\/05\/aptekarz-logo-1-1024x172.png 1024w, https:\/\/konferencje.umw.edu.pl\/psewroclaw2025\/wp-content\/uploads\/sites\/25\/2025\/05\/aptekarz-logo-1-768x129.png 768w, https:\/\/konferencje.umw.edu.pl\/psewroclaw2025\/wp-content\/uploads\/sites\/25\/2025\/05\/aptekarz-logo-1-1536x257.png 1536w, https:\/\/konferencje.umw.edu.pl\/psewroclaw2025\/wp-content\/uploads\/sites\/25\/2025\/05\/aptekarz-logo-1-228x38.png 228w\" sizes=\"auto, (max-width: 274px) 100vw, 274px\" \/><\/a><br \/><hr class=\"wp-block-separator has-alpha-channel-opacity\" \/>\r\n<h2 class=\"wp-block-heading\"><span style=\"color: #499f91\"><strong>SOCIAL MEDIA<\/strong><\/span><\/h2>\r\n<h2 class=\"wp-block-heading\"><a style=\"font-size: 16px\" href=\"https:\/\/www.facebook.com\/pse2025wroclaw\"><strong>Facebook<\/strong><\/a><\/h2>\r\n<p><a href=\"https:\/\/www.instagram.com\/phytochemistry2025\/\"><strong>Instagram<\/strong><\/a><\/p>\r\n<hr class=\"wp-block-separator has-alpha-channel-opacity\" \/>\r\n<h2 class=\"wp-block-heading\"><span style=\"color: #499f91\"><strong>NEWS<\/strong><\/span><\/h2>\r\n<hr \/>\r\n<p class=\"wp-block-heading\"><span style=\"color: #499f91\"><strong>Conference Terms and Conditions:<\/strong><\/span><\/p>\r\n<p><a style=\"color: #499f91;font-size: 1.3em\" href=\"https:\/\/konferencje.umw.edu.pl\/psewroclaw2025\/wp-content\/uploads\/sites\/25\/2025\/04\/PSE2025_Terms-and-Conditions_EN.pdf\"> PSE2025_Terms and Conditions_EN <\/a><\/p>\r\n<p><a style=\"color: #499f91;font-size: 1.3em\" href=\"https:\/\/konferencje.umw.edu.pl\/psewroclaw2025\/wp-content\/uploads\/sites\/25\/2025\/04\/PSE2025_Regulamin_konferencjiWroclaw_PL.pdf\"> PSE2025_Regulamin_konferencjiWroclaw_PL <\/a><\/p>\r\n<hr class=\"wp-block-separator has-alpha-channel-opacity\" \/>\r\n<p class=\"text-center\" style=\"margin-top: 64px;text-align: center\"><!-- \/wp:heading --><\/p>\r\n<\/div>","protected":false},"excerpt":{"rendered":"<p>Let&#8217;s meet in Wroclaw and talk about (natural) things! \u00a0 \u00a0 Call for papers &nbsp; We are delighted to announce that the next Phytochemical Society of Europe&#8217;s Trends in Natural Product Research will be held in Wroclaw, Poland, 2-6 June 2025. Building on the success of previous events held in 2014 and 2016, we are<\/p>\n<div><a class=\"btn-filled btn\" href=\"https:\/\/konferencje.umw.edu.pl\/psewroclaw2025\/\" title=\"PSE 2025\">Read More<\/a><\/div>\n","protected":false},"author":1,"featured_media":0,"parent":0,"menu_order":0,"comment_status":"closed","ping_status":"closed","template":"page-templates\/full-width.php","meta":{"footnotes":""},"class_list":["post-7","page","type-page","status-publish","hentry"],"_links":{"self":[{"href":"https:\/\/konferencje.umw.edu.pl\/psewroclaw2025\/wp-json\/wp\/v2\/pages\/7","targetHints":{"allow":["GET"]}}],"collection":[{"href":"https:\/\/konferencje.umw.edu.pl\/psewroclaw2025\/wp-json\/wp\/v2\/pages"}],"about":[{"href":"https:\/\/konferencje.umw.edu.pl\/psewroclaw2025\/wp-json\/wp\/v2\/types\/page"}],"author":[{"embeddable":true,"href":"https:\/\/konferencje.umw.edu.pl\/psewroclaw2025\/wp-json\/wp\/v2\/users\/1"}],"replies":[{"embeddable":true,"href":"https:\/\/konferencje.umw.edu.pl\/psewroclaw2025\/wp-json\/wp\/v2\/comments?post=7"}],"version-history":[{"count":154,"href":"https:\/\/konferencje.umw.edu.pl\/psewroclaw2025\/wp-json\/wp\/v2\/pages\/7\/revisions"}],"predecessor-version":[{"id":1927,"href":"https:\/\/konferencje.umw.edu.pl\/psewroclaw2025\/wp-json\/wp\/v2\/pages\/7\/revisions\/1927"}],"wp:attachment":[{"href":"https:\/\/konferencje.umw.edu.pl\/psewroclaw2025\/wp-json\/wp\/v2\/media?parent=7"}],"curies":[{"name":"wp","href":"https:\/\/api.w.org\/{rel}","templated":true}]}}