{"id":813,"date":"2024-04-17T12:17:57","date_gmt":"2024-04-17T10:17:57","guid":{"rendered":"https:\/\/konferencje.umw.edu.pl\/psewroclaw2025\/?page_id=813"},"modified":"2025-05-30T18:03:10","modified_gmt":"2025-05-30T16:03:10","slug":"partners-sponsors-pse-wroclaw","status":"publish","type":"page","link":"https:\/\/konferencje.umw.edu.pl\/psewroclaw2025\/partners-sponsors-pse-wroclaw\/","title":{"rendered":"Partners &amp; Sponsors &#8211; PSE Wroc\u0142aw"},"content":{"rendered":"<h6>We are happy to invite you to become a sponsor of our upcoming conference dedicated to bioactive plant compounds, which will bring together leading researchers, industry professionals, and enthusiasts from around the world.<\/h6>\n<h6>We offer a range of sponsorship packages, tailored to suit your organization&#8217;s goals and ensure impactful exposure throughout the event.<\/h6>\n<h6>Please let us know if you are interested in receiving more details about the sponsorship opportunities available. We would be happy to discuss how we can collaborate to make this event a success for both the scientific community and your organization.<\/h6>\n<h5 style=\"text-align: center\"><span style=\"color: #339966\"> For details, contact the Symposium Secretary <\/span><\/h5>\n<h5 style=\"text-align: center\"><span style=\"color: #339966\">Dr. Weronika Kozlowska: weronika.kozlowska@umw.edu.pl<\/span><\/h5>\n<hr \/>\n<p><img loading=\"lazy\" decoding=\"async\" class=\"wp-image-1701 alignleft\" src=\"https:\/\/konferencje.umw.edu.pl\/psewroclaw2025\/wp-content\/uploads\/sites\/25\/2025\/04\/75-lecie_podstawowa_bez_tla_UMW_ENG.jpg\" alt=\"\" width=\"215\" height=\"215\" \/><img loading=\"lazy\" decoding=\"async\" class=\"wp-image-1739 alignleft\" src=\"https:\/\/konferencje.umw.edu.pl\/psewroclaw2025\/wp-content\/uploads\/sites\/25\/2025\/04\/obraz.png\" alt=\"\" width=\"182\" height=\"208\" \/><\/p>\n<p>&nbsp;<\/p>\n<p><img loading=\"lazy\" decoding=\"async\" class=\"size-full wp-image-1742 alignleft\" src=\"https:\/\/konferencje.umw.edu.pl\/psewroclaw2025\/wp-content\/uploads\/sites\/25\/2025\/04\/wroclaw.png\" alt=\"\" width=\"389\" height=\"91\" srcset=\"https:\/\/konferencje.umw.edu.pl\/psewroclaw2025\/wp-content\/uploads\/sites\/25\/2025\/04\/wroclaw.png 389w, https:\/\/konferencje.umw.edu.pl\/psewroclaw2025\/wp-content\/uploads\/sites\/25\/2025\/04\/wroclaw-300x70.png 300w, https:\/\/konferencje.umw.edu.pl\/psewroclaw2025\/wp-content\/uploads\/sites\/25\/2025\/04\/wroclaw-228x53.png 228w\" sizes=\"auto, (max-width: 389px) 100vw, 389px\" \/><\/p>\n<p><img loading=\"lazy\" decoding=\"async\" class=\"wp-image-1754 alignleft\" src=\"https:\/\/konferencje.umw.edu.pl\/psewroclaw2025\/wp-content\/uploads\/sites\/25\/2025\/04\/Logo-WrOPD-scaled.jpg\" alt=\"\" width=\"179\" height=\"146\" data-wp-editing=\"1\" srcset=\"https:\/\/konferencje.umw.edu.pl\/psewroclaw2025\/wp-content\/uploads\/sites\/25\/2025\/04\/Logo-WrOPD-scaled.jpg 2560w, https:\/\/konferencje.umw.edu.pl\/psewroclaw2025\/wp-content\/uploads\/sites\/25\/2025\/04\/Logo-WrOPD-300x244.jpg 300w, https:\/\/konferencje.umw.edu.pl\/psewroclaw2025\/wp-content\/uploads\/sites\/25\/2025\/04\/Logo-WrOPD-1024x834.jpg 1024w, https:\/\/konferencje.umw.edu.pl\/psewroclaw2025\/wp-content\/uploads\/sites\/25\/2025\/04\/Logo-WrOPD-768x626.jpg 768w, https:\/\/konferencje.umw.edu.pl\/psewroclaw2025\/wp-content\/uploads\/sites\/25\/2025\/04\/Logo-WrOPD-1536x1252.jpg 1536w, https:\/\/konferencje.umw.edu.pl\/psewroclaw2025\/wp-content\/uploads\/sites\/25\/2025\/04\/Logo-WrOPD-2048x1669.jpg 2048w, https:\/\/konferencje.umw.edu.pl\/psewroclaw2025\/wp-content\/uploads\/sites\/25\/2025\/04\/Logo-WrOPD-142x116.jpg 142w\" sizes=\"auto, (max-width: 179px) 100vw, 179px\" \/><img loading=\"lazy\" decoding=\"async\" class=\"wp-image-1797 alignleft\" style=\"font-size: 10.72px;font-weight: bold\" src=\"https:\/\/konferencje.umw.edu.pl\/psewroclaw2025\/wp-content\/uploads\/sites\/25\/2025\/05\/Kopia-DIA_logo_CMYK-scaled.jpg\" alt=\"\" width=\"148\" height=\"148\" srcset=\"https:\/\/konferencje.umw.edu.pl\/psewroclaw2025\/wp-content\/uploads\/sites\/25\/2025\/05\/Kopia-DIA_logo_CMYK-scaled.jpg 2560w, https:\/\/konferencje.umw.edu.pl\/psewroclaw2025\/wp-content\/uploads\/sites\/25\/2025\/05\/Kopia-DIA_logo_CMYK-300x300.jpg 300w, https:\/\/konferencje.umw.edu.pl\/psewroclaw2025\/wp-content\/uploads\/sites\/25\/2025\/05\/Kopia-DIA_logo_CMYK-1024x1024.jpg 1024w, https:\/\/konferencje.umw.edu.pl\/psewroclaw2025\/wp-content\/uploads\/sites\/25\/2025\/05\/Kopia-DIA_logo_CMYK-150x150.jpg 150w, https:\/\/konferencje.umw.edu.pl\/psewroclaw2025\/wp-content\/uploads\/sites\/25\/2025\/05\/Kopia-DIA_logo_CMYK-768x768.jpg 768w, https:\/\/konferencje.umw.edu.pl\/psewroclaw2025\/wp-content\/uploads\/sites\/25\/2025\/05\/Kopia-DIA_logo_CMYK-1536x1536.jpg 1536w, https:\/\/konferencje.umw.edu.pl\/psewroclaw2025\/wp-content\/uploads\/sites\/25\/2025\/05\/Kopia-DIA_logo_CMYK-2048x2048.jpg 2048w, https:\/\/konferencje.umw.edu.pl\/psewroclaw2025\/wp-content\/uploads\/sites\/25\/2025\/05\/Kopia-DIA_logo_CMYK-116x116.jpg 116w\" sizes=\"auto, (max-width: 148px) 100vw, 148px\" \/><\/p>\n<p>&nbsp;<\/p>\n<p>&nbsp;<\/p>\n<hr \/>\n<p>&nbsp;<\/p>\n<p><img loading=\"lazy\" decoding=\"async\" class=\"aligncenter wp-image-1780\" src=\"https:\/\/konferencje.umw.edu.pl\/psewroclaw2025\/wp-content\/uploads\/sites\/25\/2025\/05\/DrMax_Logo_kl_col.png\" alt=\"\" width=\"364\" height=\"124\" srcset=\"https:\/\/konferencje.umw.edu.pl\/psewroclaw2025\/wp-content\/uploads\/sites\/25\/2025\/05\/DrMax_Logo_kl_col.png 1357w, https:\/\/konferencje.umw.edu.pl\/psewroclaw2025\/wp-content\/uploads\/sites\/25\/2025\/05\/DrMax_Logo_kl_col-300x102.png 300w, https:\/\/konferencje.umw.edu.pl\/psewroclaw2025\/wp-content\/uploads\/sites\/25\/2025\/05\/DrMax_Logo_kl_col-1024x349.png 1024w, https:\/\/konferencje.umw.edu.pl\/psewroclaw2025\/wp-content\/uploads\/sites\/25\/2025\/05\/DrMax_Logo_kl_col-768x261.png 768w, https:\/\/konferencje.umw.edu.pl\/psewroclaw2025\/wp-content\/uploads\/sites\/25\/2025\/05\/DrMax_Logo_kl_col-228x78.png 228w\" sizes=\"auto, (max-width: 364px) 100vw, 364px\" \/><\/p>\n<hr \/>\n<p>&nbsp;<\/p>\n<p><img loading=\"lazy\" decoding=\"async\" class=\"wp-image-1802 alignleft\" src=\"https:\/\/konferencje.umw.edu.pl\/psewroclaw2025\/wp-content\/uploads\/sites\/25\/2025\/05\/aptekarz-logo.png\" alt=\"\" width=\"501\" height=\"84\" srcset=\"https:\/\/konferencje.umw.edu.pl\/psewroclaw2025\/wp-content\/uploads\/sites\/25\/2025\/05\/aptekarz-logo.png 1600w, https:\/\/konferencje.umw.edu.pl\/psewroclaw2025\/wp-content\/uploads\/sites\/25\/2025\/05\/aptekarz-logo-300x50.png 300w, https:\/\/konferencje.umw.edu.pl\/psewroclaw2025\/wp-content\/uploads\/sites\/25\/2025\/05\/aptekarz-logo-1024x172.png 1024w, https:\/\/konferencje.umw.edu.pl\/psewroclaw2025\/wp-content\/uploads\/sites\/25\/2025\/05\/aptekarz-logo-768x129.png 768w, https:\/\/konferencje.umw.edu.pl\/psewroclaw2025\/wp-content\/uploads\/sites\/25\/2025\/05\/aptekarz-logo-1536x257.png 1536w, https:\/\/konferencje.umw.edu.pl\/psewroclaw2025\/wp-content\/uploads\/sites\/25\/2025\/05\/aptekarz-logo-228x38.png 228w\" sizes=\"auto, (max-width: 501px) 100vw, 501px\" \/><\/p>\n<p><img loading=\"lazy\" decoding=\"async\" class=\"wp-image-1803 alignnone\" src=\"https:\/\/konferencje.umw.edu.pl\/psewroclaw2025\/wp-content\/uploads\/sites\/25\/2025\/05\/mgr-farm-logo-BW-2.png\" alt=\"\" width=\"351\" height=\"142\" srcset=\"https:\/\/konferencje.umw.edu.pl\/psewroclaw2025\/wp-content\/uploads\/sites\/25\/2025\/05\/mgr-farm-logo-BW-2.png 551w, https:\/\/konferencje.umw.edu.pl\/psewroclaw2025\/wp-content\/uploads\/sites\/25\/2025\/05\/mgr-farm-logo-BW-2-300x121.png 300w, https:\/\/konferencje.umw.edu.pl\/psewroclaw2025\/wp-content\/uploads\/sites\/25\/2025\/05\/mgr-farm-logo-BW-2-228x92.png 228w\" sizes=\"auto, (max-width: 351px) 100vw, 351px\" \/><\/p>\n<p>&nbsp;<\/p>\n<hr \/>\n<p>&nbsp;<\/p>\n<h6><img loading=\"lazy\" decoding=\"async\" class=\"wp-image-1763 alignleft\" src=\"https:\/\/konferencje.umw.edu.pl\/psewroclaw2025\/wp-content\/uploads\/sites\/25\/2025\/04\/MDLZ-SMR-Logo-RGB-1.jpg\" alt=\"\" width=\"229\" height=\"127\" srcset=\"https:\/\/konferencje.umw.edu.pl\/psewroclaw2025\/wp-content\/uploads\/sites\/25\/2025\/04\/MDLZ-SMR-Logo-RGB-1.jpg 2042w, https:\/\/konferencje.umw.edu.pl\/psewroclaw2025\/wp-content\/uploads\/sites\/25\/2025\/04\/MDLZ-SMR-Logo-RGB-1-300x167.jpg 300w, https:\/\/konferencje.umw.edu.pl\/psewroclaw2025\/wp-content\/uploads\/sites\/25\/2025\/04\/MDLZ-SMR-Logo-RGB-1-1024x569.jpg 1024w, https:\/\/konferencje.umw.edu.pl\/psewroclaw2025\/wp-content\/uploads\/sites\/25\/2025\/04\/MDLZ-SMR-Logo-RGB-1-768x426.jpg 768w, https:\/\/konferencje.umw.edu.pl\/psewroclaw2025\/wp-content\/uploads\/sites\/25\/2025\/04\/MDLZ-SMR-Logo-RGB-1-1536x853.jpg 1536w, https:\/\/konferencje.umw.edu.pl\/psewroclaw2025\/wp-content\/uploads\/sites\/25\/2025\/04\/MDLZ-SMR-Logo-RGB-1-209x116.jpg 209w\" sizes=\"auto, (max-width: 229px) 100vw, 229px\" \/><\/h6>\n<p><img loading=\"lazy\" decoding=\"async\" class=\"wp-image-1771 alignleft\" src=\"https:\/\/konferencje.umw.edu.pl\/psewroclaw2025\/wp-content\/uploads\/sites\/25\/2025\/05\/MPS-logo-pionowe.png\" alt=\"\" width=\"200\" height=\"141\" srcset=\"https:\/\/konferencje.umw.edu.pl\/psewroclaw2025\/wp-content\/uploads\/sites\/25\/2025\/05\/MPS-logo-pionowe.png 3509w, https:\/\/konferencje.umw.edu.pl\/psewroclaw2025\/wp-content\/uploads\/sites\/25\/2025\/05\/MPS-logo-pionowe-300x212.png 300w, https:\/\/konferencje.umw.edu.pl\/psewroclaw2025\/wp-content\/uploads\/sites\/25\/2025\/05\/MPS-logo-pionowe-1024x724.png 1024w, https:\/\/konferencje.umw.edu.pl\/psewroclaw2025\/wp-content\/uploads\/sites\/25\/2025\/05\/MPS-logo-pionowe-768x543.png 768w, https:\/\/konferencje.umw.edu.pl\/psewroclaw2025\/wp-content\/uploads\/sites\/25\/2025\/05\/MPS-logo-pionowe-1536x1086.png 1536w, https:\/\/konferencje.umw.edu.pl\/psewroclaw2025\/wp-content\/uploads\/sites\/25\/2025\/05\/MPS-logo-pionowe-2048x1448.png 2048w, https:\/\/konferencje.umw.edu.pl\/psewroclaw2025\/wp-content\/uploads\/sites\/25\/2025\/05\/MPS-logo-pionowe-164x116.png 164w\" sizes=\"auto, (max-width: 200px) 100vw, 200px\" \/><\/p>\n<p><img loading=\"lazy\" decoding=\"async\" class=\"wp-image-1777 alignleft\" src=\"https:\/\/konferencje.umw.edu.pl\/psewroclaw2025\/wp-content\/uploads\/sites\/25\/2025\/05\/Shim-Pol_bez-tla-0021.png\" alt=\"\" width=\"222\" height=\"140\" srcset=\"https:\/\/konferencje.umw.edu.pl\/psewroclaw2025\/wp-content\/uploads\/sites\/25\/2025\/05\/Shim-Pol_bez-tla-0021.png 1427w, https:\/\/konferencje.umw.edu.pl\/psewroclaw2025\/wp-content\/uploads\/sites\/25\/2025\/05\/Shim-Pol_bez-tla-0021-300x189.png 300w, https:\/\/konferencje.umw.edu.pl\/psewroclaw2025\/wp-content\/uploads\/sites\/25\/2025\/05\/Shim-Pol_bez-tla-0021-1024x646.png 1024w, https:\/\/konferencje.umw.edu.pl\/psewroclaw2025\/wp-content\/uploads\/sites\/25\/2025\/05\/Shim-Pol_bez-tla-0021-768x484.png 768w, https:\/\/konferencje.umw.edu.pl\/psewroclaw2025\/wp-content\/uploads\/sites\/25\/2025\/05\/Shim-Pol_bez-tla-0021-184x116.png 184w\" sizes=\"auto, (max-width: 222px) 100vw, 222px\" \/><\/p>\n<p><img loading=\"lazy\" decoding=\"async\" class=\"wp-image-1781 alignleft\" src=\"https:\/\/konferencje.umw.edu.pl\/psewroclaw2025\/wp-content\/uploads\/sites\/25\/2025\/05\/amapack-logo-pion-i-poziom-2023-R-poziom.jpg\" alt=\"\" width=\"314\" height=\"154\" srcset=\"https:\/\/konferencje.umw.edu.pl\/psewroclaw2025\/wp-content\/uploads\/sites\/25\/2025\/05\/amapack-logo-pion-i-poziom-2023-R-poziom.jpg 1658w, https:\/\/konferencje.umw.edu.pl\/psewroclaw2025\/wp-content\/uploads\/sites\/25\/2025\/05\/amapack-logo-pion-i-poziom-2023-R-poziom-300x147.jpg 300w, https:\/\/konferencje.umw.edu.pl\/psewroclaw2025\/wp-content\/uploads\/sites\/25\/2025\/05\/amapack-logo-pion-i-poziom-2023-R-poziom-1024x502.jpg 1024w, https:\/\/konferencje.umw.edu.pl\/psewroclaw2025\/wp-content\/uploads\/sites\/25\/2025\/05\/amapack-logo-pion-i-poziom-2023-R-poziom-768x377.jpg 768w, https:\/\/konferencje.umw.edu.pl\/psewroclaw2025\/wp-content\/uploads\/sites\/25\/2025\/05\/amapack-logo-pion-i-poziom-2023-R-poziom-1536x753.jpg 1536w, https:\/\/konferencje.umw.edu.pl\/psewroclaw2025\/wp-content\/uploads\/sites\/25\/2025\/05\/amapack-logo-pion-i-poziom-2023-R-poziom-228x112.jpg 228w\" sizes=\"auto, (max-width: 314px) 100vw, 314px\" \/><\/p>\n<div><\/div>\n<div><\/div>\n<div><\/div>\n<div><\/div>\n<div><\/div>\n<div><img loading=\"lazy\" decoding=\"async\" class=\" wp-image-1782 alignleft\" src=\"https:\/\/konferencje.umw.edu.pl\/psewroclaw2025\/wp-content\/uploads\/sites\/25\/2025\/05\/Przechwytywanie.png\" alt=\"\" width=\"239\" height=\"87\" srcset=\"https:\/\/konferencje.umw.edu.pl\/psewroclaw2025\/wp-content\/uploads\/sites\/25\/2025\/05\/Przechwytywanie.png 641w, https:\/\/konferencje.umw.edu.pl\/psewroclaw2025\/wp-content\/uploads\/sites\/25\/2025\/05\/Przechwytywanie-300x109.png 300w, https:\/\/konferencje.umw.edu.pl\/psewroclaw2025\/wp-content\/uploads\/sites\/25\/2025\/05\/Przechwytywanie-228x83.png 228w\" sizes=\"auto, (max-width: 239px) 100vw, 239px\" \/><img loading=\"lazy\" decoding=\"async\" class=\"wp-image-1787 alignleft\" src=\"https:\/\/konferencje.umw.edu.pl\/psewroclaw2025\/wp-content\/uploads\/sites\/25\/2025\/05\/PL_Logo_RGB-scaled.jpg\" alt=\"\" width=\"406\" height=\"86\" srcset=\"https:\/\/konferencje.umw.edu.pl\/psewroclaw2025\/wp-content\/uploads\/sites\/25\/2025\/05\/PL_Logo_RGB-scaled.jpg 2560w, https:\/\/konferencje.umw.edu.pl\/psewroclaw2025\/wp-content\/uploads\/sites\/25\/2025\/05\/PL_Logo_RGB-300x64.jpg 300w, https:\/\/konferencje.umw.edu.pl\/psewroclaw2025\/wp-content\/uploads\/sites\/25\/2025\/05\/PL_Logo_RGB-1024x217.jpg 1024w, https:\/\/konferencje.umw.edu.pl\/psewroclaw2025\/wp-content\/uploads\/sites\/25\/2025\/05\/PL_Logo_RGB-768x163.jpg 768w, https:\/\/konferencje.umw.edu.pl\/psewroclaw2025\/wp-content\/uploads\/sites\/25\/2025\/05\/PL_Logo_RGB-1536x325.jpg 1536w, https:\/\/konferencje.umw.edu.pl\/psewroclaw2025\/wp-content\/uploads\/sites\/25\/2025\/05\/PL_Logo_RGB-2048x434.jpg 2048w, https:\/\/konferencje.umw.edu.pl\/psewroclaw2025\/wp-content\/uploads\/sites\/25\/2025\/05\/PL_Logo_RGB-228x48.jpg 228w\" sizes=\"auto, (max-width: 406px) 100vw, 406px\" \/><\/div>\n<div><\/div>\n<div><img loading=\"lazy\" decoding=\"async\" class=\"wp-image-1827 alignleft\" src=\"https:\/\/konferencje.umw.edu.pl\/psewroclaw2025\/wp-content\/uploads\/sites\/25\/2025\/05\/logo_Altium_horizontal_color-1.png\" alt=\"\" width=\"256\" height=\"92\" srcset=\"https:\/\/konferencje.umw.edu.pl\/psewroclaw2025\/wp-content\/uploads\/sites\/25\/2025\/05\/logo_Altium_horizontal_color-1.png 500w, https:\/\/konferencje.umw.edu.pl\/psewroclaw2025\/wp-content\/uploads\/sites\/25\/2025\/05\/logo_Altium_horizontal_color-1-300x108.png 300w, https:\/\/konferencje.umw.edu.pl\/psewroclaw2025\/wp-content\/uploads\/sites\/25\/2025\/05\/logo_Altium_horizontal_color-1-228x82.png 228w\" sizes=\"auto, (max-width: 256px) 100vw, 256px\" \/><\/div>\n<div><\/div>\n<div><\/div>\n<div><\/div>\n<div><\/div>\n<div><\/div>\n<div><\/div>\n<div><\/div>\n<div><\/div>\n<div><\/div>\n<div><\/div>\n<div><\/div>\n<div><\/div>\n<div><\/div>\n<div><\/div>\n<div><\/div>\n<div><\/div>\n<div><\/div>\n<div><img loading=\"lazy\" decoding=\"async\" class=\"wp-image-1864 alignleft\" src=\"https:\/\/konferencje.umw.edu.pl\/psewroclaw2025\/wp-content\/uploads\/sites\/25\/2025\/05\/MERCK_LOGO_Blue_RGB.png\" alt=\"\" width=\"279\" height=\"44\" srcset=\"https:\/\/konferencje.umw.edu.pl\/psewroclaw2025\/wp-content\/uploads\/sites\/25\/2025\/05\/MERCK_LOGO_Blue_RGB.png 958w, https:\/\/konferencje.umw.edu.pl\/psewroclaw2025\/wp-content\/uploads\/sites\/25\/2025\/05\/MERCK_LOGO_Blue_RGB-300x47.png 300w, https:\/\/konferencje.umw.edu.pl\/psewroclaw2025\/wp-content\/uploads\/sites\/25\/2025\/05\/MERCK_LOGO_Blue_RGB-768x121.png 768w, https:\/\/konferencje.umw.edu.pl\/psewroclaw2025\/wp-content\/uploads\/sites\/25\/2025\/05\/MERCK_LOGO_Blue_RGB-228x36.png 228w\" sizes=\"auto, (max-width: 279px) 100vw, 279px\" \/>\u00a0 <img loading=\"lazy\" decoding=\"async\" class=\"wp-image-1866 alignleft\" src=\"https:\/\/konferencje.umw.edu.pl\/psewroclaw2025\/wp-content\/uploads\/sites\/25\/2025\/05\/15kwadr_CMYK_logo_z-podpisem_pl.png\" alt=\"\" width=\"327\" height=\"155\" srcset=\"https:\/\/konferencje.umw.edu.pl\/psewroclaw2025\/wp-content\/uploads\/sites\/25\/2025\/05\/15kwadr_CMYK_logo_z-podpisem_pl.png 2010w, https:\/\/konferencje.umw.edu.pl\/psewroclaw2025\/wp-content\/uploads\/sites\/25\/2025\/05\/15kwadr_CMYK_logo_z-podpisem_pl-300x142.png 300w, https:\/\/konferencje.umw.edu.pl\/psewroclaw2025\/wp-content\/uploads\/sites\/25\/2025\/05\/15kwadr_CMYK_logo_z-podpisem_pl-1024x484.png 1024w, https:\/\/konferencje.umw.edu.pl\/psewroclaw2025\/wp-content\/uploads\/sites\/25\/2025\/05\/15kwadr_CMYK_logo_z-podpisem_pl-768x363.png 768w, https:\/\/konferencje.umw.edu.pl\/psewroclaw2025\/wp-content\/uploads\/sites\/25\/2025\/05\/15kwadr_CMYK_logo_z-podpisem_pl-1536x726.png 1536w, https:\/\/konferencje.umw.edu.pl\/psewroclaw2025\/wp-content\/uploads\/sites\/25\/2025\/05\/15kwadr_CMYK_logo_z-podpisem_pl-1110x530.png 1110w, https:\/\/konferencje.umw.edu.pl\/psewroclaw2025\/wp-content\/uploads\/sites\/25\/2025\/05\/15kwadr_CMYK_logo_z-podpisem_pl-228x108.png 228w\" sizes=\"auto, (max-width: 327px) 100vw, 327px\" \/><\/div>\n<p>&nbsp;<\/p>\n<p>&nbsp;<\/p>\n<p>&nbsp;<\/p>\n<p>&nbsp;<\/p>\n<p>&nbsp;<\/p>\n<hr \/>\n<p><span style=\"color: #000000\">Informacja dla student\u00f3w Uniwersytetu Medycznego im. Piast\u00f3w \u015al\u0105skich <\/span><span style=\"color: #000000\">we Wroc\u0142awiu<\/span><span style=\"color: #000000;font-size: 16px\"> w sprawie dofinansowania aktywnego udzia\u0142u w konferencji:<\/span><\/p>\n<h6><a style=\"color: #000000\" href=\"https:\/\/konferencje.umw.edu.pl\/psewroclaw2025\/wp-content\/uploads\/sites\/25\/2025\/03\/18-3-2025-Regulamin-przyznawania-srodkow-na-aktywny-udzial-w-konferencji-PSE-Wro2025.pdf\">Regulamin przyznawania \u015brodk\u00f3w na dofinansowanie aktywnego udzia\u0142u student\u00f3w UMW w konferencji PSE Wro2025<\/a><\/h6>\n<h6><\/h6>\n","protected":false},"excerpt":{"rendered":"<p>We are happy to invite you to become a sponsor of our upcoming conference dedicated to bioactive plant compounds, which will bring together leading researchers, industry professionals, and enthusiasts from around the world. We offer a range of sponsorship packages, tailored to suit your organization&#8217;s goals and ensure impactful exposure throughout the event. Please let<\/p>\n<div><a class=\"btn-filled btn\" href=\"https:\/\/konferencje.umw.edu.pl\/psewroclaw2025\/partners-sponsors-pse-wroclaw\/\" title=\"Partners &amp; Sponsors &#8211; PSE Wroc\u0142aw\">Read More<\/a><\/div>\n","protected":false},"author":1,"featured_media":0,"parent":0,"menu_order":0,"comment_status":"closed","ping_status":"closed","template":"page-templates\/full-width.php","meta":{"footnotes":""},"class_list":["post-813","page","type-page","status-publish","hentry"],"_links":{"self":[{"href":"https:\/\/konferencje.umw.edu.pl\/psewroclaw2025\/wp-json\/wp\/v2\/pages\/813","targetHints":{"allow":["GET"]}}],"collection":[{"href":"https:\/\/konferencje.umw.edu.pl\/psewroclaw2025\/wp-json\/wp\/v2\/pages"}],"about":[{"href":"https:\/\/konferencje.umw.edu.pl\/psewroclaw2025\/wp-json\/wp\/v2\/types\/page"}],"author":[{"embeddable":true,"href":"https:\/\/konferencje.umw.edu.pl\/psewroclaw2025\/wp-json\/wp\/v2\/users\/1"}],"replies":[{"embeddable":true,"href":"https:\/\/konferencje.umw.edu.pl\/psewroclaw2025\/wp-json\/wp\/v2\/comments?post=813"}],"version-history":[{"count":74,"href":"https:\/\/konferencje.umw.edu.pl\/psewroclaw2025\/wp-json\/wp\/v2\/pages\/813\/revisions"}],"predecessor-version":[{"id":1876,"href":"https:\/\/konferencje.umw.edu.pl\/psewroclaw2025\/wp-json\/wp\/v2\/pages\/813\/revisions\/1876"}],"wp:attachment":[{"href":"https:\/\/konferencje.umw.edu.pl\/psewroclaw2025\/wp-json\/wp\/v2\/media?parent=813"}],"curies":[{"name":"wp","href":"https:\/\/api.w.org\/{rel}","templated":true}]}}