{"id":995,"date":"2024-09-16T01:24:19","date_gmt":"2024-09-15T23:24:19","guid":{"rendered":"https:\/\/konferencje.umw.edu.pl\/psewroclaw2025\/?page_id=995"},"modified":"2025-05-28T12:10:49","modified_gmt":"2025-05-28T10:10:49","slug":"scientific-committee","status":"publish","type":"page","link":"https:\/\/konferencje.umw.edu.pl\/psewroclaw2025\/committees\/scientific-committee\/","title":{"rendered":"Scientific Committee"},"content":{"rendered":"<p><span style=\"color: #000000\">Randolph Arroo (De Montfort University at Leicester, UK)<\/span><br \/>\n<span style=\"color: #000000\">Petr Babula (Masaryk University, CZ)<\/span><br \/>\n<span style=\"color: #000000\">S\u00f8ren Bak (University of Copenhagen, DK)<\/span><br \/>\n<span style=\"color: #000000\">Franz Bucar (University of Graz, AT)<\/span><br \/>\n<span style=\"color: #000000\">Lucie Cahlikova (Charles University, CZ)<\/span><br \/>\n<span style=\"color: #000000\">Judyta Cielecka-Piontek (Poznan Medical University, PL)<\/span><br \/>\n<span style=\"color: #000000\">Luisa Custodio (Center of Marine Biotechnology, University of Algarve, PT)<\/span><br \/>\n<span style=\"color: #000000\">Monika E. Czerwi\u0144ska (Warsaw Medical University, PL)<\/span><br \/>\n<span style=\"color: #000000\">Zora Daji\u0107 (University of Belgrade, RS)<\/span><br \/>\n<span style=\"color: #000000\">Francesco Epifano (University of Chieti-Pescara, IT)<\/span><br \/>\n<span style=\"color: #000000\">Maria Ferreira (University of Lisbon, PT)<\/span><br \/>\n<span style=\"color: #000000\">Karin Fester (University of Applied Sciences at G\u00f6rlitz-Zittau, DE)<\/span><br \/>\n<span style=\"color: #000000\">Katarzyna Gawe\u0142-B\u0119ben (University of IT and Management in Rzeszow, PL)<\/span><br \/>\n<span style=\"color: #000000\">Milen Georgiev (Bulgarian Academy of Sciences, BG)<\/span><br \/>\n<span style=\"color: #000000\">Jonathan Gershenzon (Max-Planck Institute of Chemical Ecology, DE)<\/span><br \/>\n<span style=\"color: #000000\">Reneta Gevrenova (Sofia Medical University, BG)<\/span><br \/>\n<span style=\"color: #000000\">Simon Gibbons (the Centre for Natural Products Discovery at Liverpool John Moores University, UK)<\/span><br \/>\n<span style=\"color: #000000\">Sebastian Granica (Warszawski Uniwersytet Medyczny, PL)<\/span><br \/>\n<span style=\"color: #000000\">Igor Jerkovi\u0107 (University of Split, HR)<\/span><br \/>\n<span style=\"color: #000000\">Adam Junka (Wroclaw Medical University, PL)<\/span><br \/>\n<span style=\"color: #000000\">Anna Kiss (Warsaw Medical University, PL)<\/span><br \/>\n<span style=\"color: #000000\">Joanna Kolniak-Ostek (Wroclaw University of Life Sciences, PL)<\/span><br \/>\n<span style=\"color: #000000\">Slavko Komarnytsky (South Carolina State University, USA)<\/span><br \/>\n<span style=\"color: #000000\">Iwona Kowalska (IUNG Institute of Cultivation and Soil Science at Pulawy, PL)<\/span><br \/>\n<span style=\"color: #000000\">Alessia Ligresti (Institute of Biomolecular Chemistry, CNR, IT)<\/span><br \/>\n<span style=\"color: #000000\">Chang Jun Liu (Brookhaven National Laboratory, USA)<\/span><br \/>\n<span style=\"color: #000000\">Vlad Simon Luca (Technical University of Munich, DE)<\/span><br \/>\n<span style=\"color: #000000\">Jutta Ludwig-M\u00fcller (Technical University Dresden, DE)<\/span><br \/>\n<span style=\"color: #000000\">Francisco Macias (University of Cadiz, ES)<\/span><br \/>\n<span style=\"color: #000000\">Marek Malicki (University of Wroclaw, PL)<\/span><br \/>\n<span style=\"color: #000000\">Stefan Martens (Metabolomics Center, Fondazione Edmund Mach, IT)<\/span><br \/>\n<span style=\"color: #000000\">Agnieszka Mastalerz-Migas (Wroclaw Medical University, PL)<\/span><br \/>\n<span style=\"color: #000000\">Adam Matkowski \u2013 Symposium Chair (Wroclaw Medical University \u2013 the host)<\/span><br \/>\n<span style=\"color: #000000\">Marta Mendel (Warsaw University of Agriculture SGGW, PL)<\/span><br \/>\n<span style=\"color: #000000\">Anca Miron (University of Iasi, RO)<\/span><br \/>\n<span style=\"color: #000000\">Marek Murias (Pozna\u0144 Medical University, PL)<\/span><br \/>\n<span style=\"color: #000000\">Bo\u017cena Muszy\u0144ska (Jagiellonian University School of Pharmacy, PL)<\/span><br \/>\n<span style=\"color: #000000\">Lutfun Nahar (John Moores University at Liverpool, UK)<\/span><br \/>\n<span style=\"color: #000000\">Rosario Nicoletti (University of Naples \u2018Federico II\u2019, IT)<\/span><br \/>\n<span style=\"color: #000000\">Wieslaw Oleszek (IUNG Institute of Cultivation and Soil Science at Pulawy, PL)<\/span><br \/>\n<span style=\"color: #000000\">Monika Olszewska (Medical University at \u0141\u00f3d\u017a, PL)<\/span><br \/>\n<span style=\"color: #000000\">C\u00e9line Rivi\u00e8re (Universit\u00e9 de Lille, FR)<\/span><br \/>\n<span style=\"color: #000000\">Satya Sarker (John Moores University at Liverpool, UK)<\/span><br \/>\n<span style=\"color: #000000\">Krystyna Skalicka-Wo\u017aniak (Medical University of Lublin, PL)<\/span><br \/>\n<span style=\"color: #000000\">Karel \u0160mejkal (Masaryk University, CZ)<\/span><br \/>\n<span style=\"color: #000000\">Ireneusz Sowa (Medical University of Lublin, PL)<\/span><br \/>\n<span style=\"color: #000000\">Miroslav Strnad (Palacky University at Olomouc, CZ)<\/span><br \/>\n<span style=\"color: #000000\">Anna Szakiel (University of Warsaw, PL)<\/span><br \/>\n<span style=\"color: #000000\">Agnieszka Szopa (Jagiellonian University School of Pharmacy, PL)<\/span><br \/>\n<span style=\"color: #000000\">Antoni Szumny (Wroclaw University of Life Sciences, PL)<\/span><br \/>\n<span style=\"color: #000000\">Sylwester \u015alusarczyk (Wroclaw Medical University, PL)<\/span><br \/>\n<span style=\"color: #000000\">Michael Tomczyk (Medical University at Bialystok, PL)<\/span><br \/>\n<span style=\"color: #000000\">Antoaneta Trendafilova (Bulgarian Academy of Sciences, BG)<\/span><br \/>\n<span style=\"color: #000000\">Carlo Tuberoso (University of Cagliari, IT)<\/span><br \/>\n<span style=\"color: #000000\">Chin-Kun Wang (Taichung Medical University, RoC Taipei)<\/span><br \/>\n<span style=\"color: #000000\">Heribert Warzecha (Technical University at Darmstadt, DE)<\/span><br \/>\n<span style=\"color: #000000\">Alexander Weng (Free University of Berlin, DE)<\/span><br \/>\n<span style=\"color: #000000\">Magdalena W\u00f3jciak (Medical University of Lublin, PL)<\/span><br \/>\n<span style=\"color: #000000\">Evelyn Wolfram (Zurich University of Applied Sciences, CH)<\/span><br \/>\n<span style=\"color: #000000\">Slawomir Wybraniec (Krakow University of Technology, PL)<\/span><br \/>\n<span style=\"color: #000000\">Xiao Jianbo (University of Vigo, ES)<\/span><br \/>\n<span style=\"color: #000000\">Christian Zidorn (University of Kiel, DE)<\/span><br \/>\n<span style=\"color: #000000\">Sylwia Zielinska \u2013 Symposium Vice Chair (Wroclaw Medical University \u2013 the host)<\/span><br \/>\n<span style=\"color: #000000\">Beata Zimowska (Lublin University of Agriculture, PL)<\/span><br \/>\n<span style=\"color: #000000\">Marjana Zovko-Konci\u0107 (University of Zagreb, HR)<\/span><\/p>\n<div><\/div>\n<p>&nbsp;<\/p>\n<p>&nbsp;<\/p>\n","protected":false},"excerpt":{"rendered":"<p>Randolph Arroo (De Montfort University at Leicester, UK) Petr Babula (Masaryk University, CZ) S\u00f8ren Bak (University of Copenhagen, DK) Franz Bucar (University of Graz, AT) Lucie Cahlikova (Charles University, CZ) Judyta Cielecka-Piontek (Poznan Medical University, PL) Luisa Custodio (Center of Marine Biotechnology, University of Algarve, PT) Monika E. Czerwi\u0144ska (Warsaw Medical University, PL) Zora Daji\u0107<\/p>\n<div><a class=\"btn-filled btn\" href=\"https:\/\/konferencje.umw.edu.pl\/psewroclaw2025\/committees\/scientific-committee\/\" title=\"Scientific Committee\">Read More<\/a><\/div>\n","protected":false},"author":26,"featured_media":0,"parent":164,"menu_order":1,"comment_status":"closed","ping_status":"closed","template":"","meta":{"footnotes":""},"class_list":["post-995","page","type-page","status-publish","hentry"],"_links":{"self":[{"href":"https:\/\/konferencje.umw.edu.pl\/psewroclaw2025\/wp-json\/wp\/v2\/pages\/995","targetHints":{"allow":["GET"]}}],"collection":[{"href":"https:\/\/konferencje.umw.edu.pl\/psewroclaw2025\/wp-json\/wp\/v2\/pages"}],"about":[{"href":"https:\/\/konferencje.umw.edu.pl\/psewroclaw2025\/wp-json\/wp\/v2\/types\/page"}],"author":[{"embeddable":true,"href":"https:\/\/konferencje.umw.edu.pl\/psewroclaw2025\/wp-json\/wp\/v2\/users\/26"}],"replies":[{"embeddable":true,"href":"https:\/\/konferencje.umw.edu.pl\/psewroclaw2025\/wp-json\/wp\/v2\/comments?post=995"}],"version-history":[{"count":34,"href":"https:\/\/konferencje.umw.edu.pl\/psewroclaw2025\/wp-json\/wp\/v2\/pages\/995\/revisions"}],"predecessor-version":[{"id":1848,"href":"https:\/\/konferencje.umw.edu.pl\/psewroclaw2025\/wp-json\/wp\/v2\/pages\/995\/revisions\/1848"}],"up":[{"embeddable":true,"href":"https:\/\/konferencje.umw.edu.pl\/psewroclaw2025\/wp-json\/wp\/v2\/pages\/164"}],"wp:attachment":[{"href":"https:\/\/konferencje.umw.edu.pl\/psewroclaw2025\/wp-json\/wp\/v2\/media?parent=995"}],"curies":[{"name":"wp","href":"https:\/\/api.w.org\/{rel}","templated":true}]}}