{"id":56,"date":"2022-12-19T14:05:36","date_gmt":"2022-12-19T13:05:36","guid":{"rendered":"https:\/\/konferencje.umw.edu.pl\/synphadiet\/?page_id=56"},"modified":"2025-06-25T14:18:08","modified_gmt":"2025-06-25T12:18:08","slug":"organizatorzy","status":"publish","type":"page","link":"https:\/\/konferencje.umw.edu.pl\/synphadiet\/organizatorzy\/","title":{"rendered":"Organisers"},"content":{"rendered":"<p>&nbsp;<\/p>\n<div>\n<div style=\"color: black\">\n<h2 style=\"text-align: left\"><b>CONFERENCE ORGANISERS<\/b><\/h2>\n<h4>Student research group (SKN)<\/h4>\n<h3><img loading=\"lazy\" decoding=\"async\" class=\"alignnone wp-image-1041\" src=\"https:\/\/konferencje.umw.edu.pl\/synphadiet\/wp-content\/uploads\/sites\/33\/2025\/05\/SKN_dietetyki-300x300.png\" alt=\"\" width=\"220\" height=\"220\" srcset=\"https:\/\/konferencje.umw.edu.pl\/synphadiet\/wp-content\/uploads\/sites\/33\/2025\/05\/SKN_dietetyki-300x300.png 300w, https:\/\/konferencje.umw.edu.pl\/synphadiet\/wp-content\/uploads\/sites\/33\/2025\/05\/SKN_dietetyki-1024x1024.png 1024w, https:\/\/konferencje.umw.edu.pl\/synphadiet\/wp-content\/uploads\/sites\/33\/2025\/05\/SKN_dietetyki-150x150.png 150w, https:\/\/konferencje.umw.edu.pl\/synphadiet\/wp-content\/uploads\/sites\/33\/2025\/05\/SKN_dietetyki-768x768.png 768w, https:\/\/konferencje.umw.edu.pl\/synphadiet\/wp-content\/uploads\/sites\/33\/2025\/05\/SKN_dietetyki-1536x1536.png 1536w, https:\/\/konferencje.umw.edu.pl\/synphadiet\/wp-content\/uploads\/sites\/33\/2025\/05\/SKN_dietetyki-2048x2048.png 2048w, https:\/\/konferencje.umw.edu.pl\/synphadiet\/wp-content\/uploads\/sites\/33\/2025\/05\/SKN_dietetyki-116x116.png 116w\" sizes=\"auto, (max-width: 220px) 100vw, 220px\" \/><img loading=\"lazy\" decoding=\"async\" class=\"alignnone wp-image-1042\" src=\"https:\/\/konferencje.umw.edu.pl\/synphadiet\/wp-content\/uploads\/sites\/33\/2025\/05\/SKN_toksykologii-300x300.png\" alt=\"\" width=\"167\" height=\"167\" srcset=\"https:\/\/konferencje.umw.edu.pl\/synphadiet\/wp-content\/uploads\/sites\/33\/2025\/05\/SKN_toksykologii-300x300.png 300w, https:\/\/konferencje.umw.edu.pl\/synphadiet\/wp-content\/uploads\/sites\/33\/2025\/05\/SKN_toksykologii-150x150.png 150w, https:\/\/konferencje.umw.edu.pl\/synphadiet\/wp-content\/uploads\/sites\/33\/2025\/05\/SKN_toksykologii-116x116.png 116w, https:\/\/konferencje.umw.edu.pl\/synphadiet\/wp-content\/uploads\/sites\/33\/2025\/05\/SKN_toksykologii.png 500w\" sizes=\"auto, (max-width: 167px) 100vw, 167px\" \/><img loading=\"lazy\" decoding=\"async\" class=\"alignnone wp-image-1040\" src=\"https:\/\/konferencje.umw.edu.pl\/synphadiet\/wp-content\/uploads\/sites\/33\/2025\/05\/SKN_Chemii_Kosmetycznej-212x300.png\" alt=\"\" width=\"208\" height=\"294\" srcset=\"https:\/\/konferencje.umw.edu.pl\/synphadiet\/wp-content\/uploads\/sites\/33\/2025\/05\/SKN_Chemii_Kosmetycznej-212x300.png 212w, https:\/\/konferencje.umw.edu.pl\/synphadiet\/wp-content\/uploads\/sites\/33\/2025\/05\/SKN_Chemii_Kosmetycznej-724x1024.png 724w, https:\/\/konferencje.umw.edu.pl\/synphadiet\/wp-content\/uploads\/sites\/33\/2025\/05\/SKN_Chemii_Kosmetycznej-768x1086.png 768w, https:\/\/konferencje.umw.edu.pl\/synphadiet\/wp-content\/uploads\/sites\/33\/2025\/05\/SKN_Chemii_Kosmetycznej-1086x1536.png 1086w, https:\/\/konferencje.umw.edu.pl\/synphadiet\/wp-content\/uploads\/sites\/33\/2025\/05\/SKN_Chemii_Kosmetycznej-1448x2048.png 1448w, https:\/\/konferencje.umw.edu.pl\/synphadiet\/wp-content\/uploads\/sites\/33\/2025\/05\/SKN_Chemii_Kosmetycznej-82x116.png 82w, https:\/\/konferencje.umw.edu.pl\/synphadiet\/wp-content\/uploads\/sites\/33\/2025\/05\/SKN_Chemii_Kosmetycznej.png 1587w\" sizes=\"auto, (max-width: 208px) 100vw, 208px\" \/> \u00a0 <img loading=\"lazy\" decoding=\"async\" class=\"alignnone wp-image-1106\" src=\"https:\/\/konferencje.umw.edu.pl\/synphadiet\/wp-content\/uploads\/sites\/33\/2025\/05\/FUM_-1-252x300.png\" alt=\"\" width=\"139\" height=\"165\" srcset=\"https:\/\/konferencje.umw.edu.pl\/synphadiet\/wp-content\/uploads\/sites\/33\/2025\/05\/FUM_-1-252x300.png 252w, https:\/\/konferencje.umw.edu.pl\/synphadiet\/wp-content\/uploads\/sites\/33\/2025\/05\/FUM_-1-97x116.png 97w, https:\/\/konferencje.umw.edu.pl\/synphadiet\/wp-content\/uploads\/sites\/33\/2025\/05\/FUM_-1.png 421w\" sizes=\"auto, (max-width: 139px) 100vw, 139px\" \/><\/h3>\n<\/div>\n<\/div>\n<div>\n<div style=\"color: black\">\n<h3 style=\"text-align: left\"><b>HONORARY PATRONAGE<\/b><\/h3>\n<ul style=\"text-align: left\">\n<li>Vice Rector for Education and Student Experience Prof.\u00a0 Agnieszka Piwowar<\/li>\n<li>Dean of the Faculty of Pharmacy Assoc. Prof.\u00a0 Marcin M\u0105czy\u0144ski<\/li>\n<\/ul>\n<h3 style=\"text-align: left\"><b><strong data-start=\"97\" data-end=\"121\">ORGANISING <\/strong>COMMITTEE<\/b><\/h3>\n<p><b>PRESIDENT:<\/b><\/p>\n<ul>\n<li>Ewa \u017burawska-P\u0142aksej, Wroclaw Medical University, Poland<\/li>\n<\/ul>\n<p><strong>MEMBERS:<\/strong><\/p>\n<ul>\n<li>Anna Prescha, Wroclaw Medical University, Poland<\/li>\n<li>Dorota R\u00f3\u017ca\u0144ska, Wroclaw Medical University, Poland<\/li>\n<li>Joanna Pieczy\u0144ska, Wroclaw Medical University, Poland<\/li>\n<li>Magdalena Grajzer, Wroclaw Medical University, Poland<\/li>\n<li>Anna Chemielewska, Wroclaw Medical University, Poland<\/li>\n<li>Katarzyna Go\u0142\u0105bek, Wroclaw Medical University, Poland<\/li>\n<li>Mateusz Witkowski, Wroclaw Medical University, Poland<\/li>\n<li>Magdalena Janusz, Wroclaw Medical University, Poland<\/li>\n<li>Anna Bizo\u0144, Wroclaw Medical University, Poland<\/li>\n<li>Ewa Sawicka, Wroclaw Medical University, Poland<\/li>\n<li>Beata Szyma\u0144ska, Wroclaw Medical University, Poland<\/li>\n<li>Katarzyna Lipke, Wroclaw Medical University, Poland<\/li>\n<li>Beata Tyli\u0144ska, Wroclaw Medical University, Poland<\/li>\n<li>Aleksandra Redzicka, Wroclaw Medical University, Poland<\/li>\n<li>Aleksandra Sza\u0142yga, Wroclaw Medical University, Poland<\/li>\n<li>Marta We\u0142yczko, Wroclaw Medical University, Poland<\/li>\n<li>Patrycja Szczepa\u0144czyk, Wroclaw Medical University, Poland<\/li>\n<\/ul>\n<p><strong>MODERATORS:<\/strong><\/p>\n<ul>\n<li>Martyna Tomusiak, Wroclaw Medical University, Poland<\/li>\n<li>Paulina Wachal, Wroclaw Medical University, Poland<\/li>\n<li>Marta Miszczak, Wroclaw Medical University, Poland<\/li>\n<li>Emilia Maryszczak, Wroclaw Medical University, Poland<\/li>\n<li>Daria Abadzijewa, Wroclaw Medical University, Poland<\/li>\n<li>Nikola \u0141a\u0144ska, Wroclaw Medical University, Poland<\/li>\n<\/ul>\n<h3 style=\"text-align: left\"><b><strong data-start=\"97\" data-end=\"121\">SCIENTIFIC <\/strong>COMMITTEE<\/b><\/h3>\n<p><b>PRESIDENT:<\/b><\/p>\n<ul style=\"text-align: left\">\n<li>Anna Prescha, Wroclaw Medical University, Poland<\/li>\n<\/ul>\n<p><b>MEMBERS:<\/b><\/p>\n<ul>\n<li>Dorota R\u00f3\u017ca\u0144ska, Wroclaw Medical University, Poland<\/li>\n<li>Anna Bizo\u0144, Wroclaw Medical University, Poland<\/li>\n<li>Ewa Sawicka, Wroclaw Medical University, Poland<\/li>\n<li>Martin Krobot, Masaryk University, Czech Republic<\/li>\n<li>Geoffrey Axiak, University of Malta, Republic of Malta<\/li>\n<li>Cathal O\u2019Hara,\u00a0Royal College of Surgeons in Ireland, Republic of Ireland<\/li>\n<li>Eliska Selinger, Charles University, Czech Republic<\/li>\n<\/ul>\n<\/div>\n<div style=\"flex: 1 1 0%;text-align: left\"><\/div>\n<\/div>\n","protected":false},"excerpt":{"rendered":"<p>&nbsp; CONFERENCE ORGANISERS Student research group (SKN) \u00a0 HONORARY PATRONAGE Vice Rector for Education and Student Experience Prof.\u00a0 Agnieszka Piwowar Dean of the Faculty of Pharmacy Assoc. Prof.\u00a0 Marcin M\u0105czy\u0144ski ORGANISING COMMITTEE PRESIDENT: Ewa \u017burawska-P\u0142aksej, Wroclaw Medical University, Poland MEMBERS: Anna Prescha, Wroclaw Medical University, Poland Dorota R\u00f3\u017ca\u0144ska, Wroclaw Medical University, Poland Joanna Pieczy\u0144ska, Wroclaw<\/p>\n<div><a class=\"btn-filled btn\" href=\"https:\/\/konferencje.umw.edu.pl\/synphadiet\/organizatorzy\/\" title=\"Organisers\">Dowiedz si\u0119 wi\u0119cej<\/a><\/div>\n","protected":false},"author":1,"featured_media":0,"parent":0,"menu_order":0,"comment_status":"closed","ping_status":"closed","template":"","meta":{"footnotes":""},"class_list":["post-56","page","type-page","status-publish","hentry"],"_links":{"self":[{"href":"https:\/\/konferencje.umw.edu.pl\/synphadiet\/wp-json\/wp\/v2\/pages\/56","targetHints":{"allow":["GET"]}}],"collection":[{"href":"https:\/\/konferencje.umw.edu.pl\/synphadiet\/wp-json\/wp\/v2\/pages"}],"about":[{"href":"https:\/\/konferencje.umw.edu.pl\/synphadiet\/wp-json\/wp\/v2\/types\/page"}],"author":[{"embeddable":true,"href":"https:\/\/konferencje.umw.edu.pl\/synphadiet\/wp-json\/wp\/v2\/users\/1"}],"replies":[{"embeddable":true,"href":"https:\/\/konferencje.umw.edu.pl\/synphadiet\/wp-json\/wp\/v2\/comments?post=56"}],"version-history":[{"count":75,"href":"https:\/\/konferencje.umw.edu.pl\/synphadiet\/wp-json\/wp\/v2\/pages\/56\/revisions"}],"predecessor-version":[{"id":1234,"href":"https:\/\/konferencje.umw.edu.pl\/synphadiet\/wp-json\/wp\/v2\/pages\/56\/revisions\/1234"}],"wp:attachment":[{"href":"https:\/\/konferencje.umw.edu.pl\/synphadiet\/wp-json\/wp\/v2\/media?parent=56"}],"curies":[{"name":"wp","href":"https:\/\/api.w.org\/{rel}","templated":true}]}}