{"id":586,"date":"2024-02-16T08:10:56","date_gmt":"2024-02-16T07:10:56","guid":{"rendered":"https:\/\/konferencje.umw.edu.pl\/synphadiet\/?page_id=586"},"modified":"2025-09-02T15:06:09","modified_gmt":"2025-09-02T13:06:09","slug":"program","status":"publish","type":"page","link":"https:\/\/konferencje.umw.edu.pl\/synphadiet\/program\/","title":{"rendered":"Programme"},"content":{"rendered":"<p>8:30 &#8211; 8:45 Welcome<\/p>\n<p>Opening of the conference by Prof. Marzena Dominiak, Vice-Rector for Internatiolization,<br \/>\nWroclaw Medical University (WMU)<\/p>\n<h5><strong>1<sup>st<\/sup> session\u00a0 Nutrition Across Different Life Stages<\/strong><\/h5>\n<p>8:45 &#8211; 9:10 &#8211; School meals from a global health perspective<br \/>\n(Martin Krobot, Masaryk University,\u00a0 Czech Republic)<\/p>\n<p>9:10 &#8211; 9:35 &#8211; Multifactorial determinants of nutrition in the elderly<br \/>\n(Dorota Rozanska, WMU, Poland)<\/p>\n<p>9:35 &#8211; 10:00 &#8211; Decreasing Obesity in Residents of an Elderly Home: A Campaign with a Difference? (Geoffrey Axiak, MLI, Malta)<\/p>\n<p>10:00 &#8211; 10:15 &#8211; Student presentation: An Evaluation of the Nutrition Knowledge of Large Language Model Chatbots<\/p>\n<p>10:15 &#8211; 10:30 &#8211; Student presentation: Small Particles, Big Concerns-Microplastics and Human Health<\/p>\n<p>10:30 &#8211; 10:55 &#8211; Transforming Maternal Health: From Gestational Diabetes to Long-Term Wellness (Pauline Dunne, RCSI, Ireland)<\/p>\n<p>10:55 &#8211; 11:25 &#8211; Coffee break<\/p>\n<h5><strong>2<sup>nd<\/sup>\u00a0 session Shaping Health Behaviors: Technology, Markets and Nutrition<\/strong><\/h5>\n<p>11:25 &#8211; 11:50 &#8211; Mesocorticolimbic dopamine transmission modifications during Red Bull self-administration, alone or in association with ethanol, from adolescence to adulthood<br \/>\n(Valentina Bassareo, University of Cagliari, Italy)<\/p>\n<p>11:50 &#8211; 12:15 &#8211; Large Language Models in Nutrition and Dietetics<br \/>\n(Cathal O\u2019Hara, RCSI University of Medicine and Health Sciences, Ireland)<\/p>\n<p>12:15 &#8211; 12:40 &#8211; Commercial determinants of health<br \/>\n(Eliska Selinger, Charles University, Czech Republic)<\/p>\n<p>12:40 &#8211; 12:55 &#8211; Student presentation: Climate-Anxious Eating: Are Students Adapting Their Diets<br \/>\nfor Sustainability?<\/p>\n<p>12:55 &#8211; 13:10 &#8211; Student presentation: From 'Fat&#8217; to Functional: Oils in the Spotlight<\/p>\n<p>13:10 &#8211; 14:00 &#8211; Lunch break\/ Poster session<\/p>\n<h5><strong>3<sup>rd<\/sup> session Innovative Approaches to Nutrition: Sustainability, Performance and Mindful Eating<\/strong><\/h5>\n<p>14:00 &#8211; 14:25 &#8211; Seed Oils from Fruit Waste: A Hidden Source of Health<br \/>\n(Magdalena Grajzer, WMU, Poland)<\/p>\n<p>14:25-\u00a0 14:40 &#8211; Fueling Performance or Growth? Nutritional Demands of Young Athletes<br \/>\n(Anna Chmielewska, WMU, Poland)<\/p>\n<p>14:40 &#8211; 14:55 &#8211; Student presentation: What Can Students Buy at School? School Food Vending Regulations across Europe<\/p>\n<p>14:55-\u00a0 15:10 &#8211; Student presentation: Biological, Psychological and Social Aspects of Nutrition<\/p>\n<p>15:10 &#8211; 15:45 &#8211; Snacking made right &#8211; How Mindful Is Your Munching<br \/>\n(Dorota Soko\u0142owska-Kozie\u0142, Mondel\u0113z International)<\/p>\n<p>15:45 &#8211; 16:10 &#8211; Awards for the Best Student Contributions and Closing Session<\/p>\n<p>&nbsp;<\/p>\n","protected":false},"excerpt":{"rendered":"<p>8:30 &#8211; 8:45 Welcome Opening of the conference by Prof. Marzena Dominiak, Vice-Rector for Internatiolization, Wroclaw Medical University (WMU) 1st session\u00a0 Nutrition Across Different Life Stages 8:45 &#8211; 9:10 &#8211; School meals from a global health perspective (Martin Krobot, Masaryk University,\u00a0 Czech Republic) 9:10 &#8211; 9:35 &#8211; Multifactorial determinants of nutrition in the elderly (Dorota<\/p>\n<div><a class=\"btn-filled btn\" href=\"https:\/\/konferencje.umw.edu.pl\/synphadiet\/program\/\" title=\"Programme\">Dowiedz si\u0119 wi\u0119cej<\/a><\/div>\n","protected":false},"author":1,"featured_media":0,"parent":0,"menu_order":0,"comment_status":"closed","ping_status":"closed","template":"","meta":{"footnotes":""},"class_list":["post-586","page","type-page","status-publish","hentry"],"_links":{"self":[{"href":"https:\/\/konferencje.umw.edu.pl\/synphadiet\/wp-json\/wp\/v2\/pages\/586","targetHints":{"allow":["GET"]}}],"collection":[{"href":"https:\/\/konferencje.umw.edu.pl\/synphadiet\/wp-json\/wp\/v2\/pages"}],"about":[{"href":"https:\/\/konferencje.umw.edu.pl\/synphadiet\/wp-json\/wp\/v2\/types\/page"}],"author":[{"embeddable":true,"href":"https:\/\/konferencje.umw.edu.pl\/synphadiet\/wp-json\/wp\/v2\/users\/1"}],"replies":[{"embeddable":true,"href":"https:\/\/konferencje.umw.edu.pl\/synphadiet\/wp-json\/wp\/v2\/comments?post=586"}],"version-history":[{"count":45,"href":"https:\/\/konferencje.umw.edu.pl\/synphadiet\/wp-json\/wp\/v2\/pages\/586\/revisions"}],"predecessor-version":[{"id":1245,"href":"https:\/\/konferencje.umw.edu.pl\/synphadiet\/wp-json\/wp\/v2\/pages\/586\/revisions\/1245"}],"wp:attachment":[{"href":"https:\/\/konferencje.umw.edu.pl\/synphadiet\/wp-json\/wp\/v2\/media?parent=586"}],"curies":[{"name":"wp","href":"https:\/\/api.w.org\/{rel}","templated":true}]}}