{"id":262,"date":"2023-11-17T14:42:10","date_gmt":"2023-11-17T13:42:10","guid":{"rendered":"https:\/\/konferencje.umw.edu.pl\/teaching-learning-innovation\/?page_id=262"},"modified":"2026-04-13T17:15:21","modified_gmt":"2026-04-13T15:15:21","slug":"kontakt","status":"publish","type":"page","link":"https:\/\/konferencje.umw.edu.pl\/teaching-learning-innovation\/kontakt\/","title":{"rendered":"Contact"},"content":{"rendered":"\n<p>Dzia\u0142 Wsp\u00f3\u0142pracy Mi\u0119dzynarodowej ul. Cha\u0142ubi\u0144skiego 6a &#8211; parter, 50-368 Wroc\u0142aw<\/p>\n\n\n\n<p>email: emilia.basinska@emiliabasinska<\/p>\n\n\n\n<p><\/p>\n","protected":false},"excerpt":{"rendered":"<p>Dzia\u0142 Wsp\u00f3\u0142pracy Mi\u0119dzynarodowej ul. Cha\u0142ubi\u0144skiego 6a &#8211; parter, 50-368 Wroc\u0142aw email: emilia.basinska@emiliabasinska<\/p>\n","protected":false},"author":21,"featured_media":0,"parent":0,"menu_order":0,"comment_status":"closed","ping_status":"closed","template":"","meta":{"footnotes":""},"class_list":["post-262","page","type-page","status-publish","hentry"],"_links":{"self":[{"href":"https:\/\/konferencje.umw.edu.pl\/teaching-learning-innovation\/wp-json\/wp\/v2\/pages\/262","targetHints":{"allow":["GET"]}}],"collection":[{"href":"https:\/\/konferencje.umw.edu.pl\/teaching-learning-innovation\/wp-json\/wp\/v2\/pages"}],"about":[{"href":"https:\/\/konferencje.umw.edu.pl\/teaching-learning-innovation\/wp-json\/wp\/v2\/types\/page"}],"author":[{"embeddable":true,"href":"https:\/\/konferencje.umw.edu.pl\/teaching-learning-innovation\/wp-json\/wp\/v2\/users\/21"}],"replies":[{"embeddable":true,"href":"https:\/\/konferencje.umw.edu.pl\/teaching-learning-innovation\/wp-json\/wp\/v2\/comments?post=262"}],"version-history":[{"count":7,"href":"https:\/\/konferencje.umw.edu.pl\/teaching-learning-innovation\/wp-json\/wp\/v2\/pages\/262\/revisions"}],"predecessor-version":[{"id":572,"href":"https:\/\/konferencje.umw.edu.pl\/teaching-learning-innovation\/wp-json\/wp\/v2\/pages\/262\/revisions\/572"}],"wp:attachment":[{"href":"https:\/\/konferencje.umw.edu.pl\/teaching-learning-innovation\/wp-json\/wp\/v2\/media?parent=262"}],"curies":[{"name":"wp","href":"https:\/\/api.w.org\/{rel}","templated":true}]}}