{"id":269,"date":"2023-11-17T21:08:28","date_gmt":"2023-11-17T20:08:28","guid":{"rendered":"https:\/\/konferencje.umw.edu.pl\/teaching-learning-innovation\/?page_id=269"},"modified":"2026-05-06T09:21:30","modified_gmt":"2026-05-06T07:21:30","slug":"zapisy","status":"publish","type":"page","link":"https:\/\/konferencje.umw.edu.pl\/teaching-learning-innovation\/zapisy\/","title":{"rendered":"Registration"},"content":{"rendered":"\r\n<p>Udzia\u0142 w konferencji mo\u017cna zarejestrowa\u0107 na dwa sposoby:<\/p>\r\n\r\n\r\n\r\n<ol class=\"wp-block-list\">\r\n<li><a>poprzez formularz rejestracyjny online <\/a><strong><a href=\"https:\/\/forms.cloud.microsoft\/e\/aQSuQsU4ce\"><u>(link)<\/u><\/a><\/strong>,<\/li>\r\n\r\n\r\n\r\n<li><a>drog\u0105 mailow\u0105 \u2013 przesy\u0142aj\u0105c wype\u0142niony formularz zg\u0142oszeniowy na adres: <u>emilia.basinska@umw.edu.pl<\/u><\/a><\/li>\r\n<\/ol>\r\n\r\n\r\n\r\n<p><strong>UDZIA\u0141 W KONFERENCJI JEST BEZP\u0141ATNY \u2013 FINANSOWANY PRZEZ NARODOW\u0104 AGENCJ\u0118 WYMIANY AKADEMICKIEJ<\/strong><\/p>\r\n\r\n\r\n\r\n<p>&#8212;&#8212;&#8212;&#8212;&#8212;&#8212;&#8212;&#8212;&#8212;&#8212;&#8212;&#8212;&#8212;&#8212;&#8212;&#8212;&#8212;&#8212;&#8212;&#8212;&#8212;&#8212;&#8212;&#8212;&#8212;&#8212;&#8212;&#8212;&#8212;&#8212;&#8212;&#8212;&#8212;&#8212;&#8212;&#8212;&#8212;&#8212;&#8212;&#8212;&#8212;&#8212;&#8212;&#8212;&#8212;&#8212;&#8212;&#8212;&#8212;&#8212;&#8212;&#8212;<\/p>\r\n\r\n\r\n\r\n<p>Conference participation can be registered in two ways:<\/p>\r\n<ol class=\"wp-block-list\">\r\n<li><a>via the online registration form <\/a><strong><a href=\"https:\/\/forms.cloud.microsoft\/e\/FtTYGte2Js\"><u>(link)<\/u><\/a><\/strong>,<\/li>\r\n\r\n\r\n\r\n<li><a>by email \u2013 by sending the completed registration form to: <u>emilia.basinska@umw.edu.pl<\/u><\/a><\/li>\r\n<\/ol>\r\n\r\n\r\n\r\n\r\n\r\n\r\n\r\n<p>&nbsp;<\/p>\r\n\r\n\r\n\r\n<p><strong>CONFERENCE IS FREE OF CHARGE FUNDED BY NATIONAL AGENCY FOR ACADEMIC EXCHANGE<\/strong><\/p>\r\n\r\n\r\n\r\n<figure class=\"wp-block-image size-full\"><img loading=\"lazy\" decoding=\"async\" width=\"425\" height=\"118\" class=\"wp-image-584\" src=\"https:\/\/konferencje.umw.edu.pl\/teaching-learning-innovation\/wp-content\/uploads\/sites\/47\/2026\/04\/image.png\" alt=\"\" srcset=\"https:\/\/konferencje.umw.edu.pl\/teaching-learning-innovation\/wp-content\/uploads\/sites\/47\/2026\/04\/image.png 425w, https:\/\/konferencje.umw.edu.pl\/teaching-learning-innovation\/wp-content\/uploads\/sites\/47\/2026\/04\/image-300x83.png 300w, https:\/\/konferencje.umw.edu.pl\/teaching-learning-innovation\/wp-content\/uploads\/sites\/47\/2026\/04\/image-228x63.png 228w\" sizes=\"auto, (max-width: 425px) 100vw, 425px\" \/><\/figure>\r\n","protected":false},"excerpt":{"rendered":"<p>Udzia\u0142 w konferencji mo\u017cna zarejestrowa\u0107 na dwa sposoby: UDZIA\u0141 W KONFERENCJI JEST BEZP\u0141ATNY \u2013 FINANSOWANY PRZEZ NARODOW\u0104 AGENCJ\u0118 WYMIANY AKADEMICKIEJ &#8212;&#8212;&#8212;&#8212;&#8212;&#8212;&#8212;&#8212;&#8212;&#8212;&#8212;&#8212;&#8212;&#8212;&#8212;&#8212;&#8212;&#8212;&#8212;&#8212;&#8212;&#8212;&#8212;&#8212;&#8212;&#8212;&#8212;&#8212;&#8212;&#8212;&#8212;&#8212;&#8212;&#8212;&#8212;&#8212;&#8212;&#8212;&#8212;&#8212;&#8212;&#8212;&#8212;&#8212;&#8212;&#8212;&#8212;&#8212;&#8212;&#8212;&#8212;&#8212; Conference participation can be registered in two ways: via the online registration form (link), &nbsp; CONFERENCE IS FREE OF CHARGE FUNDED BY NATIONAL AGENCY FOR ACADEMIC EXCHANGE<\/p>\n","protected":false},"author":21,"featured_media":0,"parent":0,"menu_order":0,"comment_status":"closed","ping_status":"closed","template":"","meta":{"footnotes":""},"class_list":["post-269","page","type-page","status-publish","hentry"],"_links":{"self":[{"href":"https:\/\/konferencje.umw.edu.pl\/teaching-learning-innovation\/wp-json\/wp\/v2\/pages\/269","targetHints":{"allow":["GET"]}}],"collection":[{"href":"https:\/\/konferencje.umw.edu.pl\/teaching-learning-innovation\/wp-json\/wp\/v2\/pages"}],"about":[{"href":"https:\/\/konferencje.umw.edu.pl\/teaching-learning-innovation\/wp-json\/wp\/v2\/types\/page"}],"author":[{"embeddable":true,"href":"https:\/\/konferencje.umw.edu.pl\/teaching-learning-innovation\/wp-json\/wp\/v2\/users\/21"}],"replies":[{"embeddable":true,"href":"https:\/\/konferencje.umw.edu.pl\/teaching-learning-innovation\/wp-json\/wp\/v2\/comments?post=269"}],"version-history":[{"count":49,"href":"https:\/\/konferencje.umw.edu.pl\/teaching-learning-innovation\/wp-json\/wp\/v2\/pages\/269\/revisions"}],"predecessor-version":[{"id":722,"href":"https:\/\/konferencje.umw.edu.pl\/teaching-learning-innovation\/wp-json\/wp\/v2\/pages\/269\/revisions\/722"}],"wp:attachment":[{"href":"https:\/\/konferencje.umw.edu.pl\/teaching-learning-innovation\/wp-json\/wp\/v2\/media?parent=269"}],"curies":[{"name":"wp","href":"https:\/\/api.w.org\/{rel}","templated":true}]}}