{"id":277,"date":"2026-04-13T17:19:56","date_gmt":"2026-04-13T15:19:56","guid":{"rendered":"https:\/\/konferencje.umw.edu.pl\/teaching-learning-innovation\/?page_id=277"},"modified":"2026-04-13T17:19:56","modified_gmt":"2026-04-13T15:19:56","slug":"organizatorzy-2","status":"publish","type":"page","link":"https:\/\/konferencje.umw.edu.pl\/teaching-learning-innovation\/organizatorzy-2\/","title":{"rendered":"Organizatorzy"},"content":{"rendered":"<p><img decoding=\"async\" src=\"https:\/\/encrypted-tbn0.gstatic.com\/images?q=tbn:ANd9GcQonsTuZinx4tOCjNcWVOoG1qIdZMosykXGQg&amp;s\" alt=\"Wydawnictwo Uniwersytetu Medycznego we Wroc\u0142awiu | Uniwersytet Medyczny im.  Piast\u00f3w \u015al\u0105skich we Wroc\u0142awiu\" \/><\/p>\n<p><img loading=\"lazy\" decoding=\"async\" class=\"\" src=\"https:\/\/welcomecenter.uz.zgora.pl\/fcp\/0HVEUFAgNARASPgMAUVFOQltfRkBIAwANASwFD0RJChMLC0hRCgAEA1FRThYCSUhOAwA-CxQDAAIFEhAPCAlGSRITHwEO\/174\/public\/images\/nawa\/k1_logo_dopuszcz_wers_podstawowa_en_rgb-02.png\" alt=\"NAWA \/ Welcome Center\" width=\"545\" height=\"152\" \/><\/p>\n<p><img loading=\"lazy\" decoding=\"async\" class=\"\" src=\"https:\/\/upload.wikimedia.org\/wikipedia\/commons\/thumb\/8\/8c\/European_University_Association_logo.svg\/1280px-European_University_Association_logo.svg.png\" alt=\"File:European University Association logo.svg - Wikimedia Commons\" width=\"527\" height=\"107\" \/><\/p>\n<p><img loading=\"lazy\" decoding=\"async\" class=\"\" src=\"https:\/\/connect.eugloh.eu\/assets\/images\/logos\/EUGLOH_logo.png\" alt=\"EUGLOH Connect\" width=\"543\" height=\"258\" \/><\/p>\n<p>&nbsp;<\/p>\n","protected":false},"excerpt":{"rendered":"<p>&nbsp;<\/p>\n","protected":false},"author":21,"featured_media":0,"parent":0,"menu_order":0,"comment_status":"closed","ping_status":"closed","template":"","meta":{"footnotes":""},"class_list":["post-277","page","type-page","status-publish","hentry"],"_links":{"self":[{"href":"https:\/\/konferencje.umw.edu.pl\/teaching-learning-innovation\/wp-json\/wp\/v2\/pages\/277","targetHints":{"allow":["GET"]}}],"collection":[{"href":"https:\/\/konferencje.umw.edu.pl\/teaching-learning-innovation\/wp-json\/wp\/v2\/pages"}],"about":[{"href":"https:\/\/konferencje.umw.edu.pl\/teaching-learning-innovation\/wp-json\/wp\/v2\/types\/page"}],"author":[{"embeddable":true,"href":"https:\/\/konferencje.umw.edu.pl\/teaching-learning-innovation\/wp-json\/wp\/v2\/users\/21"}],"replies":[{"embeddable":true,"href":"https:\/\/konferencje.umw.edu.pl\/teaching-learning-innovation\/wp-json\/wp\/v2\/comments?post=277"}],"version-history":[{"count":1,"href":"https:\/\/konferencje.umw.edu.pl\/teaching-learning-innovation\/wp-json\/wp\/v2\/pages\/277\/revisions"}],"predecessor-version":[{"id":575,"href":"https:\/\/konferencje.umw.edu.pl\/teaching-learning-innovation\/wp-json\/wp\/v2\/pages\/277\/revisions\/575"}],"wp:attachment":[{"href":"https:\/\/konferencje.umw.edu.pl\/teaching-learning-innovation\/wp-json\/wp\/v2\/media?parent=277"}],"curies":[{"name":"wp","href":"https:\/\/api.w.org\/{rel}","templated":true}]}}