{"id":2,"date":"2019-06-28T13:14:40","date_gmt":"2019-06-28T11:14:40","guid":{"rendered":"https:\/\/www.konferencje.umed.wroc.pl\/uruchamiamy-dzieciaki\/?page_id=2"},"modified":"2019-09-02T16:00:26","modified_gmt":"2019-09-02T14:00:26","slug":"przykladowa-strona","status":"publish","type":"page","link":"https:\/\/konferencje.umw.edu.pl\/uruchamiamy-dzieciaki\/przykladowa-strona\/","title":{"rendered":"Rejestracja"},"content":{"rendered":"<p>Zapraszamy do rejestracji udzia\u0142u w Konferencji poprzez poni\u017cszy formularz:<\/p>\n<p><a href=\"https:\/\/docs.google.com\/forms\/d\/1zJuXQ5UWDUDIof8u0DZZUKTINQW-gWlifg706dHfgOE\/edit?ts=5d4bf1b0\">https:\/\/docs.google.com\/forms\/d\/1zJuXQ5UWDUDIof8u0DZZUKTINQW-gWlifg706dHfgOE\/edit?ts=5d4bf1b0<\/a><\/p>\n<p>&nbsp;<\/p>\n<p class=\"gb_jb gb_kb\">Sympozjum<strong> Uruchamiamy Dzieciaki sytuacja zdrowotna i zachowania zdrowotne dzieci i m\u0142odzie\u017cy<\/strong><\/p>\n<h5>odb\u0119dzie si\u0119 5.09.2019 r. o godzinie 9:00<\/h5>\n<p>na Uniwersytecie Medyczny im. Piast\u00f3w \u015al\u0105skich we Wroc\u0142awiu<br \/>\n(budynek Biblioteki G\u0142\u00f3wnej UMW ul. Marcinkowskiego 2-6; s. 209-210)<\/p>\n<p>&nbsp;<\/p>\n<p>&nbsp;<\/p>\n","protected":false},"excerpt":{"rendered":"<p>Zapraszamy do rejestracji udzia\u0142u w Konferencji poprzez poni\u017cszy formularz: https:\/\/docs.google.com\/forms\/d\/1zJuXQ5UWDUDIof8u0DZZUKTINQW-gWlifg706dHfgOE\/edit?ts=5d4bf1b0 &nbsp; Sympozjum Uruchamiamy Dzieciaki sytuacja zdrowotna i zachowania zdrowotne dzieci i m\u0142odzie\u017cy odb\u0119dzie si\u0119 5.09.2019 r. o godzinie 9:00 na Uniwersytecie Medyczny im. Piast\u00f3w \u015al\u0105skich we Wroc\u0142awiu (budynek Biblioteki G\u0142\u00f3wnej UMW ul. Marcinkowskiego 2-6; s. 209-210) &nbsp; &nbsp;<\/p>\n","protected":false},"author":4,"featured_media":0,"parent":0,"menu_order":0,"comment_status":"closed","ping_status":"closed","template":"","meta":{"footnotes":""},"class_list":["post-2","page","type-page","status-publish","hentry"],"_links":{"self":[{"href":"https:\/\/konferencje.umw.edu.pl\/uruchamiamy-dzieciaki\/wp-json\/wp\/v2\/pages\/2","targetHints":{"allow":["GET"]}}],"collection":[{"href":"https:\/\/konferencje.umw.edu.pl\/uruchamiamy-dzieciaki\/wp-json\/wp\/v2\/pages"}],"about":[{"href":"https:\/\/konferencje.umw.edu.pl\/uruchamiamy-dzieciaki\/wp-json\/wp\/v2\/types\/page"}],"author":[{"embeddable":true,"href":"https:\/\/konferencje.umw.edu.pl\/uruchamiamy-dzieciaki\/wp-json\/wp\/v2\/users\/4"}],"replies":[{"embeddable":true,"href":"https:\/\/konferencje.umw.edu.pl\/uruchamiamy-dzieciaki\/wp-json\/wp\/v2\/comments?post=2"}],"version-history":[{"count":7,"href":"https:\/\/konferencje.umw.edu.pl\/uruchamiamy-dzieciaki\/wp-json\/wp\/v2\/pages\/2\/revisions"}],"predecessor-version":[{"id":316,"href":"https:\/\/konferencje.umw.edu.pl\/uruchamiamy-dzieciaki\/wp-json\/wp\/v2\/pages\/2\/revisions\/316"}],"wp:attachment":[{"href":"https:\/\/konferencje.umw.edu.pl\/uruchamiamy-dzieciaki\/wp-json\/wp\/v2\/media?parent=2"}],"curies":[{"name":"wp","href":"https:\/\/api.w.org\/{rel}","templated":true}]}}