{"id":29,"date":"2019-06-28T14:02:21","date_gmt":"2019-06-28T12:02:21","guid":{"rendered":"https:\/\/www.konferencje.umed.wroc.pl\/uruchamiamy-dzieciaki\/?page_id=29"},"modified":"2020-04-15T14:42:25","modified_gmt":"2020-04-15T12:42:25","slug":"kontakt","status":"publish","type":"page","link":"https:\/\/konferencje.umw.edu.pl\/uruchamiamy-dzieciaki\/kontakt\/","title":{"rendered":"KONTAKT"},"content":{"rendered":"<h5 class=\"gb_jb gb_kb\"><strong>Uruchamiamy Dzieciaki <\/p>\n<h5 class=\"gb_lb\">konferencjauruchamiamy@gmail.com<\/h5>\n<h5>patrycja.barowicz@umed.wroc.pl<\/h5>\n<h5>Uniwersytet Medyczny im. Piast\u00f3w \u015al\u0105skich we Wroc\u0142awiu<br \/>\n(aula budynku Biblioteki G\u0142\u00f3wnej UMW (s. 209-210) ul. Marcinkowskiego 2-6)<\/h5>\n","protected":false},"excerpt":{"rendered":"<p>Uruchamiamy Dzieciaki konferencjauruchamiamy@gmail.com patrycja.barowicz@umed.wroc.pl Uniwersytet Medyczny im. Piast\u00f3w \u015al\u0105skich we Wroc\u0142awiu (aula budynku Biblioteki G\u0142\u00f3wnej UMW (s. 209-210) ul. Marcinkowskiego 2-6)<\/p>\n","protected":false},"author":4,"featured_media":0,"parent":0,"menu_order":0,"comment_status":"closed","ping_status":"closed","template":"","meta":{"footnotes":""},"class_list":["post-29","page","type-page","status-publish","hentry"],"_links":{"self":[{"href":"https:\/\/konferencje.umw.edu.pl\/uruchamiamy-dzieciaki\/wp-json\/wp\/v2\/pages\/29","targetHints":{"allow":["GET"]}}],"collection":[{"href":"https:\/\/konferencje.umw.edu.pl\/uruchamiamy-dzieciaki\/wp-json\/wp\/v2\/pages"}],"about":[{"href":"https:\/\/konferencje.umw.edu.pl\/uruchamiamy-dzieciaki\/wp-json\/wp\/v2\/types\/page"}],"author":[{"embeddable":true,"href":"https:\/\/konferencje.umw.edu.pl\/uruchamiamy-dzieciaki\/wp-json\/wp\/v2\/users\/4"}],"replies":[{"embeddable":true,"href":"https:\/\/konferencje.umw.edu.pl\/uruchamiamy-dzieciaki\/wp-json\/wp\/v2\/comments?post=29"}],"version-history":[{"count":13,"href":"https:\/\/konferencje.umw.edu.pl\/uruchamiamy-dzieciaki\/wp-json\/wp\/v2\/pages\/29\/revisions"}],"predecessor-version":[{"id":413,"href":"https:\/\/konferencje.umw.edu.pl\/uruchamiamy-dzieciaki\/wp-json\/wp\/v2\/pages\/29\/revisions\/413"}],"wp:attachment":[{"href":"https:\/\/konferencje.umw.edu.pl\/uruchamiamy-dzieciaki\/wp-json\/wp\/v2\/media?parent=29"}],"curies":[{"name":"wp","href":"https:\/\/api.w.org\/{rel}","templated":true}]}}