{"id":37,"date":"2019-06-28T14:08:21","date_gmt":"2019-06-28T12:08:21","guid":{"rendered":"https:\/\/www.konferencje.umed.wroc.pl\/uruchamiamy-dzieciaki\/?page_id=37"},"modified":"2019-08-26T15:42:04","modified_gmt":"2019-08-26T13:42:04","slug":"prelegenci","status":"publish","type":"page","link":"https:\/\/konferencje.umw.edu.pl\/uruchamiamy-dzieciaki\/prelegenci\/","title":{"rendered":"PRELEGENCI"},"content":{"rendered":"<p>Wyk\u0142ady 5 wrze\u015bnia podczas konferencji <strong>Uruchamiamy Dzieciaki: sytuacja zdrowotna i zachowania zdrowotne dzieci i m\u0142odzie\u017cy <\/strong>poprowadz\u0105<strong>:\u00a0<\/strong><\/p>\n<p>&nbsp;<\/p>\n<ul>\n<li>\n<h5><strong>prof. Anna Noczy\u0144ska \u201eStan od\u017cywienia i wzrostu\u00a0 wroc\u0142awskich dzieci z klas I, III i V w latach 2012 &#8211; 2018. Profilaktyka oty\u0142o\u015bci.\u201d\u00a0<\/strong><\/h5>\n<\/li>\n<\/ul>\n<p>Uniwersytet Medyczny we Wroc\u0142awiu, Wydzia\u0142 Lekarski Kszta\u0142cenia Podyplomowego, Katedra i Klinika Endokrynologii i Diabetologii Wieku Rozwojowego, specjalista Pediatrii, Diabetologii oraz Endokrynologii i Diabetologii Dzieci\u0119cej.<br \/>\nOd 2003 roku kierownik Katedry i Kliniki Endokrynologii i Diabetologii Wieku Rozwojowego. Problemami endokrynologii i\u00a0 diabetologii u dzieci\u00a0 zajmuje si\u0119 od pocz\u0105tku pracy zawodowej. Autorka poradnik\u00f3w, komiks\u00f3w, materia\u0142\u00f3w oraz plakat\u00f3w edukacyjnych dla chorych na cukrzyc\u0119, licznych\u00a0 publikacji naukowych opublikowanych w czasopismach zagranicznych i krajowych oraz podr\u0119cznika &#8222;Endokrynologia i Diabetologia Wieku Rozwojowego\u201d kierowanego dla student\u00f3w oraz lekarzy opieki podstawowej. Jest inicjatork\u0105 programu profilaktycznego \u201e Zdrowy styl \u017cycia i przeciwdzia\u0142anie oty\u0142o\u015bci u dzieci i m\u0142odzie\u017cy w wieku szkolnym\u201d realizowanego od 2012 wsp\u00f3lnie z Wroc\u0142awskim Centrum Zdrowia. Jako pierwsza w Polsce w 1996 roku wdro\u017cy\u0142a leczenie cukrzycy u dzieci osobistymi pompami insulinowymi. W 1986 roku za\u0142o\u017cy\u0142a Ko\u0142o Przyjaci\u00f3\u0142 Dzieci Chorych na Cukrzyc\u0119. Przez 10 lat by\u0142a konsultantem dla Dolnego \u015al\u0105ska w dziedzinie diabetologii.<\/p>\n<h5><\/h5>\n<ul>\n<li>\n<h5><strong>prof.\u00a0 dr hab. Zofia Ignasiak &#8222;Rozw\u00f3j dziecka w \u015brodowisko ekologicznie zagro\u017conym&#8221;<\/strong><\/h5>\n<\/li>\n<\/ul>\n<p>Profesor w Katedrze Biostruktury Akademii Wychowania Fizycznego we Wroc\u0142awiu, od wielu lat jest zwi\u0105zana z Akademi\u0105 Wychowania Fizycznego we Wroc\u0142awiu jako pracownik naukowo-dydaktyczny, kierownik Zak\u0142adu Anatomii, kierownik Katedry Anatomii Cz\u0142owieka, kierownik Katedry Biostruktury i Zak\u0142adu Anatomii, dziekan Wydzia\u0142u Wychowania Fizycznego oraz Prorektor ds. Nauki i Wsp\u00f3\u0142pracy z Zagranic\u0105. Jej zainteresowania naukowe obejmuj\u0105 obszar \u015brodowiskowych modulator\u00f3w zdrowia, rozwoju morfologicznego i funkcjonalnego cz\u0142owieka ze szczeg\u00f3lnym uwzgl\u0119dnieniem aktywno\u015bci ruchowej, stylu i jako\u015bci \u017cycia. Bra\u0142a udzia\u0142 w wielu projektach badawczych, m.in. organizator bada\u0144 ci\u0105g\u0142ych dzieci wroc\u0142awskich (1979\u20131987) oraz dzieci i m\u0142odzie\u017cy z LGOM. Od 1995 r. do 2011 r. kierowa\u0142a badaniami populacyjnymi dzieci, m\u0142odzie\u017cy i doros\u0142ych z teren\u00f3w ekologicznie zagro\u017conych. By\u0142a inicjatorem i wsp\u00f3\u0142organizatorem bada\u0144 os\u00f3b starszych Dolnego \u015al\u0105ska. Jej dorobek naukowy obejmuje blisko 200 prac w czasopismach polskich i zagranicznych. Jest cz\u0142onkiem wielu rad i komitet\u00f3w naukowych w Polsce. Jest r\u00f3wnie\u017c cz\u0142onkiem rad redakcyjnych lub naukowych czasopism naukowych polsko- i angloj\u0119zycznych. Otrzyma\u0142a wiele nagr\u00f3d, m.in. trzykrotnie Nagrod\u0119 Ministra Nauki i Szkolnictwa Wy\u017cszego (1990, 1992, 1994) oraz Medal Ale\u0161 Hrdli\u010dka Uniwersytetu Karola w Pradze, Czechy (2009 i Medal Komisji Edukacji Narodowej. Ma r\u00f3wnie\u017c wiele osi\u0105gni\u0119\u0107 dydaktycznych, jest autorka lub wsp\u00f3\u0142autork\u0105 kilku podr\u0119cznik\u00f3w i przewodnik\u00f3w z anatomii cz\u0142owieka. Wprowadzi\u0142a wsp\u00f3\u0142czesne programy do nauki anatomii, m.in. multimedialne atlasy anatomii: ADAM, SOBOTTA, Netter, program anatomii rentgenowskiej Mosby. Jest przyk\u0142adem kobiety-naukowca, kt\u00f3ra skutecznie potrafi\u0142a po\u0142\u0105czy\u0107 \u017cycie rodzinne z dynamicznym rozwojem naukowym.<\/p>\n<p>&nbsp;<\/p>\n<ul>\n<li>\n<h5><strong>prof. Andrzej Rokita &#8222;Zainteresowania aktywno\u015bci\u0105 ruchow\u0105 uczni\u00f3w a realizacja zaj\u0119\u0107 wychowania fizycznego (za\u0142o\u017cenia a rzeczywisto\u015b\u0107)&#8221;<\/strong><\/h5>\n<\/li>\n<\/ul>\n<p>Dr hab. Andrzej Rokita, prof. AWF, przez 10 lat pracowa\u0142 jako nauczyciel wychowania fizycznego w VII Liceum Og\u00f3lnokszta\u0142c\u0105cym we Wroc\u0142awiu, jednocze\u015bnie by\u0142 asystentem w Katedrze Zespo\u0142owych Gier Sportowych. Aktualnie zatrudniony na stanowisku profesora uczelni. Jest Kierownikiem Katedry Zespo\u0142owych Gier Sportowych i Rektorem Akademii Wychowania Fizycznego we Wroc\u0142awiu. W przesz\u0142o\u015bci przez dwie kadencje pe\u0142ni\u0142 funkcje Prodziekana ds. Studenckich i Prorektora ds. Studenckich i Sportu Akademickiego oraz by\u0142 kierownikiem Zespo\u0142u Zabaw i Gier Ruchowych. Wsp\u00f3\u0142pracuje z Singapurem (I am Kids, Experience \u2013 Educate Foundation), Tajwanem (National Taiwan Sport University), USA (University of Wisconsin \u2013 River Falls), (University of North Georgia), Wietnamem (An Giang University) i Niemcami (Deutsche Sporthochschule K\u00f6ln). Autor ponad 100 publikacji; wsp\u00f3\u0142autor dw\u00f3ch ksi\u0105\u017cek oraz autor monografii nt: &#8222;Zaj\u0119cia ruchowe z pi\u0142kami edukacyjnymi &#8222;Edubal&#8221; w kszta\u0142ceniu zintegrowanym a sprawno\u015b\u0107 fizyczna oraz umiej\u0119tno\u015bci czytania i pisania uczni\u00f3w&#8221;. Wsp\u00f3\u0142autor przewodnika \u201eMa\u0142y Mistrz\u201d dla nauczycieli edukacji wczesnoszkolnej. Zajmuje si\u0119 diagnozowaniem predyspozycji dzieci i m\u0142odzie\u017cy do szkolenia sportowego w zakresie zespo\u0142owych gier sportowych jak r\u00f3wnie\u017c wykorzystaniem pi\u0142ek edukacyjnych &#8222;Edubal&#8221; i \u201eEduBall\u201d; opracowa\u0142 metod\u0119 obiektywnego planowania bud\u017cetu godzin z wychowania fizycznego dla zaspokojenia zainteresowa\u0144 aktywno\u015bci\u0105 ruchow\u0105 uczni\u00f3w. Wsp\u00f3\u0142tw\u00f3rca (Rokita A., Rzepa T., Nowicki M.) wzoru przemys\u0142owego zestawu pi\u0142ek edukacyjnych nr PL 5260, (nr zg\u0142oszenia 1797). Doprowadzi\u0142 do sprzeda\u017cy licencji (Licence Agreement) firmie z USA na produkcj\u0119 i dystrybucj\u0119 na terenie Stan\u00f3w Zjednoczonych, Kanady i Unii Europejskiej, produkt\u00f3w obecnie znanych pod nazw\u0105 EDUball \u2013 d. edubal, a w przysz\u0142o\u015bci \u2013 BRAINball (w ramach komercjalizacji wynik\u00f3w bada\u0144). Jest cz\u0142onkiem Polskiego Towarzystwa Nauk o Kulturze Fizycznej; cz\u0142onkiem European College of Sport Science; wiceprezesem Mi\u0119dzynarodowego Towarzystwa Naukowego Gier Sportowych; przewodnicz\u0105cym Komisji Nauki przy Radzie Sportu Zarz\u0105du G\u0142\u00f3wnego AZS, cz\u0142onkiem Wroc\u0142awskiej Rady Sportu oraz cz\u0142onkiem Zespo\u0142u Ekspert\u00f3w ds. Programu Rozwoju Sportu Akademickiego przy Ministerstwie Nauki i Szkolnictwa Wy\u017cszego.<\/p>\n<p><img loading=\"lazy\" decoding=\"async\" class=\"alignnone size-medium wp-image-261\" src=\"https:\/\/konferencje.umw.edu.pl\/uruchamiamy-dzieciaki\/wp-content\/uploads\/sites\/6\/2019\/08\/A.-Rokita-1-e1565710930706-232x300.jpg\" alt=\"\" width=\"232\" height=\"300\" srcset=\"https:\/\/konferencje.umw.edu.pl\/uruchamiamy-dzieciaki\/wp-content\/uploads\/sites\/6\/2019\/08\/A.-Rokita-1-e1565710930706-232x300.jpg 232w, https:\/\/konferencje.umw.edu.pl\/uruchamiamy-dzieciaki\/wp-content\/uploads\/sites\/6\/2019\/08\/A.-Rokita-1-e1565710930706-768x995.jpg 768w, https:\/\/konferencje.umw.edu.pl\/uruchamiamy-dzieciaki\/wp-content\/uploads\/sites\/6\/2019\/08\/A.-Rokita-1-e1565710930706-790x1024.jpg 790w, https:\/\/konferencje.umw.edu.pl\/uruchamiamy-dzieciaki\/wp-content\/uploads\/sites\/6\/2019\/08\/A.-Rokita-1-e1565710930706.jpg 812w\" sizes=\"auto, (max-width: 232px) 100vw, 232px\" \/><\/p>\n<ul>\n<li>\n<h5><strong>dr Ireneusz Cichy &#8222;Zainteresowania aktywno\u015bci\u0105 ruchow\u0105 uczni\u00f3w a realizacja zaj\u0119\u0107 wychowania fizycznego (za\u0142o\u017cenia a rzeczywisto\u015b\u0107)&#8221;<\/strong><\/h5>\n<\/li>\n<\/ul>\n<p>Doktor Ireneusz Cichy jest adiunktem w Katedrze Zespo\u0142owych Gier Sportowych Akademii Wychowania Fizycznego we Wroc\u0142awiu oraz nauczyciel dyplomowany wychowania fizycznego. Kierownik Zespo\u0142u Gier Edukacyjnych z Pi\u0142k\u0105. Jest cz\u0142onkiem zespo\u0142u, kt\u00f3ry od 16 lat zajmuje si\u0119 wykorzystywaniem pi\u0142ek edukacyjnych Edubal\/ EDUball \/ BRAINball w edukacji przedszkolnej i wczesnoszkolnej. Jest autorem blisko 40 publikacji oraz wsp\u00f3\u0142autorem dw\u00f3ch ksi\u0105\u017cek na temat mo\u017cliwo\u015bci wykorzystania pi\u0142ek edukacyjnych w edukacji wczesnoszkolnej. Zajmuje si\u0119 diagnozowaniem wybranych koordynacyjnych zdolno\u015bci motorycznych, zainteresowa\u0144 aktywno\u015bci\u0105 fizyczn\u0105, jak r\u00f3wnie\u017c wykorzystaniem pi\u0142ek edukacyjnych Edubal \/ EDUball \/ BRAINball w wychowaniu przedszkolnym i wczesnoszkolnym (klasy I \u2013 III szko\u0142y podstawowej). Odby\u0142 sta\u017ce naukowe w National Taiwan Sport University i Fundacji \u201eI am kids\u201d w Singapurze. Jest cz\u0142onkiem Mi\u0119dzynarodowego Towarzystwa Naukowego Gier Sportowych oraz European College of Sport Science (ECSS). Jest cz\u0142onkiem Zarz\u0105du Dolno\u015bl\u0105skiego Szkolnego Zwi\u0105zku Sportowego oraz cz\u0142onkiem Wroc\u0142awskiego Szkolnego Zwi\u0105zku Sportowego. W latach 2010\/2011 oraz 2011\/2012 prowadzi\u0142 zaj\u0119cia dydaktyczne w Deutsche Sporthochschule Koln \u2013 realizuj\u0105c przedmiot \u201eEducational ball \u2013 Edubal\u201d. Laureat Nagrody zespo\u0142owej Ministra Nauki i Szkolnictwa Wy\u017cszego za osi\u0105gni\u0119cia dydaktyczne. Wyr\u00f3\u017cniony w Plebiscycie \u201eBelfer Roku\u201d, na najlepszego nauczyciela wychowania fizycznego we Wroc\u0142awiu. Od 2016r jest Sekretarzem Rektora Akademii Wychowania Fizycznego we Wroc\u0142awiu oraz Kierownikiem Biura Promocji Uczelni.<\/p>\n<p><img loading=\"lazy\" decoding=\"async\" class=\"alignnone size-medium wp-image-259\" src=\"https:\/\/konferencje.umw.edu.pl\/uruchamiamy-dzieciaki\/wp-content\/uploads\/sites\/6\/2019\/08\/Ireneusz-Cichy-PhD-2-216x300.jpg\" alt=\"\" width=\"216\" height=\"300\" srcset=\"https:\/\/konferencje.umw.edu.pl\/uruchamiamy-dzieciaki\/wp-content\/uploads\/sites\/6\/2019\/08\/Ireneusz-Cichy-PhD-2-216x300.jpg 216w, https:\/\/konferencje.umw.edu.pl\/uruchamiamy-dzieciaki\/wp-content\/uploads\/sites\/6\/2019\/08\/Ireneusz-Cichy-PhD-2-768x1065.jpg 768w, https:\/\/konferencje.umw.edu.pl\/uruchamiamy-dzieciaki\/wp-content\/uploads\/sites\/6\/2019\/08\/Ireneusz-Cichy-PhD-2-738x1024.jpg 738w, https:\/\/konferencje.umw.edu.pl\/uruchamiamy-dzieciaki\/wp-content\/uploads\/sites\/6\/2019\/08\/Ireneusz-Cichy-PhD-2.jpg 1890w\" sizes=\"auto, (max-width: 216px) 100vw, 216px\" \/><\/p>\n<ul>\n<li>\n<h5><strong>dr n. med. Zbigniew Ku\u0142aga &#8222;Spo\u017cycie napoj\u00f3w przez dzieci w wieku przedszkolnym jako sk\u0142adowa zachowa\u0144 zdrowotnych&#8221;<\/strong><\/h5>\n<\/li>\n<\/ul>\n<p>W latach 1977-83 studiowa\u0142 na Wydziale Lekarskim Akademii Medycznej w Krakowie. Pracowa\u0142 w medycynie klinicznej (w specjalno\u015bci anestezjologia i intensywna terapia), dla przemys\u0142u farmaceutycznego (g\u0142\u00f3wnie w badaniach klinicznych) oraz w administracji rz\u0105dowej. Uko\u0144czy\u0142 kursy epidemiologii w London School of Hygiene&amp;Tropical Diseases i zdrowia publicznego na Utrecht University, a tak\u017ce studia podyplomowe na Uniwersytecie Warszawskim w dziedzinach: ekonomii zdrowia, integracji europejskiej i zastosowania pakietu statystycznego SAS do analiz biznesowych. Od 2005 roku kierownik Zak\u0142adu Zdrowia Publicznego Instytutu &#8222;Pomnik-Centrum Zdrowia Dziecka\u201d w Warszawie. Realizator (jako badacz i kierownik) szeregu projekt\u00f3w bada\u0144 populacyjnych krajowych i we wsp\u00f3\u0142pracy mi\u0119dzynarodowej. Aktualnie kierownik dw\u00f3ch projekt\u00f3w badawczych w ramach Narodowego Programu Zdrowia. Autor i wsp\u00f3\u0142autor kilkudziesi\u0119ciu artyku\u0142\u00f3w o tematyce medycyny wieku rozwojowego indeksowanych w bazach Scopus oraz Web of Science.<\/p>\n<p><img loading=\"lazy\" decoding=\"async\" class=\" wp-image-208\" src=\"https:\/\/konferencje.umw.edu.pl\/uruchamiamy-dzieciaki\/wp-content\/uploads\/sites\/6\/2019\/08\/DSC_0004-US-Wiza-format-cyfrowy-900x900-px-300x300.jpg\" alt=\"\" width=\"264\" height=\"264\" srcset=\"https:\/\/konferencje.umw.edu.pl\/uruchamiamy-dzieciaki\/wp-content\/uploads\/sites\/6\/2019\/08\/DSC_0004-US-Wiza-format-cyfrowy-900x900-px-300x300.jpg 300w, https:\/\/konferencje.umw.edu.pl\/uruchamiamy-dzieciaki\/wp-content\/uploads\/sites\/6\/2019\/08\/DSC_0004-US-Wiza-format-cyfrowy-900x900-px-150x150.jpg 150w, https:\/\/konferencje.umw.edu.pl\/uruchamiamy-dzieciaki\/wp-content\/uploads\/sites\/6\/2019\/08\/DSC_0004-US-Wiza-format-cyfrowy-900x900-px-768x768.jpg 768w, https:\/\/konferencje.umw.edu.pl\/uruchamiamy-dzieciaki\/wp-content\/uploads\/sites\/6\/2019\/08\/DSC_0004-US-Wiza-format-cyfrowy-900x900-px.jpg 900w\" sizes=\"auto, (max-width: 264px) 100vw, 264px\" \/><\/p>\n<p>&nbsp;<\/p>\n<ul>\n<li>\n<h5><strong>dr n. med. Hanna Na\u0142\u0119cz &#8222;Kontekst i uwarunkowania aktywno\u015bci fizycznej dzieci i m\u0142odzie\u017cy z Wroc\u0142awia&#8221;<\/strong><\/h5>\n<\/li>\n<\/ul>\n<p>Adiunkt w Zak\u0142adzie Zdrowia Dzieci i M\u0142odzie\u017cy Instytutu Matki i Dziecka w Warszawie. Jest doktorem nauk o kulturze fizycznej, specjalist\u0105 zdrowia publicznego i pedagogiem. Hybrydowe wykszta\u0142cenie pozwala jej wype\u0142nia\u0107 nisz\u0119 mi\u0119dzy naukami medycznymi a humanistycznymi w wielu projektach z pogranicza dyscyplin. Wsp\u00f3\u0142autorka krajowych i mi\u0119dzynarodowych publikacji dotycz\u0105cych zachowa\u0144 zdrowotnych dzieci i m\u0142odzie\u017cy. Jest cz\u0142onkiem polskiej grupy <em>The Active Healthy Kids Global Alliance,<\/em> krajowym przedstawicielem <em>Global Physical Activity Observatory \u2013 GoPA!<\/em> oraz konsultantem naukowym, kierownikiem lub wykonawc\u0105 w projektach realizowanych na zlecenie m.in. Ministerstwa Sportu i Turystyki, Ministerstwa Zdrowia lub w grantach Ministerstwa Nauki i Szkolnictwa Wy\u017cszego.<\/p>\n<p><img loading=\"lazy\" decoding=\"async\" class=\"alignnone wp-image-209\" src=\"https:\/\/konferencje.umw.edu.pl\/uruchamiamy-dzieciaki\/wp-content\/uploads\/sites\/6\/2019\/08\/hanna-na\u0142ecz-187x300.jpg\" alt=\"\" width=\"203\" height=\"326\" srcset=\"https:\/\/konferencje.umw.edu.pl\/uruchamiamy-dzieciaki\/wp-content\/uploads\/sites\/6\/2019\/08\/hanna-na\u0142ecz-187x300.jpg 187w, https:\/\/konferencje.umw.edu.pl\/uruchamiamy-dzieciaki\/wp-content\/uploads\/sites\/6\/2019\/08\/hanna-na\u0142ecz.jpg 191w\" sizes=\"auto, (max-width: 203px) 100vw, 203px\" \/><\/p>\n<p>&nbsp;<\/p>\n<ul>\n<li>\n<h5><strong>dr n. med. Monika Szewczuk Bogus\u0142awska \u201eZaburzenia od\u017cywiania \u2013 gdy tylko wygl\u0105d ma znaczenie&#8221;<\/strong><\/h5>\n<\/li>\n<\/ul>\n<p>adiunkt w Katedrze i Klinice Psychiatrii UM we Wroc\u0142awiu, specjalistka psychiatrii dzieci i m\u0142odzie\u017cy i psychiatrii doros\u0142ych, konsultant wojew\u00f3dzki w dziedzinie psychiatrii dzieci i m\u0142odzie\u017cy, zainteresowania naukowe: samouszkodzenia i samob\u00f3jstwa w\u015br\u00f3d m\u0142odzie\u017cy.<\/p>\n<p><img loading=\"lazy\" decoding=\"async\" class=\"alignnone size-medium wp-image-187\" src=\"https:\/\/konferencje.umw.edu.pl\/uruchamiamy-dzieciaki\/wp-content\/uploads\/sites\/6\/2019\/08\/20190712_134631-002-225x300.jpg\" alt=\"\" width=\"225\" height=\"300\" srcset=\"https:\/\/konferencje.umw.edu.pl\/uruchamiamy-dzieciaki\/wp-content\/uploads\/sites\/6\/2019\/08\/20190712_134631-002-225x300.jpg 225w, https:\/\/konferencje.umw.edu.pl\/uruchamiamy-dzieciaki\/wp-content\/uploads\/sites\/6\/2019\/08\/20190712_134631-002-768x1024.jpg 768w, https:\/\/konferencje.umw.edu.pl\/uruchamiamy-dzieciaki\/wp-content\/uploads\/sites\/6\/2019\/08\/20190712_134631-002.jpg 1073w\" sizes=\"auto, (max-width: 225px) 100vw, 225px\" \/><\/p>\n<p>&nbsp;<\/p>\n<ul>\n<li>\n<h5><strong>dr n. med. Katarzyna Neubauer \u00a0&#8222;Epidemia oty\u0142o\u015bci \u00a0i bakterie. Co je \u0142\u0105czy?&#8221;<\/strong><\/h5>\n<\/li>\n<\/ul>\n<p>Specjalista gastroenterolog, adiunkt Uniwersytetu Medycznego we Wroc\u0142awiu, Wydzia\u0142u Lekarskiego Kszta\u0142cenia Podyplomowego, w Katedrze Gastroenterologii i Hepatologii\u00a0 oraz Zak\u0142adzie Dietetyki, kt\u00f3rej zainteresowania naukowe dotycz\u0105 przede wszystkim nieswoistych chor\u00f3b zapalnych jelit oraz \u017cywienia i dietetyki. Autorka licznych publikacji zwi\u0105zanych z t\u0105 tematyk\u0105, w tym rozdzia\u0142\u00f3w ksi\u0105\u017ckowych dotycz\u0105cych dietetyki. Prowadzi zaj\u0119cia dydaktyczne ze studentami z chor\u00f3b wewn\u0119trznych i dietetyki na kierunku lekarskim, a tak\u017ce wyk\u0142ady na konferencjach po\u015bwi\u0119conych gastroenterologii i dietetyce. Wsp\u00f3\u0142organizuje konferencj\u0119 <strong>\u017bywienie. Zdrowie i Choroby<\/strong>, kt\u00f3ra w tym roku odb\u0119dzie si\u0119 ju\u017c po raz dziesi\u0105ty.<\/p>\n<ul>\n<li>\n<h5><strong>dr n. med. Kinga Musia\u0142 \u201eCukier dla dzieci &#8211; wr\u00f3g czy przyjaciel?\u201d<\/strong><\/h5>\n<\/li>\n<li>\n<h5>mgr Katarzyna Walas \u201eBudowanie zdrowych nawyk\u00f3w \u017cywieniowych u dzieci i m\u0142odzie\u017cy\u201d<\/h5>\n<\/li>\n<\/ul>\n<p>Absolwentka Collegium Medicum UMK w\u00a0Bydgoszczy oraz Uniwersytetu SWPS w\u00a0Warszawie. Specjalistka dietoterapii i\u00a0leczenia \u017cywieniowego doros\u0142ych i dzieci, a\u00a0tak\u017ce psychodietetyczka i\u00a0coach. Specjalizuje si\u0119 w\u00a0pracy z\u00a0pacjentami bariatrycznymi, gdzie poza konsultacjami dietetycznymi prowadzi tak\u017ce grup\u0119 wsparcia CHLOrki odWagi. Innymi zagadnieniami, kt\u00f3rymi si\u0119 zajmuje to dietoterapia i\u00a0leczenie \u017cywieniowe w\u00a0onkologii, neurologii i\u00a0gastroenterologii. Prowadzi pacjent\u00f3w \u017cywionych dojelitowo w\u00a0warunkach domowych. Aktywnie uczestniczy w\u00a0konferencjach i\u00a0sympozjach naukowych z\u00a0zakresu dietetyki i\u00a0leczenia \u017cywieniowego.<\/p>\n<p><img loading=\"lazy\" decoding=\"async\" class=\"alignnone size-medium wp-image-306\" src=\"https:\/\/konferencje.umw.edu.pl\/uruchamiamy-dzieciaki\/wp-content\/uploads\/sites\/6\/2019\/08\/IMG_1147-200x300.jpg\" alt=\"\" width=\"200\" height=\"300\" srcset=\"https:\/\/konferencje.umw.edu.pl\/uruchamiamy-dzieciaki\/wp-content\/uploads\/sites\/6\/2019\/08\/IMG_1147-200x300.jpg 200w, https:\/\/konferencje.umw.edu.pl\/uruchamiamy-dzieciaki\/wp-content\/uploads\/sites\/6\/2019\/08\/IMG_1147-768x1152.jpg 768w, https:\/\/konferencje.umw.edu.pl\/uruchamiamy-dzieciaki\/wp-content\/uploads\/sites\/6\/2019\/08\/IMG_1147-683x1024.jpg 683w\" sizes=\"auto, (max-width: 200px) 100vw, 200px\" \/><\/p>\n<ul>\n<li>\n<h5><strong>dr n. med. Krzysztof Aleksandrowicz specjalista fizjoterapii; Uniwersytet Medyczny we Wroc\u0142awiu, Wydzia\u0142 Nauk o Zdrowiu, Katedra<br \/>\nFizjoterapii, Zak\u0142ad Fizjoterapii, Centrum Chor\u00f3b Serca USK we Wroc\u0142awiu<br \/>\n<\/strong><\/h5>\n<\/li>\n<\/ul>\n<p>Uniwersytet Medyczny we Wroc\u0142awiu, Wydzia\u0142 Nauk o Zdrowiu, adiunkt w Katedrze Fizjoterapii i Zak\u0142adzie Fizjoterapii; Specjalista rehabilitacji ruchowej i fizjoterapii.<\/p>\n<ul>\n<li>\n<h5><strong>mgr Katarzyna Polerowicz-Borsuk ; Centrum Chor\u00f3b Serca USK we Wroc\u0142awiu<\/strong><\/h5>\n<\/li>\n<\/ul>\n<p>Specjalista fizjoterapii, Kliniczny Oddzia\u0142 Kardiochirurgiczny 4 Wojskowego Szpitala Klinicznego we Wroc\u0142awiu.<\/p>\n<ul>\n<li style=\"font-weight: 400\">\n<h5><strong>Katarzyna Koz\u0142owska-Panek, menad\u017cer ds. projekt\u00f3w z zakresu ochrony zdrowia, Kampania Lekki Tornister &#8222;Tornistry najm\u0142odszych \u2013 z\u0142o\u017cony problem wagi ci\u0119\u017ckiej&#8221;<\/strong><\/h5>\n<\/li>\n<\/ul>\n<p>&nbsp;<\/p>\n<p>&nbsp;<\/p>\n","protected":false},"excerpt":{"rendered":"<p>Wyk\u0142ady 5 wrze\u015bnia podczas konferencji Uruchamiamy Dzieciaki: sytuacja zdrowotna i zachowania zdrowotne dzieci i m\u0142odzie\u017cy poprowadz\u0105:\u00a0 &nbsp; prof. Anna Noczy\u0144ska \u201eStan od\u017cywienia i wzrostu\u00a0 wroc\u0142awskich dzieci z klas I, III i V w latach 2012 &#8211; 2018. Profilaktyka oty\u0142o\u015bci.\u201d\u00a0 Uniwersytet Medyczny we Wroc\u0142awiu, Wydzia\u0142 Lekarski Kszta\u0142cenia Podyplomowego, Katedra i Klinika Endokrynologii i Diabetologii Wieku Rozwojowego,<\/p>\n<div><a class=\"btn-filled btn\" href=\"https:\/\/konferencje.umw.edu.pl\/uruchamiamy-dzieciaki\/prelegenci\/\" title=\"PRELEGENCI\">Dowiedz si\u0119 wi\u0119cej<\/a><\/div>\n","protected":false},"author":4,"featured_media":0,"parent":0,"menu_order":0,"comment_status":"closed","ping_status":"closed","template":"","meta":{"footnotes":""},"class_list":["post-37","page","type-page","status-publish","hentry"],"_links":{"self":[{"href":"https:\/\/konferencje.umw.edu.pl\/uruchamiamy-dzieciaki\/wp-json\/wp\/v2\/pages\/37","targetHints":{"allow":["GET"]}}],"collection":[{"href":"https:\/\/konferencje.umw.edu.pl\/uruchamiamy-dzieciaki\/wp-json\/wp\/v2\/pages"}],"about":[{"href":"https:\/\/konferencje.umw.edu.pl\/uruchamiamy-dzieciaki\/wp-json\/wp\/v2\/types\/page"}],"author":[{"embeddable":true,"href":"https:\/\/konferencje.umw.edu.pl\/uruchamiamy-dzieciaki\/wp-json\/wp\/v2\/users\/4"}],"replies":[{"embeddable":true,"href":"https:\/\/konferencje.umw.edu.pl\/uruchamiamy-dzieciaki\/wp-json\/wp\/v2\/comments?post=37"}],"version-history":[{"count":29,"href":"https:\/\/konferencje.umw.edu.pl\/uruchamiamy-dzieciaki\/wp-json\/wp\/v2\/pages\/37\/revisions"}],"predecessor-version":[{"id":307,"href":"https:\/\/konferencje.umw.edu.pl\/uruchamiamy-dzieciaki\/wp-json\/wp\/v2\/pages\/37\/revisions\/307"}],"wp:attachment":[{"href":"https:\/\/konferencje.umw.edu.pl\/uruchamiamy-dzieciaki\/wp-json\/wp\/v2\/media?parent=37"}],"curies":[{"name":"wp","href":"https:\/\/api.w.org\/{rel}","templated":true}]}}