{"id":177,"date":"2017-09-18T10:24:51","date_gmt":"2017-09-18T08:24:51","guid":{"rendered":"http:\/\/www.konferencje.umed.wroc.pl\/wroclawskiespotkanieml\/?page_id=177"},"modified":"2021-03-04T13:44:13","modified_gmt":"2021-03-04T12:44:13","slug":"regulamin","status":"publish","type":"page","link":"https:\/\/konferencje.umw.edu.pl\/wroclawskiespotkanieml\/regulamin\/","title":{"rendered":"Regulamin"},"content":{"rendered":"\n<p><strong>Regulamin\nspotkania naukowo-szkoleniowego: Og\u00f3lnopolska Konferencja \u201eII. Wroc\u0142awskie Spotkanie\nMedycyny Laboratoryjnej\u201d.<\/strong><\/p>\n\n\n\n<p>Wroc\u0142aw, 26 marca 2021 r.<\/p>\n\n\n\n<p><strong>Postanowienia\nog\u00f3lne<\/strong><\/p>\n\n\n\n<ol><li>Niniejszy dokument jest regulaminem spotkania naukowo-szkoleniowego: Og\u00f3lnopolska Konferencja \u201eII. Wroc\u0142awskie Spotkanie Medycyny Laboratoryjnej\u201d, zwanego dalej Konferencj\u0105.<\/li><li>Konferencja zostanie przeprowadzona 26 marca 2021 r. w formie on-line.<\/li><li>Organizatorem Konferencji jest Katedra Analityki Medycznej Uniwersytetu Medycznego im. Piast\u00f3w \u015al\u0105skich we Wroc\u0142awiu z siedzib\u0105 we Wroc\u0142awiu 50-556 przy ul. Borowskiej 211A we wsp\u00f3\u0142pracy z Wroc\u0142awskim Oddzia\u0142em Polskiego Towarzystwa Diagnostyki Laboratoryjnej, zwani dalej Organizatorem.<\/li><li>Przepisy niniejszego Regulaminu stanowi\u0105 integraln\u0105 cz\u0119\u015b\u0107 zg\u0142oszenia uczestnictwa w Konferencji i obowi\u0105zuj\u0105 wszystkich Uczestnik\u00f3w.<\/li><li>Uczestnikami Konferencji s\u0105 w szczeg\u00f3lno\u015bci diagno\u015bci laboratoryjni (pracownicy medycznych laboratori\u00f3w diagnostycznych) i naukowcy, lekarze, przedstawiciele innych zawod\u00f3w medycznych i doktoranci.<\/li><li>Oficjalnym j\u0119zykiem Konferencji jest j\u0119zyk polski.<\/li><li>W ramach Konferencji odb\u0119d\u0105 si\u0119 trzy sesje naukowe, sesja warsztatowa, sesja plakatowa i konkurs na najlepszy plakat oraz prelekcje firm zwi\u0105zanych z medycyn\u0105 laboratoryjn\u0105.<\/li><li>Odp\u0142atne uczestnictwo w Konferencji upowa\u017cnia Uczestnika do:<br>      \u2013 udzia\u0142u we wszystkich sesjach naukowych i dyskusjach oraz sesji plakatowej<br>      \u2013 otrzymania certyfikatu potwierdzaj\u0105cego uczestnictwo w konferencji<\/li><li>Uczestnictwo w sesji warsztatowej jest dodatkowo osobno rejestrowane wed\u0142ug kolejno\u015bci zg\u0142osze\u0144. <\/li><li>Zwolnieni z op\u0142aty konferencyjnej s\u0105 Wyk\u0142adowcy. Maj\u0105 oni takie same prawa jak pozostali Uczestnicy.<\/li><li>Zwolnieni z op\u0142aty konferencyjnej s\u0105 studenci i pracownicy Uniwersytetu Medycznego we Wroc\u0142awiu. Maj\u0105 oni takie same prawa jak pozostali Uczestnicy, przy czym studenci nie mog\u0105 uczestniczy\u0107 w sesji warsztatowej. <\/li><li>Rejestracja na Konferencj\u0119 mo\u017ce zosta\u0107 zako\u0144czona wcze\u015bniej ni\u017c przewidziano w Regulaminie w przypadku wyczerpania liczby miejsc.<\/li><li>Terminy wszystkich wydarze\u0144 zwi\u0105zanych z Konferencj\u0105 s\u0105 dost\u0119pne na stronie internetowej Konferencji      (www.konferencje.umed.wroc.pl\/wroclawskiespotkanieml) oraz fanpage\u2019u Konferencji.<\/li><li>Uczestnik zobowi\u0105zuje si\u0119 do \u015bledzenia zmian w Regulaminie i aktualno\u015bci na stronie internetowej Konferencji.<\/li><\/ol>\n\n\n\n<p><strong>Zasady\nuczestnictwa w Konferencji<\/strong><\/p>\n\n\n\n<ol><li>Warunkiem uczestnictwa w Konferencji jest zg\u0142oszenie uczestnictwa oraz uiszczenie op\u0142aty za udzia\u0142 w Konferencji zgodnie z warunkami i w terminie okre\u015blonymi w niniejszym Regulaminie.<\/li><li>Udzia\u0142 czynny oznacza przes\u0142anie streszczenia pracy i jej zaprezentowanie w formie plakatu w sesji plakatowej. Przynajmniej jeden autor pracy musi by\u0107 aktywnym Uczestnikiem Konferencji. Plakat mo\u017ce mie\u0107 tylko jednego autora prezentuj\u0105cego.<\/li><li>Studenci, kt\u00f3rzy chc\u0105 wzi\u0105\u0107 udzia\u0142 w Konferencji zg\u0142aszaj\u0105 uczestnictwo przez wys\u0142anie wiadomo\u015bci e-mail na adres: wroclawskiespotkanieml@gmail.com i nie dokonuj\u0105 op\u0142aty. W wiadomo\u015bci podaj\u0105 imi\u0119 i nazwisko, wydzia\u0142, kierunek, rok studi\u00f3w oraz numer albumu.<\/li><li>Zwolnieni z op\u0142aty i obowi\u0105zku zg\u0142oszenia uczestnictwa s\u0105 Wyk\u0142adowcy.<\/li><li>Zg\u0142oszenie uczestnictwa w Konferencji dokonywane jest przez wype\u0142nienie Formularza zg\u0142oszeniowego dost\u0119pnego na stronie internetowej pod adresem <a href=\"https:\/\/www.konferencje.umed.wroc.pl\/wroclawskiespotkanieml\/rejestracja\/\">https:\/\/www.konferencje.umed.wroc.pl\/wroclawskiespotkanieml\/rejestracja<\/a>\/ nie p\u00f3\u017aniej ni\u017c do 12 marca 2021 r. w\u0142\u0105cznie.<\/li><li>Op\u0142at\u0119 za udzia\u0142 w Konferencji nale\u017cy przes\u0142a\u0107 na konto wskazane przez Organizatora w terminie do 7 dni kalendarzowych od daty zg\u0142oszenia uczestnictwa.<\/li><li>Ka\u017cdy zarejestrowany Uczestnik bior\u0105cy czynny udzia\u0142 w Konferencji otrzyma certyfikat uczestnictwa w Konferencji oraz punkty edukacyjne. Uczestnicy, kt\u00f3rzy rozwi\u0105\u017c\u0105 test wiedzy i uzyskaj\u0105 przynajmniej 60% punkt\u00f3w, otrzymaj\u0105 tzw. punkty twarde.<\/li><li>Koszt udzia\u0142u w Konferencji Uczestnik pokrywa we w\u0142asnym zakresie.<\/li><li>Regulamin przygotowania streszcze\u0144 i plakat\u00f3w stanowi za\u0142\u0105cznik 1 do niniejszego Regulaminu.<\/li><li>Regulamin konkursu prac i nagradzania stanowi za\u0142\u0105cznik 2 do Regulaminu Konferencji.<\/li><\/ol>\n\n\n\n<p><strong>Wype\u0142nianie formularza zg\u0142oszeniowego<\/strong><\/p>\n\n\n\n<ol><li>Osoby, kt\u00f3re zarejestrowa\u0142y si\u0119 przed pierwszym planowanym terminem konferencji (27.03.2020 r.) i op\u0142aci\u0142y udzia\u0142, nie wype\u0142niaj\u0105 ponownie formularza zg\u0142oszeniowego.<\/li><li>Formularz zg\u0142oszeniowy jest dost\u0119pny na stronie internetowej Konferencji w zak\u0142adce Rejestracja.<\/li><li>Formularz zg\u0142oszeniowy wype\u0142nia ka\u017cdy Uczestnik bior\u0105cy udzia\u0142 w Konferencji.<\/li><li>Osoby b\u0119d\u0105ce wsp\u00f3\u0142autorami i nieuczestnicz\u0105ce w Konferencji nie wype\u0142niaj\u0105 formularza zg\u0142oszeniowego.<\/li><li>Dane podane w formularzu zg\u0142oszeniowym Organizator uznaje za ostateczne po przes\u0142aniu formularza przez Uczestnika.<\/li><li>Formularz zg\u0142oszeniowy nale\u017cy wype\u0142nia\u0107 u\u017cywaj\u0105c pe\u0142nych nazw, bez u\u017cycia skr\u00f3t\u00f3w.<\/li><\/ol>\n\n\n\n<p><strong>Zg\u0142oszenie\nch\u0119ci uczestnictwa w sesjach warsztatowych<\/strong><\/p>\n\n\n\n<ol><li>Zg\u0142oszenie na sesj\u0119 warsztatow\u0105 nast\u0119puje przez wys\u0142anie wiadomo\u015bci e-mail na adres podany w zak\u0142adce \u201eWarsztaty\u201d na stronie internetowej Konferencji po wcze\u015bniejszym wype\u0142nieniu Formularza zg\u0142oszeniowego na Konferencj\u0119.<\/li><li>Zapisy na warsztaty realizowane s\u0105 wed\u0142ug kolejno\u015bci zg\u0142osze\u0144.<\/li><li>Na sesji warsztatowej \u201eDiagnostyka laboratoryjna w monitorowaniu zdrowia reprodukcyjnego cz\u0142owieka\u201d jest dost\u0119pnych 20 miejsc.<\/li><li>Wiadomo\u015b\u0107 e-mail powinna zawiera\u0107: tytu\u0142 wybranego warsztatu, imi\u0119 i nazwisko uczestnika, miejsce zatrudnienia, numer telefonu kontaktowego.<\/li><li>W ci\u0105gu dw\u00f3ch dni roboczych od wys\u0142ania zg\u0142oszenia Uczestnik otrzyma wiadomo\u015b\u0107 potwierdzaj\u0105c\u0105 zapisanie na sesj\u0119 warsztatow\u0105 lub na list\u0119 rezerwow\u0105.<\/li><li>W przypadku zwolnienia si\u0119 miejsca kolejna osoba z listy rezerwowej zostanie poinformowana telefonicznie o mo\u017cliwo\u015bci wzi\u0119cia udzia\u0142u w sesji.<\/li><\/ol>\n\n\n\n<p><strong>Op\u0142aty<\/strong><\/p>\n\n\n\n<ol><li>Wysoko\u015b\u0107 op\u0142aty za uczestnictwo w Konferencji jest nast\u0119puj\u0105ca:<br>      \u2013 zg\u0142oszenie do 12.03.2021 r. w\u0142\u0105cznie \u2013 100 z\u0142<br><\/li><li>Op\u0142at\u0119 nale\u017cy wnosi\u0107 przelewem na konto:<br><br>Uniwersytet Medyczny im. Piast\u00f3w \u015al\u0105skich we Wroc\u0142awiu<br>Nr konta: BZ WBK XXXV O\/Wroc\u0142aw<br>PL 35 1500 1793 1217 9000 9997 0000<br>W tytule wp\u0142aty nale\u017cy wpisa\u0107: II. WSML \u2013 imi\u0119 i nazwisko uczestnika<br><\/li><li>Organizator wystawia faktur\u0119 tytu\u0142em dokonanych wp\u0142at na \u017cyczenie wyra\u017cone przez Uczestnika w Formularzu zg\u0142oszeniowym.<\/li><li>Brak uregulowania nale\u017cno\u015bci za udzia\u0142 w Konferencji w terminie 7 dni kalendarzowych od daty wys\u0142ania Formularza zg\u0142oszeniowego upowa\u017cnia Organizatora do anulowania zg\u0142oszenia uczestnictwa, w tym udzia\u0142u w wybranej sesji warsztatowej, bez ponoszenia z tego tytu\u0142u jakiejkolwiek odpowiedzialno\u015bci odszkodowawczej.<\/li><\/ol>\n\n\n\n<p><strong>Rezygnacja z\nudzia\u0142u w Konferencji<\/strong><\/p>\n\n\n\n<ol><li>Uczestnik mo\u017ce zrezygnowa\u0107 z uczestnictwa w Konferencji. Rezygnacji mo\u017cna dokona\u0107 przez wys\u0142anie wiadomo\u015bci na adres e-mail: wroclawskiespotkanieml@gmail.com.<\/li><li>W przypadku rezygnacji Uczestnika z udzia\u0142u w Konferencji op\u0142ata konferencyjna podlega zwrotowi o ile zostanie dokonana do 26 lutego 2021 r. w\u0142\u0105cznie. Po tym terminie rezygnacja jest mo\u017cliwa, ale bez zwrotu op\u0142aty konferencyjnej.<\/li><li>Zwrot koszt\u00f3w nast\u0105pi do 30 dni od przes\u0142ania rezygnacji.<br>      <br>      <\/li><\/ol>\n\n\n\n<p><strong>Postanowienia\nko\u0144cowe<\/strong><\/p>\n\n\n\n<ol><li>Wys\u0142anie Formularza zg\u0142oszeniowego wydanego przez Organizatora oznacza akceptacj\u0119 postanowie\u0144 niniejszego Regulaminu, a tak\u017ce zobowi\u0105zanie si\u0119 do przestrzegania przepis\u00f3w porz\u0105dkowych oraz wszelkich innych ustale\u0144 dokonanych mi\u0119dzy Uczestnikiem a Organizatorem.<\/li><li>Zg\u0142oszenie uczestnictwa w Konferencji jest r\u00f3wnocze\u015bnie potwierdzeniem wyra\u017cenia zgody na przetwarzanie danych osobowych przez Organizatora na potrzeby Konferencji i na zasadach wynikaj\u0105cych z og\u00f3lnie obowi\u0105zuj\u0105cych przepis\u00f3w prawa, ze szczeg\u00f3lnym uwzgl\u0119dnieniem ustawy o ochronie danych osobowych z dnia 29 sierpnia 1997 roku (Dz.U. 133 z dnia 29 pa\u017adziernika 1997 r., poz. 833., tekst jednolity, Dz.U. z 2016 r. poz. 922). Uczestnik jest upowa\u017cniony do wgl\u0105du do danych oraz ich modyfikacji.<\/li><li>Niniejszy Regulamin wchodzi w \u017cycie z dniem jego zamieszczenia na stronie internetowej Konferencji.<\/li><li>Organizator ma prawo zmiany postanowie\u0144 Regulaminu. Zmiany wchodz\u0105 w \u017cycie w terminie 7 dni od dnia ich zamieszczenia na stronie internetowej Konferencji.<\/li><li>W sprawach nieuregulowanych niniejszym Regulaminem zastosowanie maj\u0105 przepisy Kodeksu cywilnego.<\/li><\/ol>\n\n\n\n<hr class=\"wp-block-separator\"\/>\n\n\n\n<p><strong>Za\u0142\u0105cznik 1 <\/strong>do Regulaminu Og\u00f3lnopolskiej\nKonferencji \u201eII. Wroc\u0142awskie Spotkanie Medycyny Laboratoryjnej\u201d.<\/p>\n\n\n\n<p><strong>Regulamin przygotowania streszcze\u0144 i plakat\u00f3w<\/strong><\/p>\n\n\n\n<p class=\"has-text-color has-vivid-red-color\"><strong>Termin nadsy\u0142ania streszcze\u0144 zosta\u0142 przed\u0142u\u017cony do ko\u0144ca lutego 2021 r.<\/strong><\/p>\n\n\n\n<ol><li>W programie konferencji przewidziana jest sesja plakatowa, w czasie kt\u00f3rej mo\u017cliwe b\u0119dzie przedstawienie prac w formie plakat\u00f3w w dziedzinie diagnostyki laboratoryjnej\/nauk medycznych (maksymalna liczba to 60 prac). Preferowane b\u0119d\u0105 prace oryginalne.<\/li><li>Streszczenie wraz z aktualn\u0105 afiliacj\u0105 autor\u00f3w nale\u017cy przygotowa\u0107 i przes\u0142a\u0107 do <strong>ko\u0144ca lutego 2021 r.<\/strong> za pomoc\u0105 formularza do wysy\u0142ania streszcze\u0144 dost\u0119pnego w zak\u0142adce \u201estreszczenia\u201d na stronie internetowej Konferencji <a href=\"https:\/\/www.konferencje.umed.wroc.pl\/wroclawskiespotkanieml\/abstrakty\/\">https:\/\/www.konferencje.umed.wroc.pl\/wroclawskiespotkanieml\/abstrakty\/<\/a>. Po przes\u0142aniu streszcze\u0144 autorzy w ci\u0105gu 2 dni roboczych otrzymaj\u0105 wiadomo\u015b\u0107 zwrotn\u0105 informuj\u0105c\u0105, czy praca zosta\u0142a przyj\u0119ta.<\/li><li>Organizatorzy zastrzegaj\u0105 sobie prawo do odrzucenia prac niespe\u0142niaj\u0105cych powy\u017cszych kryteri\u00f3w, w&nbsp;tym merytorycznych, oraz informuj\u0105, \u017ce wszystkie streszczenia zostan\u0105 sprawdzone programem antyplagiatowym.<\/li><li>Wszystkie przyj\u0119te streszczenia zostan\u0105 opublikowane w materia\u0142ach konferencyjnych.<\/li><li>Plakat powinien spe\u0142nia\u0107 nast\u0119puj\u0105ce kryteria:<ul><li>orientacja pozioma (format A1)<\/li><li>powinien zawiera\u0107 tytu\u0142, imiona i nazwiska oraz afiliacj\u0119 autor\u00f3w<\/li><li>powinien posiada\u0107 czytelnie wyodr\u0119bnione odpowiednie cz\u0119\u015bci<br>a) w przypadku pracy oryginalnej: wst\u0119p, cel pracy, materia\u0142y i metody, wyniki, wnioski i \u2013 je\u015bli to konieczne \u2013 spis pi\u015bmiennictwa<br>b) w przypadku pracy przegl\u0105dowej: tre\u015b\u0107 plakatu i spis pi\u015bmiennictwa (maks. 10 pozycji, pochodz\u0105cych g\u0142\u00f3wnie z&nbsp;ostatnich 5 lat).<\/li><\/ul><ul><li>wszystkie grafiki powinny by\u0107 zaopatrzone w opis w j\u0119zyku polskim. Grafiki zapo\u017cyczone mo\u017cna przedstawi\u0107 na plakacie wy\u0142\u0105cznie z podaniem \u017ar\u00f3d\u0142a.<\/li><\/ul><\/li><li>Przygotowany plakat nale\u017cy przes\u0142a\u0107 w formacie .pdf do 18 marca 2021 r. na adres e-mail wroclawskiespotkanieml@gmail.com.<\/li><\/ol>\n\n\n\n<hr class=\"wp-block-separator\"\/>\n\n\n\n<p><strong>Za\u0142\u0105cznik 2 <\/strong>do Regulaminu Og\u00f3lnopolskiej\nKonferencji \u201eII. Wroc\u0142awskie Spotkanie Medycyny Laboratoryjnej\u201d.<\/p>\n\n\n\n<p><strong>Regulamin\nkonkursu prac i nagradzania<\/strong><\/p>\n\n\n\n<ol><li>W konkursie bior\u0105 udzia\u0142 doniesienia w formie plakatu.<\/li><li>Cz\u0142onkowie Komitetu Organizacyjnego i Naukowego nie mog\u0105 bra\u0107 udzia\u0142u w konkursie, przy czym ich prace mog\u0105 by\u0107 prezentowane.<\/li><li>Prace b\u0119d\u0105 oceniane pod k\u0105tem warto\u015bci merytorycznej, aktualno\u015bci przedstawionego problemu i jego wa\u017cno\u015bci dla wsp\u00f3\u0142czesnej diagnostyki laboratoryjnej, a tak\u017ce staranno\u015bci przygotowania i\u00a0spe\u0142nienia wymog\u00f3w formalnych przedstawionych w Za\u0142\u0105czniku 1.<\/li><li>Przewidziane s\u0105 trzy nagrody za prace. S\u0105 to nagrody rzeczowe. Nagrody zostan\u0105 przes\u0142ane na adres autora prezentuj\u0105cego, podany w formularzu zg\u0142oszeniowym.<\/li><li>Sesja plakatowa b\u0119dzie prezentowana od otwarcia do zamkni\u0119cia Konferencji.<\/li><li><a href=\"http:\/\/www.konferencje.umed.wroc.pl\/wroclawskiespotkanieml\/wp-content\/uploads\/2021\/03\/formularz-oceny-plakatu-03.03.21-1.pdf\">Formularz<\/a> oceny plakatu.<\/li><\/ol>\n","protected":false},"excerpt":{"rendered":"<p>Regulamin spotkania naukowo-szkoleniowego: Og\u00f3lnopolska Konferencja \u201eII. Wroc\u0142awskie Spotkanie Medycyny Laboratoryjnej\u201d. Wroc\u0142aw, 26 marca 2021 r. Postanowienia og\u00f3lne Niniejszy dokument jest regulaminem spotkania naukowo-szkoleniowego: Og\u00f3lnopolska Konferencja \u201eII. Wroc\u0142awskie Spotkanie Medycyny Laboratoryjnej\u201d, zwanego dalej<\/p>\n<a class=\"moretag noptoppad\" href=\"https:\/\/konferencje.umw.edu.pl\/wroclawskiespotkanieml\/regulamin\/\">Read More...<\/a>","protected":false},"author":1,"featured_media":0,"parent":0,"menu_order":0,"comment_status":"closed","ping_status":"closed","template":"","meta":[],"_links":{"self":[{"href":"https:\/\/konferencje.umw.edu.pl\/wroclawskiespotkanieml\/wp-json\/wp\/v2\/pages\/177"}],"collection":[{"href":"https:\/\/konferencje.umw.edu.pl\/wroclawskiespotkanieml\/wp-json\/wp\/v2\/pages"}],"about":[{"href":"https:\/\/konferencje.umw.edu.pl\/wroclawskiespotkanieml\/wp-json\/wp\/v2\/types\/page"}],"author":[{"embeddable":true,"href":"https:\/\/konferencje.umw.edu.pl\/wroclawskiespotkanieml\/wp-json\/wp\/v2\/users\/1"}],"replies":[{"embeddable":true,"href":"https:\/\/konferencje.umw.edu.pl\/wroclawskiespotkanieml\/wp-json\/wp\/v2\/comments?post=177"}],"version-history":[{"count":53,"href":"https:\/\/konferencje.umw.edu.pl\/wroclawskiespotkanieml\/wp-json\/wp\/v2\/pages\/177\/revisions"}],"predecessor-version":[{"id":1715,"href":"https:\/\/konferencje.umw.edu.pl\/wroclawskiespotkanieml\/wp-json\/wp\/v2\/pages\/177\/revisions\/1715"}],"wp:attachment":[{"href":"https:\/\/konferencje.umw.edu.pl\/wroclawskiespotkanieml\/wp-json\/wp\/v2\/media?parent=177"}],"curies":[{"name":"wp","href":"https:\/\/api.w.org\/{rel}","templated":true}]}}