{"id":317,"date":"2017-12-29T11:00:12","date_gmt":"2017-12-29T10:00:12","guid":{"rendered":"http:\/\/www.konferencje.umed.wroc.pl\/wroclawskiespotkanieml\/?page_id=317"},"modified":"2021-02-04T12:30:13","modified_gmt":"2021-02-04T11:30:13","slug":"informacje","status":"publish","type":"page","link":"https:\/\/konferencje.umw.edu.pl\/wroclawskiespotkanieml\/informacje\/","title":{"rendered":"Informacje"},"content":{"rendered":"<table>\n<tbody>\n<tr>\n<td>\n<p style=\"margin: 0cm; margin-bottom: .0001pt;\"><strong>Miejsce konferencji:<\/strong><br \/>\nWydzia\u0142 Farmaceutyczny<br \/>\nUniwersytetu Medycznego we Wroc\u0142awiu<br \/>\nul. Borowska 211, 50-556 Wroc\u0142aw<\/p>\n<p><strong>Organizator:<\/strong><br \/>\nKatedra Analityki Medycznej we wsp\u00f3\u0142pracy z Wroc\u0142awskim Oddzia\u0142em PTDL<br \/>\nul. Borowska 211A, 50-556 Wroc\u0142aw<br \/>\ntel: 71 784 06 23,\u00a0 faks: 71 784 00 54<br \/>\ne-mail: <a href=\"mailto:wroclawskiespotkanieml@gmail.com\">wroclawskiespotkanieml@gmail.com<\/a><\/td>\n<td><iframe loading=\"lazy\" style=\"border: 0;\" src=\"https:\/\/www.google.com\/maps\/embed?pb=!1m18!1m12!1m3!1d2506.7375787209007!2d17.029710815832157!3d51.07639414994518!2m3!1f0!2f0!3f0!3m2!1i1024!2i768!4f13.1!3m3!1m2!1s0x470fc256e636cfef%3A0xa6f54ed03ed32efe!2sWydzia%C5%82+Farmaceutyczny+z+Oddzia%C5%82em+Analityki+Medycznej!5e0!3m2!1spl!2spl!4v1514363134480\" width=\"400\" height=\"300\" frameborder=\"0\" allowfullscreen=\"allowfullscreen\"><\/iframe><\/td>\n<\/tr>\n<\/tbody>\n<\/table>\n","protected":false},"excerpt":{"rendered":"<p>Miejsce konferencji: Wydzia\u0142 Farmaceutyczny Uniwersytetu Medycznego we Wroc\u0142awiu ul. Borowska 211, 50-556 Wroc\u0142aw Organizator: Katedra Analityki Medycznej we wsp\u00f3\u0142pracy z Wroc\u0142awskim Oddzia\u0142em PTDL ul. Borowska 211A, 50-556 Wroc\u0142aw tel: 71 784 06<\/p>\n<a class=\"moretag noptoppad\" href=\"https:\/\/konferencje.umw.edu.pl\/wroclawskiespotkanieml\/informacje\/\">Read More...<\/a>","protected":false},"author":1,"featured_media":0,"parent":0,"menu_order":0,"comment_status":"closed","ping_status":"closed","template":"","meta":[],"_links":{"self":[{"href":"https:\/\/konferencje.umw.edu.pl\/wroclawskiespotkanieml\/wp-json\/wp\/v2\/pages\/317"}],"collection":[{"href":"https:\/\/konferencje.umw.edu.pl\/wroclawskiespotkanieml\/wp-json\/wp\/v2\/pages"}],"about":[{"href":"https:\/\/konferencje.umw.edu.pl\/wroclawskiespotkanieml\/wp-json\/wp\/v2\/types\/page"}],"author":[{"embeddable":true,"href":"https:\/\/konferencje.umw.edu.pl\/wroclawskiespotkanieml\/wp-json\/wp\/v2\/users\/1"}],"replies":[{"embeddable":true,"href":"https:\/\/konferencje.umw.edu.pl\/wroclawskiespotkanieml\/wp-json\/wp\/v2\/comments?post=317"}],"version-history":[{"count":7,"href":"https:\/\/konferencje.umw.edu.pl\/wroclawskiespotkanieml\/wp-json\/wp\/v2\/pages\/317\/revisions"}],"predecessor-version":[{"id":1475,"href":"https:\/\/konferencje.umw.edu.pl\/wroclawskiespotkanieml\/wp-json\/wp\/v2\/pages\/317\/revisions\/1475"}],"wp:attachment":[{"href":"https:\/\/konferencje.umw.edu.pl\/wroclawskiespotkanieml\/wp-json\/wp\/v2\/media?parent=317"}],"curies":[{"name":"wp","href":"https:\/\/api.w.org\/{rel}","templated":true}]}}