{"id":320,"date":"2017-12-29T11:06:21","date_gmt":"2017-12-29T10:06:21","guid":{"rendered":"http:\/\/www.konferencje.umed.wroc.pl\/wroclawskiespotkanieml\/?page_id=320"},"modified":"2021-03-17T12:23:38","modified_gmt":"2021-03-17T11:23:38","slug":"komitet-organizacyjny","status":"publish","type":"page","link":"https:\/\/konferencje.umw.edu.pl\/wroclawskiespotkanieml\/komitet-organizacyjny\/","title":{"rendered":"Komitet organizacyjny"},"content":{"rendered":"<p><strong>Organizatorzy:<\/strong><br \/>Katedra Analityki Medycznej Uniwersytetu Medycznego we Wroc\u0142awiu<br \/>Wroc\u0142awski Oddzia\u0142 PTDL<\/p>\n<p><strong>Przewodnicz\u0105ca:<br \/><\/strong>dr n. farm. Anna Krzywonos-Zawadzka<br \/>e-mail: <a href=\"mailto:anna.krzywonos-zawadzka@umed.wroc.pl\">anna.krzywonos-zawadzka@umed.wroc.pl<\/a><br \/>tel. 71 784 06 24<\/p>\n<p><strong>Wiceprzewodnicz\u0105ca:<\/strong><br \/>mgr Alina Rak-Pasikowska<br \/>e-mail: <a class=\"moz-txt-link-abbreviated\" href=\"mailto:alina.rak-pasikowska@umed.wroc.pl\">alina.rak-pasikowska@umed.wroc.pl<\/a><br \/>tel. 71 784 06 22<\/p>\n<p><strong>Cz\u0142onkowie:<br \/><\/strong><\/p>\n<p>dr hab. n. med. Mariola \u015aliwi\u0144ska-Mosso\u0144<br \/>dr n. farm. Agnieszka Sapa-Wojciechowska<br \/>dr n. farm. Wies\u0142awa Nahaczewska<br \/>dr n. med. Iwona Urbanowicz<br \/>dr n. farm. Sylwia P\u0142aczkowska<br \/>dr n. farm. Aneta Wrzyszcz<br \/>mgr Marta Banaszkiewicz<br \/>mgr Agnieszka Olejnik<br \/>mgr Kornela Ha\u0142ucha<br \/>mgr Magdalena Gil-Wo\u017aniak<br \/>mgr Olga Loska<br \/>mgr Jakub Szyller<br \/>mgr Katarzyna Wadowska<br \/>mgr Anna Radajewska<br \/>Renata Koz\u0142owska<br \/>mgr Bart\u0142omiej Patrjach<br \/>mgr Dawid Radziszewski<br \/>mgr Izabela Kokot<\/p>\n<p>\u00a0<\/p>\n\n\n<figure class=\"wp-block-image size-large\"><img loading=\"lazy\" width=\"1024\" height=\"229\" src=\"https:\/\/www.konferencje.umed.wroc.pl\/wroclawskiespotkanieml\/wp-content\/uploads\/2020\/01\/loga-k\u00f3\u0142-naukowy-1024x229.jpg\" alt=\"\" class=\"wp-image-830\" srcset=\"https:\/\/konferencje.umw.edu.pl\/wroclawskiespotkanieml\/wp-content\/uploads\/2020\/01\/loga-k\u00f3\u0142-naukowy-1024x229.jpg 1024w, https:\/\/konferencje.umw.edu.pl\/wroclawskiespotkanieml\/wp-content\/uploads\/2020\/01\/loga-k\u00f3\u0142-naukowy-300x67.jpg 300w, https:\/\/konferencje.umw.edu.pl\/wroclawskiespotkanieml\/wp-content\/uploads\/2020\/01\/loga-k\u00f3\u0142-naukowy-768x172.jpg 768w, https:\/\/konferencje.umw.edu.pl\/wroclawskiespotkanieml\/wp-content\/uploads\/2020\/01\/loga-k\u00f3\u0142-naukowy.jpg 1249w\" sizes=\"(max-width: 1024px) 100vw, 1024px\" \/><\/figure>\n","protected":false},"excerpt":{"rendered":"<p>Organizatorzy:Katedra Analityki Medycznej Uniwersytetu Medycznego we Wroc\u0142awiuWroc\u0142awski Oddzia\u0142 PTDL Przewodnicz\u0105ca:dr n. farm. Anna Krzywonos-Zawadzkae-mail: anna.krzywonos-zawadzka@umed.wroc.pltel. 71 784 06 24 Wiceprzewodnicz\u0105ca:mgr Alina Rak-Pasikowskae-mail: alina.rak-pasikowska@umed.wroc.pltel. 71 784 06 22 Cz\u0142onkowie: dr hab. n. med.<\/p>\n<a class=\"moretag noptoppad\" href=\"https:\/\/konferencje.umw.edu.pl\/wroclawskiespotkanieml\/komitet-organizacyjny\/\">Read More...<\/a>","protected":false},"author":1,"featured_media":0,"parent":0,"menu_order":0,"comment_status":"closed","ping_status":"closed","template":"","meta":[],"_links":{"self":[{"href":"https:\/\/konferencje.umw.edu.pl\/wroclawskiespotkanieml\/wp-json\/wp\/v2\/pages\/320"}],"collection":[{"href":"https:\/\/konferencje.umw.edu.pl\/wroclawskiespotkanieml\/wp-json\/wp\/v2\/pages"}],"about":[{"href":"https:\/\/konferencje.umw.edu.pl\/wroclawskiespotkanieml\/wp-json\/wp\/v2\/types\/page"}],"author":[{"embeddable":true,"href":"https:\/\/konferencje.umw.edu.pl\/wroclawskiespotkanieml\/wp-json\/wp\/v2\/users\/1"}],"replies":[{"embeddable":true,"href":"https:\/\/konferencje.umw.edu.pl\/wroclawskiespotkanieml\/wp-json\/wp\/v2\/comments?post=320"}],"version-history":[{"count":18,"href":"https:\/\/konferencje.umw.edu.pl\/wroclawskiespotkanieml\/wp-json\/wp\/v2\/pages\/320\/revisions"}],"predecessor-version":[{"id":1808,"href":"https:\/\/konferencje.umw.edu.pl\/wroclawskiespotkanieml\/wp-json\/wp\/v2\/pages\/320\/revisions\/1808"}],"wp:attachment":[{"href":"https:\/\/konferencje.umw.edu.pl\/wroclawskiespotkanieml\/wp-json\/wp\/v2\/media?parent=320"}],"curies":[{"name":"wp","href":"https:\/\/api.w.org\/{rel}","templated":true}]}}