{"id":322,"date":"2017-12-29T11:06:35","date_gmt":"2017-12-29T10:06:35","guid":{"rendered":"http:\/\/www.konferencje.umed.wroc.pl\/wroclawskiespotkanieml\/?page_id=322"},"modified":"2021-03-17T12:19:21","modified_gmt":"2021-03-17T11:19:21","slug":"komitet-naukowy","status":"publish","type":"page","link":"https:\/\/konferencje.umw.edu.pl\/wroclawskiespotkanieml\/komitet-naukowy\/","title":{"rendered":"Komitet naukowy"},"content":{"rendered":"<p><strong>Przewodnicz\u0105ca:<\/strong><br \/>\ndr hab. Iwona Bil-Lula<br \/>\nKatedra Analityki Medycznej, Zak\u0142ad Chemii Klinicznej i Hematologii Laboratoryjnej, Uniwersytet Medyczny im. Piast\u00f3w \u015al\u0105skich we Wroc\u0142awiu<\/p>\n<p><strong>Wiceprzewodnicz\u0105cy:<\/strong><br \/>\nprof. dr hab. Mieczys\u0142aw Wo\u017aniak \u2020<br \/>\nKatedra Analityki Medycznej, Zak\u0142ad Chemii Klinicznej i Hematologii Laboratoryjnej, Uniwersytet Medyczny im. Piast\u00f3w \u015al\u0105skich we Wroc\u0142awiu<\/p>\n<p><strong>Cz\u0142onkowie:<\/strong><br \/>\ndr hab. Marita Nittner-Marszalska, prof. uczelni<br \/>\nKatedra i Klinika Chor\u00f3b Wewn\u0119trznych, Pneumonologii i Alergologii, Uniwersytet Medyczny im. Piast\u00f3w \u015al\u0105skich we Wroc\u0142awiu<\/p>\n<p>prof. dr hab. Gra\u017cyna Czaja-Bulsa<br \/>\nKlinika Pediatrii, Gastrologii i Reumatologii Dzieci\u0119cej, Pomorski Uniwersytet Medyczny w Szczecinie<\/p>\n<p>prof. dr hab. Jacek Nowak<br \/>\nZak\u0142ad Immunogenetyki, Instytut Hematologii i Transfuzjologii, Warszawa<\/p>\n<p>prof. dr hab. Piotr Radziwon<br \/>\nKlinika Hematologii, Uniwersytet Medyczny w Bia\u0142ymstoku<\/p>\n<p>prof. dr hab. Anna Che\u0142mo\u0144ska-Soyta<br \/>\nLaboratorium Immunologii Rozrodu w Instytucie Immunologii i Terapii Do\u015bwiadczalnej PAN, Wroc\u0142aw<\/p>\n<p>prof. dr hab. Agnieszka Piwowar<br \/>\nKatedra i Zak\u0142adu Toksykologii, Uniwersytet Medyczny im. Piast\u00f3w \u015al\u0105skich we Wroc\u0142awiu<\/p>\n<p>dr hab. Beata Szostakowska<br \/>\nZak\u0142ad Parazytologii Tropikalnej, Katedra Medycyny Tropikalnej i Parazytologii &#8211; Krajowy O\u015brodek Medycyny Tropikalnej, Gda\u0144ski Uniwersytet Medyczny<\/p>\n<p>prof. dr hab. Leszek Szenborn<br \/>\nKatedra i Klinika Pediatrii i Chor\u00f3b Infekcyjnych, Uniwersytet Medyczny im. Piast\u00f3w \u015al\u0105skich we Wroc\u0142awiu<\/p>\n<p>dr hab. Maciej Kupczyk, prof. uczelni<br \/>\nKlinika Chor\u00f3b Wewn\u0119trznych, Astmy i Alergii, Uniwersytet Medyczny w \u0141odzi<\/p>\n<p>dr Maciej Szymczak<br \/>\nKatedra i Klinika Nefrologii i Medycyny Transplantacyjnej, Uniwersytet Medyczny im. Piast\u00f3w \u015al\u0105skich we Wroc\u0142awiu<\/p>\n<p>dr hab. Ewa Kratz, prof. uczelni<br \/>\nKatedra Diagnostyki Laboratoryjnej, Zak\u0142ad Diagnostyki Laboratoryjnej, Uniwersytet Medyczny im. Piast\u00f3w \u015al\u0105skich we Wroc\u0142awiu<\/p>\n<p>dr Agnieszka Pawe\u0142czyk<br \/>\nZak\u0142ad Immunopatologii Chor\u00f3b Zaka\u017anych i Paso\u017cytniczych, Warszawski Uniwersytet Medyczny<\/p>\n<p>dr Jacek Majda<br \/>\nZak\u0142ad Diagnostyki Laboratoryjnej, IV Wojskowy Szpital Kliniczny we Wroc\u0142awiu<br \/>\nKonsultant Wojew\u00f3dzki w dziedzinie Diagnostyka Laboratoryjna<\/p>\n","protected":false},"excerpt":{"rendered":"<p>Przewodnicz\u0105ca: dr hab. Iwona Bil-Lula Katedra Analityki Medycznej, Zak\u0142ad Chemii Klinicznej i Hematologii Laboratoryjnej, Uniwersytet Medyczny im. Piast\u00f3w \u015al\u0105skich we Wroc\u0142awiu Wiceprzewodnicz\u0105cy: prof. dr hab. Mieczys\u0142aw Wo\u017aniak \u2020 Katedra Analityki Medycznej, Zak\u0142ad<\/p>\n<a class=\"moretag noptoppad\" href=\"https:\/\/konferencje.umw.edu.pl\/wroclawskiespotkanieml\/komitet-naukowy\/\">Read More...<\/a>","protected":false},"author":1,"featured_media":0,"parent":0,"menu_order":0,"comment_status":"closed","ping_status":"closed","template":"","meta":[],"_links":{"self":[{"href":"https:\/\/konferencje.umw.edu.pl\/wroclawskiespotkanieml\/wp-json\/wp\/v2\/pages\/322"}],"collection":[{"href":"https:\/\/konferencje.umw.edu.pl\/wroclawskiespotkanieml\/wp-json\/wp\/v2\/pages"}],"about":[{"href":"https:\/\/konferencje.umw.edu.pl\/wroclawskiespotkanieml\/wp-json\/wp\/v2\/types\/page"}],"author":[{"embeddable":true,"href":"https:\/\/konferencje.umw.edu.pl\/wroclawskiespotkanieml\/wp-json\/wp\/v2\/users\/1"}],"replies":[{"embeddable":true,"href":"https:\/\/konferencje.umw.edu.pl\/wroclawskiespotkanieml\/wp-json\/wp\/v2\/comments?post=322"}],"version-history":[{"count":20,"href":"https:\/\/konferencje.umw.edu.pl\/wroclawskiespotkanieml\/wp-json\/wp\/v2\/pages\/322\/revisions"}],"predecessor-version":[{"id":1806,"href":"https:\/\/konferencje.umw.edu.pl\/wroclawskiespotkanieml\/wp-json\/wp\/v2\/pages\/322\/revisions\/1806"}],"wp:attachment":[{"href":"https:\/\/konferencje.umw.edu.pl\/wroclawskiespotkanieml\/wp-json\/wp\/v2\/media?parent=322"}],"curies":[{"name":"wp","href":"https:\/\/api.w.org\/{rel}","templated":true}]}}