{"id":324,"date":"2017-12-29T11:06:53","date_gmt":"2017-12-29T10:06:53","guid":{"rendered":"http:\/\/www.konferencje.umed.wroc.pl\/wroclawskiespotkanieml\/?page_id=324"},"modified":"2021-03-17T12:19:51","modified_gmt":"2021-03-17T11:19:51","slug":"rada-naukowa","status":"publish","type":"page","link":"https:\/\/konferencje.umw.edu.pl\/wroclawskiespotkanieml\/rada-naukowa\/","title":{"rendered":"Rada naukowa"},"content":{"rendered":"<p>dr hab. Maciej Kupczyk, prof. uczelni<br \/>\nKlinika Chor\u00f3b Wewn\u0119trznych, Astmy i Alergii, Uniwersytet Medyczny w \u0141odzi<\/p>\n<p>prof. dr hab. Gra\u017cyna Czaja-Bulsa<br \/>\nKlinika Pediatrii, Gastrologii i Reumatologii Dzieci\u0119cej, Pomorski Uniwersytet Medyczny w Szczecinie<\/p>\n<p>prof. dr hab. Piotr Radziwon<br \/>\nKlinika Hematologii, Uniwersytet Medyczny w Bia\u0142ymstoku<\/p>\n<p>prof. dr hab. Leszek Szenborn<br \/>\nKatedra i Klinika Pediatrii i Chor\u00f3b Infekcyjnych, Uniwersytet Medyczny im. Piast\u00f3w \u015al\u0105skich we Wroc\u0142awiu<\/p>\n<p>prof. dr hab. Mieczys\u0142aw Wo\u017aniak \u2020<br \/>\nKatedra Analityki Medycznej, Zak\u0142ad Chemii Klinicznej i Hematologii Laboratoryjnej, Uniwersytet Medyczny im. Piast\u00f3w \u015al\u0105skich we Wroc\u0142awiu<\/p>\n<p>prof. dr hab. Jolanta Saczko<br \/>\nKatedra i Zak\u0142ad Biologii Molekularnej i Kom\u00f3rkowej, Uniwersytet Medyczny im. Piast\u00f3w \u015al\u0105skich we Wroc\u0142awiu<\/p>\n<p>prof. dr hab. Jacek Nowak<br \/>\nZak\u0142ad Immunogenetyki, Instytut Hematologii i Transfuzjologii, Warszawa<\/p>\n<p>dr hab. Marita Nittner-Marszalska, prof. uczelni<br \/>\nKatedra i Klinika Chor\u00f3b Wewn\u0119trznych, Pneumonologii i Alergologii, Uniwersytet Medyczny im. Piast\u00f3w \u015al\u0105skich we Wroc\u0142awiu<\/p>\n<p>dr hab. Beata Szostakowska<br \/>\nZak\u0142ad Parazytologii Tropikalnej, Katedra Medycyny Tropikalnej i Parazytologii, Krajowy\u00a0O\u015brodek Medycyny Tropikalnej, Gda\u0144ski Uniwersytet Medyczny<\/p>\n<p>dr hab. Grzegorz Sawicki, prof. uczelni<br \/>\nKatedra Analityki Medycznej, Zak\u0142ad Chemii Klinicznej i Hematologii Laboratoryjnej, Uniwersytet Medyczny im. Piast\u00f3w \u015al\u0105skich we Wroc\u0142awiu<\/p>\n<p>dr hab. Iwona Bil-Lula<br \/>\nKatedra Analityki Medycznej, Zak\u0142ad Chemii Klinicznej i Hematologii Laboratoryjnej, Uniwersytet Medyczny im. Piast\u00f3w \u015al\u0105skich we Wroc\u0142awiu<\/p>\n<p>dr hab. Julita Kulbacka<br \/>\nKatedra i Zak\u0142ad Biologii Molekularnej i Kom\u00f3rkowej, Uniwersytet Medyczny im. Piast\u00f3w \u015al\u0105skich we Wroc\u0142awiu<\/p>\n<p>dr hab. Anna Bizo\u0144<br \/>\nKatedra i Zak\u0142ad Biomedycznych Analiz \u015arodowiskowych, Uniwersytet Medyczny im. Piast\u00f3w \u015al\u0105skich we Wroc\u0142awiu<\/p>\n<p>dr hab. Ewa Kratz, prof. uczelni<br \/>\nKatedra Diagnostyki Laboratoryjnej, Zak\u0142ad Diagnostyki Laboratoryjnej, Uniwersytet Medyczny im. Piast\u00f3w \u015al\u0105skich we Wroc\u0142awiu<\/p>\n<p>dr Maciej Szymczak<br \/>\nKatedra i Klinika Nefrologii i Medycyny Transplantacyjnej, Uniwersytet Medyczny im. Piast\u00f3w \u015al\u0105skich we Wroc\u0142awiu<\/p>\n<p>dr Jacek Majda<br \/>\nZak\u0142ad Diagnostyki Laboratoryjnej, IV Wojskowy Szpital Kliniczny we Wroc\u0142awiu<br \/>\nKonsultant Wojew\u00f3dzki w dziedzinie Diagnostyka Laboratoryjna<\/p>\n<p>dr hab. n. med. Mariola \u015aliwi\u0144ska-Mosso\u0144<br \/>\nKatedra Analityki Medycznej, Zak\u0142ad Chemii Klinicznej i Hematologii Laboratoryjnej, Uniwersytet Medyczny im. Piast\u00f3w \u015al\u0105skich we Wroc\u0142awiu<\/p>\n<p>prof. dr hab. Anna Che\u0142mo\u0144ska-Soyta<br \/>\nLaboratorium Immunologii Rozrodu w Instytucie Immunologii i Terapii Do\u015bwiadczalnej PAN, Wroc\u0142aw<\/p>\n<p>prof. dr hab. Agnieszka Piwowar<br \/>\nKatedra i Zak\u0142adu Toksykologii, Uniwersytet Medyczny im. Piast\u00f3w \u015al\u0105skich we Wroc\u0142awiu<\/p>\n<p>dr Agnieszka Popow-Wo\u017aniak<br \/>\nKlinika InviMed we Wroc\u0142awiu<\/p>\n<p>dr Agnieszka Pawe\u0142czyk<br \/>\nZak\u0142ad Immunopatologii Chor\u00f3b Zaka\u017anych i Paso\u017cytniczych, Warszawski Uniwersytet Medyczny<\/p>\n<p>mgr Ewa Zagocka<br \/>\nDzia\u0142 Diagnostyki Laboratoryjnej w Uniwersyteckim Szpitalu Klinicznym we Wroc\u0142awiu; Pracownia andrologiczna we Wroc\u0142awiu<\/p>\n","protected":false},"excerpt":{"rendered":"<p>dr hab. Maciej Kupczyk, prof. uczelni Klinika Chor\u00f3b Wewn\u0119trznych, Astmy i Alergii, Uniwersytet Medyczny w \u0141odzi prof. dr hab. Gra\u017cyna Czaja-Bulsa Klinika Pediatrii, Gastrologii i Reumatologii Dzieci\u0119cej, Pomorski Uniwersytet Medyczny w Szczecinie<\/p>\n<a class=\"moretag noptoppad\" href=\"https:\/\/konferencje.umw.edu.pl\/wroclawskiespotkanieml\/rada-naukowa\/\">Read More...<\/a>","protected":false},"author":1,"featured_media":0,"parent":0,"menu_order":0,"comment_status":"closed","ping_status":"closed","template":"","meta":[],"_links":{"self":[{"href":"https:\/\/konferencje.umw.edu.pl\/wroclawskiespotkanieml\/wp-json\/wp\/v2\/pages\/324"}],"collection":[{"href":"https:\/\/konferencje.umw.edu.pl\/wroclawskiespotkanieml\/wp-json\/wp\/v2\/pages"}],"about":[{"href":"https:\/\/konferencje.umw.edu.pl\/wroclawskiespotkanieml\/wp-json\/wp\/v2\/types\/page"}],"author":[{"embeddable":true,"href":"https:\/\/konferencje.umw.edu.pl\/wroclawskiespotkanieml\/wp-json\/wp\/v2\/users\/1"}],"replies":[{"embeddable":true,"href":"https:\/\/konferencje.umw.edu.pl\/wroclawskiespotkanieml\/wp-json\/wp\/v2\/comments?post=324"}],"version-history":[{"count":18,"href":"https:\/\/konferencje.umw.edu.pl\/wroclawskiespotkanieml\/wp-json\/wp\/v2\/pages\/324\/revisions"}],"predecessor-version":[{"id":1807,"href":"https:\/\/konferencje.umw.edu.pl\/wroclawskiespotkanieml\/wp-json\/wp\/v2\/pages\/324\/revisions\/1807"}],"wp:attachment":[{"href":"https:\/\/konferencje.umw.edu.pl\/wroclawskiespotkanieml\/wp-json\/wp\/v2\/media?parent=324"}],"curies":[{"name":"wp","href":"https:\/\/api.w.org\/{rel}","templated":true}]}}