{"id":360,"date":"2018-01-12T10:37:25","date_gmt":"2018-01-12T09:37:25","guid":{"rendered":"http:\/\/www.konferencje.umed.wroc.pl\/wroclawskiespotkanieml\/?page_id=360"},"modified":"2021-03-17T12:44:32","modified_gmt":"2021-03-17T11:44:32","slug":"lista-wykladowcow","status":"publish","type":"page","link":"https:\/\/konferencje.umw.edu.pl\/wroclawskiespotkanieml\/lista-wykladowcow\/","title":{"rendered":"Lista wyk\u0142adowc\u00f3w"},"content":{"rendered":"\n<div class=\"wp-block-media-text alignwide is-vertically-aligned-top\" style=\"grid-template-columns:16% auto\"><figure class=\"wp-block-media-text__media\"><img loading=\"lazy\" width=\"794\" height=\"1024\" src=\"http:\/\/www.konferencje.umed.wroc.pl\/wroclawskiespotkanieml\/wp-content\/uploads\/2021\/03\/Alina-Niewiadomska-794x1024.jpg\" alt=\"\" class=\"wp-image-1812\" srcset=\"https:\/\/konferencje.umw.edu.pl\/wroclawskiespotkanieml\/wp-content\/uploads\/2021\/03\/Alina-Niewiadomska-794x1024.jpg 794w, https:\/\/konferencje.umw.edu.pl\/wroclawskiespotkanieml\/wp-content\/uploads\/2021\/03\/Alina-Niewiadomska-232x300.jpg 232w, https:\/\/konferencje.umw.edu.pl\/wroclawskiespotkanieml\/wp-content\/uploads\/2021\/03\/Alina-Niewiadomska-768x991.jpg 768w, https:\/\/konferencje.umw.edu.pl\/wroclawskiespotkanieml\/wp-content\/uploads\/2021\/03\/Alina-Niewiadomska-1190x1536.jpg 1190w, https:\/\/konferencje.umw.edu.pl\/wroclawskiespotkanieml\/wp-content\/uploads\/2021\/03\/Alina-Niewiadomska-1587x2048.jpg 1587w, https:\/\/konferencje.umw.edu.pl\/wroclawskiespotkanieml\/wp-content\/uploads\/2021\/03\/Alina-Niewiadomska-scaled.jpg 1984w\" sizes=\"(max-width: 794px) 100vw, 794px\" \/><\/figure><div class=\"wp-block-media-text__content\">\n<p><strong>mgr Alina Niewiadomska <\/strong><\/p>\n\n\n\n<p><em>Prezes Krajowej Rady Diagnost\u00f3w Laboratoryjnych<\/em><br> <\/p>\n\n\n\n<p>W samorz\u0105dzie zawodowym diagnost\u00f3w laboratoryjnych dzia\u0142a ju\u017c pi\u0119tnasty rok. Trzykrotnie by\u0142a wybierana\u00a0 do Krajowej Rady Diagnost\u00f3w Laboratoryjnych. W poprzedniej kadencji pe\u0142ni\u0142a funkcj\u0119 Sekretarza KRDL. Od 2006 r. dzia\u0142a nieprzerwanie\u00a0 w Zespole Wizytator\u00f3w KIDL. Jest wieloletni\u0105 cz\u0142onkini\u0105 Wojew\u00f3dzkiej Komisji ds. Orzekania o Zdarzeniach Medycznych w \u0141odzi. Zajmuje si\u0119 w niej audytem systemu kontroli jako\u015bci. Kieruje laboratorium w Instytucie Centrum Zdrowia Matki Polki w \u0141odzi, wcze\u015bniej pracowa\u0142a w zespole pracowni diagnostyki wad wrodzonych. Od wielu lat przewodniczy \u0142\u00f3dzkiemu oddzia\u0142owi Polskiego Towarzystwa Diagnostyki Laboratoryjnej. Aktywnie dzia\u0142a w Porozumieniu Samorz\u0105d\u00f3w Zawod\u00f3w Zaufania Publicznego.<br>Absolwentka kierunku analityka medyczna na Oddziale Analityki Medycznej  Wydzia\u0142u Farmaceutycznego Akademii Medycznej w \u0141odzi oraz podyplomowych  studi\u00f3w z zakresu Zarz\u0105dzania Firm\u0105 Medyczn\u0105. Specjalista diagnostyki  laboratoryjnej. G\u0142\u00f3wny obszar jej zainteresowa\u0144 zawodowych to kontrola  jako\u015bci i systemy zarz\u0105dzania jako\u015bci\u0105.<br>Uczestniczy\u0142a w pracach nad wytycznymi fazy przedanalitycznej tworzonymi przy KIDL, bra\u0142a udzia\u0142 w konferencjach po\u015bwi\u0119conych tym zagadnieniom.  Panelistka IV Kongresu Wizja Zdrowia w Warszawie i Forum Ochrony Zdrowia  w ramach XXX Forum Ekonomicznemu w Karpaczu. Aktywnie wspiera\u0142a  Kampani\u0119<em> Badam si\u0119! #Bochc\u0119\u017cy\u0107.<\/em> <br>Odznaczona Br\u0105zowym Krzy\u017cem Zas\u0142ugi przez Prezydenta RP, medalem Za  zas\u0142ugi dla Ochrony Zdrowia przez Ministra Zdrowia oraz odznak\u0105  Zas\u0142u\u017cony Diagnosta Laboratoryjny przez samorz\u0105d zawodowy.  W\u00a0plebiscycie\u00a0\u201eLista 100 2020\u201d Pulsu Medycyny w kategorii \u201eSystem  Ochrony Zdrowia\u201d uplasowa\u0142a si\u0119 na 26. miejscu. <\/p>\n\n\n\n<p><\/p>\n\n\n\n<p><em> <\/em><\/p>\n\n\n\n<p> <br><br><br><br><br><\/p>\n<\/div><\/div>\n\n\n\n<div class=\"wp-block-media-text alignwide is-vertically-aligned-top\" style=\"grid-template-columns:16% auto\"><figure class=\"wp-block-media-text__media\"><img loading=\"lazy\" width=\"188\" height=\"170\" src=\"https:\/\/www.konferencje.umed.wroc.pl\/wroclawskiespotkanieml\/wp-content\/uploads\/2020\/01\/M.Kupczyk.jpg\" alt=\"\" class=\"wp-image-848\"\/><\/figure><div class=\"wp-block-media-text__content\">\n<p><strong>Dr hab. n. med. Maciej Kupczyk, prof. uczelni<\/strong><\/p>\n\n\n\n<p><em>Klinika Chor\u00f3b Wewn\u0119trznych, Astmy i Alergii, Uniwersytet Medyczny w \u0141odzi<\/em> <br>Dr hab. n. med. Maciej Kupczyk jest cz\u0142onkiem zespo\u0142u naukowego kierowanego przez prof. Piotra Kun\u0119 w Klinice Chor\u00f3b Wewn\u0119trznych, Astmy i Alergii Uniwersytetu Medycznego w \u0141odzi. Uko\u0144czy\u0142 Uniwersytet Medyczny w \u0141odzi (w 2001 r.) oraz studia podyplomowe \u201eZarz\u0105dzanie s\u0142u\u017cb\u0105 zdrowia z elementami techniki medycznej\u201d na Wydziale Organizacji i Zarz\u0105dzania Politechniki \u0141\u00f3dzkiej. W 2008 r. uzyska\u0142 specjalizacj\u0119 w dziedzinie chor\u00f3b wewn\u0119trznych, w 2012 r. &#8211; w alergologii, a w 2016 r. w pulmonologii. Jego zainteresowania naukowe obejmuj\u0105 m.in. fizjologi\u0119 uk\u0142adu oddechowego oraz alergie oddechowe (ich pod\u0142o\u017ce zapalne, diagnostyk\u0119, farmako- i immunoterapi\u0119). Prowadzi\u0142 badania nad prowokacj\u0105 donosow\u0105 aspiryn\u0105 lizynow\u0105 oraz immunologicznymi mechanizmami rozwoju alergii. Jest cz\u0142onkiem mi\u0119dzynarodowego konsorcjum 3TR Unii Europejskiej (IMM i EFPIA), kt\u00f3rego celem jest badanie przewlek\u0142ych chor\u00f3b zapalnych, w tym astmy ci\u0119\u017ckiej. Profesor M. Kupczyk anga\u017cowa\u0142 si\u0119 w dzia\u0142ania M\u0142odych Cz\u0142onk\u00f3w (Junior Members) Europejskiej Akademii Alergologii i Immunologii Klinicznej (EAACI). Profesor Maciej Kupczyk by\u0142 laureatem pierwszej edycji Supertalent\u00f3w w&nbsp;Medycynie &#8211; konkursu na lider\u00f3w m\u0142odego pokolenia lekarzy, organizowanego przez &#8220;Puls Medycyny&#8221;. Profesor M. Kupczyk jest Prezydentem Elektem Polskiego Towarzystwa Alergologicznego.  <br><br><br><br><br><\/p>\n<\/div><\/div>\n\n\n\n<div class=\"wp-block-media-text alignwide is-vertically-aligned-top\" style=\"grid-template-columns:16% auto\"><figure class=\"wp-block-media-text__media\"><img loading=\"lazy\" width=\"757\" height=\"1024\" src=\"http:\/\/www.konferencje.umed.wroc.pl\/wroclawskiespotkanieml\/wp-content\/uploads\/2020\/01\/fotografia_prof.Grazyna-Bulsa-1-757x1024.jpg\" alt=\"\" class=\"wp-image-851\" srcset=\"https:\/\/konferencje.umw.edu.pl\/wroclawskiespotkanieml\/wp-content\/uploads\/2020\/01\/fotografia_prof.Grazyna-Bulsa-1-757x1024.jpg 757w, https:\/\/konferencje.umw.edu.pl\/wroclawskiespotkanieml\/wp-content\/uploads\/2020\/01\/fotografia_prof.Grazyna-Bulsa-1-222x300.jpg 222w, https:\/\/konferencje.umw.edu.pl\/wroclawskiespotkanieml\/wp-content\/uploads\/2020\/01\/fotografia_prof.Grazyna-Bulsa-1-768x1038.jpg 768w, https:\/\/konferencje.umw.edu.pl\/wroclawskiespotkanieml\/wp-content\/uploads\/2020\/01\/fotografia_prof.Grazyna-Bulsa-1-1136x1536.jpg 1136w, https:\/\/konferencje.umw.edu.pl\/wroclawskiespotkanieml\/wp-content\/uploads\/2020\/01\/fotografia_prof.Grazyna-Bulsa-1-1515x2048.jpg 1515w, https:\/\/konferencje.umw.edu.pl\/wroclawskiespotkanieml\/wp-content\/uploads\/2020\/01\/fotografia_prof.Grazyna-Bulsa-1-scaled.jpg 1893w\" sizes=\"(max-width: 757px) 100vw, 757px\" \/><\/figure><div class=\"wp-block-media-text__content\">\n<p><strong>Prof. dr hab. n. med. Gra\u017cyna Czaja-Bulsa<\/strong><\/p>\n\n\n\n<p><em>Katedra Chor\u00f3b Dzieci i Piel\u0119gniarstwa Pediatrycznego, Pomorski Uniwersytet Medyczny w Szczecinie<\/em> <br>Kierownik Katedry Chor\u00f3b Dzieci i Piel\u0119gniarstwa Pediatrycznego, specjalista pediatra, alergolog, gastrolog i gastrolog dzieci\u0119cy. Od uko\u0144czenia studi\u00f3w pracuje w PUM. Jej zainteresowania naukowe zawsze by\u0142y skoncentrowane na zagadnieniach alergii pokarmowej i gastrologii dzieci\u0119cej, ze szczeg\u00f3lnym uwzgl\u0119dnieniem zespo\u0142\u00f3w nadwra\u017cliwo\u015bci na ziarna zb\u00f3\u017c, przede wszystkim alergii IgE-zale\u017cnej na pszenic\u0119, a tak\u017ce alergii pokarmowej IgE-niezale\u017cnej oraz mo\u017cliwo\u015bci kontroli rozwoju i wygasania zapalenia alergicznego przewodu pokarmowego w wieku dzieci\u0119cym. Jest cz\u0142onkiem wielu towarzystw naukowych polskich i mi\u0119dzynarodowych. <br><br><br><br><br><br><\/p>\n<\/div><\/div>\n\n\n\n<div class=\"wp-block-media-text alignwide is-vertically-aligned-top\" style=\"grid-template-columns:16% auto\"><figure class=\"wp-block-media-text__media\"><img loading=\"lazy\" width=\"204\" height=\"242\" src=\"http:\/\/www.konferencje.umed.wroc.pl\/wroclawskiespotkanieml\/wp-content\/uploads\/2020\/01\/bia\u0142y-kwadrat-.jpg\" alt=\"\" class=\"wp-image-1020\"\/><\/figure><div class=\"wp-block-media-text__content\">\n<p><strong>Dr hab. Marita Nittner-Marszalska prof. uczelni<\/strong><\/p>\n\n\n\n<p><em>Katedra i Klinika Chor\u00f3b Wewn\u0119trznych, Pneumonologii i Alergologii, Uniwersytet Medyczny we Wroc\u0142awiu <\/em><br>Dr hab. Marita Nittner-Marszalska prof. nadzw. Uniwersytetu Medycznego we Wroc\u0142awiu jest specjalist\u0105 alergologii i chor\u00f3b wewn\u0119trznych. Pe\u0142ni funkcj\u0119 przewodnicz\u0105cej oddzia\u0142u dolno\u015bl\u0105skiego Polskiego Towarzystwa Alergologicznego. Pani Profesor jest wsp\u00f3\u0142autorem wytycznych Sekcji Nadwra\u017cliwo\u015bci na Leki Polskiego Towarzystwa Alergologicznego w nadwra\u017cliwo\u015bci na leki oraz wytycznych post\u0119powania w alergii na jad owad\u00f3w b\u0142onkoskrzyd\u0142ych. Jest autorem podr\u0119cznika pt.: \u201eAlergia na owady\u201d i wsp\u00f3\u0142autorem rozdzia\u0142\u00f3w w podr\u0119cznikach \u201eAlergia, choroby alergiczne i astma\u201d, \u201eKompendium Alergologii\u201d, \u201ePodstawy Alergologii\u201d. Jednym z g\u0142\u00f3wnych obszar\u00f3w zainteresowa\u0144 profesor Nittner-Marszalskiej jest immunoterapia alergenowa oraz immunoterapia jadem owad\u00f3w b\u0142onkoskrzyd\u0142ych,&nbsp;monitorowanie i sposoby oceny skuteczno\u015bci tego leczenia przy pomocy nowoczesnych metod laboratoryjnych. <br><br><br><br><\/p>\n<\/div><\/div>\n\n\n\n<div class=\"wp-block-media-text alignwide is-vertically-aligned-top\" style=\"grid-template-columns:16% auto\"><figure class=\"wp-block-media-text__media\"><img loading=\"lazy\" width=\"341\" height=\"433\" src=\"http:\/\/www.konferencje.umed.wroc.pl\/wroclawskiespotkanieml\/wp-content\/uploads\/2021\/03\/Agnieszka-Pawe\u0142czyk.jpg\" alt=\"\" class=\"wp-image-1702\" srcset=\"https:\/\/konferencje.umw.edu.pl\/wroclawskiespotkanieml\/wp-content\/uploads\/2021\/03\/Agnieszka-Pawe\u0142czyk.jpg 341w, https:\/\/konferencje.umw.edu.pl\/wroclawskiespotkanieml\/wp-content\/uploads\/2021\/03\/Agnieszka-Pawe\u0142czyk-236x300.jpg 236w\" sizes=\"(max-width: 341px) 100vw, 341px\" \/><\/figure><div class=\"wp-block-media-text__content\">\n<p><strong>Dr n. biol. Agnieszka Pawe\u0142czyk<\/strong><\/p>\n\n\n\n<p><em>Zak\u0142ad Immunopatologii Chor\u00f3b Zaka\u017anych i Paso\u017cytniczych, Warszawski Uniwersytet Medyczny<\/em><br><\/p>\n\n\n\n<p>Adiunkt w Zak\u0142adzie Immunopatologii Chor\u00f3b Zaka\u017anych i Paso\u017cytniczych WUM, diagnosta laboratoryjny. Wsp\u00f3\u0142za\u0142o\u017cycielka Laboratorium Diagnostyki Zara\u017ce\u0144 Paso\u017cytniczych i Odzwierz\u0119cych, AmerLab Sp. z o.o, firmy utworzonej przez badaczy z Uniwersytetu Warszawskiego i Warszawskiego Uniwersytetu Medycznego. Posiada szerokie do\u015bwiadczenie dotycz\u0105ce profilaktyki, wykrywania i epidemiologii chor\u00f3b zaka\u017anych i paso\u017cytniczych. Prowadzone przez dr A. Pawe\u0142czyk badania oraz zainteresowania naukowe koncentruj\u0105 si\u0119 przede wszystkim na analizie mechanizm\u00f3w patogenezy chor\u00f3b zaka\u017anych. Dotycz\u0105 zaka\u017ce\u0144 wirusowych (HCV, HGV, HIV), bakteryjnych (<em>Borrelia burgdorferi<\/em> s.l.) i paso\u017cytniczych (<em>Babesia microti<\/em>, <em>Toxoplasma gondii<\/em>) w kontek\u015bcie oddzia\u0142ywa\u0144 patogen-\u017cywiciel, a tak\u017ce aspekt\u00f3w zaburze\u0144 uk\u0142adu immunologicznego b\u0119d\u0105cych konsekwencj\u0105 zaka\u017ce\u0144\/zara\u017ce\u0144. Pani Doktor jest cz\u0142onkiem Polskiego Towarzystwa Parazytologicznego, Polskiego Towarzystwa Epidemiolog\u00f3w i Lekarzy Chor\u00f3b Zaka\u017anych, Polskiego Towarzystwa Diagnostyki Laboratoryjnej oraz International Society for Infectious Diseases. <\/p>\n\n\n\n<p><br><br><br><br><br><\/p>\n<\/div><\/div>\n\n\n\n<div class=\"wp-block-media-text alignwide is-vertically-aligned-top\" style=\"grid-template-columns:16% auto\"><figure class=\"wp-block-media-text__media\"><img loading=\"lazy\" width=\"186\" height=\"295\" src=\"http:\/\/www.konferencje.umed.wroc.pl\/wroclawskiespotkanieml\/wp-content\/uploads\/2020\/01\/B.Szostakowska.jpg\" alt=\"\" class=\"wp-image-854\"\/><\/figure><div class=\"wp-block-media-text__content\">\n<p><strong>Dr hab. med. Beata Szostakowska<\/strong><\/p>\n\n\n\n<p><em>Zak\u0142ad Parazytologii Tropikalnej, Katedra Medycyny Tropikalnej i Parazytologii \u2013 Krajowy O\u015brodek Medycyny Tropikalnej, Gda\u0144ski Uniwersytet Medyczny<\/em><br><\/p>\n\n\n\n<p>Dr hab. n. med. Beata Szostakowska, wiceprzewodnicz\u0105ca Polskiego Towarzystwa Parazytologicznego, jako jedna z kilkunastu parazytolog\u00f3w w kraju posiada tytu\u0142 specjalisty w dziedzinie Laboratoryjna Parazytologia Medyczna. Jest tutorem w europejskim programie kszta\u0142cenia ustawicznego dla specjalist\u00f3w w zakresie biologii medycznej e-MEDICINEimage. Poza pe\u0142nieniem obowi\u0105zk\u00f3w naukowo-dydaktycznych, jako uprawniony diagnosta laboratoryjny prowadzi badania diagnostyczne w kierunku parazytoz ludzi oraz zajmuje si\u0119 organizacj\u0105 szkole\u0144 dla diagnost\u00f3w laboratoryjnych i biolog\u00f3w w ramach specjalizacji z mikrobiologii. Specjalizuje si\u0119 w diagnostyce klasycznej i molekularnej chor\u00f3b tropikalnych i paso\u017cytniczych. Drugim kierunkiem bada\u0144 dr Szostakowskiej s\u0105 badania nad zoonotycznymi nicieniami z rodziny <em>Anisakidae<\/em> wyst\u0119puj\u0105cymi u ryb morskich. <\/p>\n\n\n\n<p><br><br><br><br><br><\/p>\n<\/div><\/div>\n\n\n\n<div class=\"wp-block-media-text alignwide is-vertically-aligned-top\" style=\"grid-template-columns:17% auto\"><figure class=\"wp-block-media-text__media\"><img loading=\"lazy\" width=\"251\" height=\"358\" src=\"http:\/\/www.konferencje.umed.wroc.pl\/wroclawskiespotkanieml\/wp-content\/uploads\/2021\/03\/prof.-Leszek-Szenborn.jpg\" alt=\"\" class=\"wp-image-1704\" srcset=\"https:\/\/konferencje.umw.edu.pl\/wroclawskiespotkanieml\/wp-content\/uploads\/2021\/03\/prof.-Leszek-Szenborn.jpg 251w, https:\/\/konferencje.umw.edu.pl\/wroclawskiespotkanieml\/wp-content\/uploads\/2021\/03\/prof.-Leszek-Szenborn-210x300.jpg 210w\" sizes=\"(max-width: 251px) 100vw, 251px\" \/><\/figure><div class=\"wp-block-media-text__content\">\n<p> <strong>Prof. dr hab. Leszek Szenborn<\/strong> <\/p>\n\n\n\n<p><em>Katedra i Klinika Pediatrii i Chor\u00f3b Infekcyjnych, Uniwersytet Medyczny im. Piast\u00f3w \u015al\u0105skich we Wroc\u0142awiu<\/em> <br>Kierownik Katedry i Kliniki Pediatrii i Chor\u00f3b Infekcyjnych, specjalista pediatrii i chor\u00f3b zaka\u017anych, przewodnicz\u0105cy Polskiego Towarzystwa Wakcynologii (2009-2011), cz\u0142onek zarz\u0105d\u00f3w Polskiego Towarzystwa Pediatrii i Polskiego Towarzystwa Epidemiolog\u00f3w i Lekarzy Chor\u00f3b Zaka\u017anych. Profesor jest ekspertem w dziedzinie szczepie\u0144 &#8211; dzieci\u0119cych i grypowych. By\u0142 cz\u0142onkiem Pediatrycznego zespo\u0142u ekspert\u00f3w ds. Programu Szczepie\u0144 przy Ministrze Zdrowia (2005-2017). G\u0142\u00f3wne kierunki badawcze prof. Szenborna to&nbsp;diagnostyka, leczenie i profilaktyka chor\u00f3b infekcyjnych u dzieci. Profesor prowadzi\u0142 badania, kt\u00f3re przyczyni\u0142y si\u0119 do zarejestrowania nowych szczepionek chroni\u0105cych dzieci przed zaka\u017ceniami wywo\u0142anymi przez pneumokoki, meningokoki i rotawirusy.<br><br><br><br><br><\/p>\n<\/div><\/div>\n\n\n\n<div class=\"wp-block-media-text alignwide is-vertically-aligned-top\" style=\"grid-template-columns:16% auto\"><figure class=\"wp-block-media-text__media\"><img loading=\"lazy\" width=\"240\" height=\"333\" src=\"http:\/\/www.konferencje.umed.wroc.pl\/wroclawskiespotkanieml\/wp-content\/uploads\/2020\/01\/Jacek-Nowak.jpg\" alt=\"\" class=\"wp-image-866\" srcset=\"https:\/\/konferencje.umw.edu.pl\/wroclawskiespotkanieml\/wp-content\/uploads\/2020\/01\/Jacek-Nowak.jpg 240w, https:\/\/konferencje.umw.edu.pl\/wroclawskiespotkanieml\/wp-content\/uploads\/2020\/01\/Jacek-Nowak-216x300.jpg 216w\" sizes=\"(max-width: 240px) 100vw, 240px\" \/><\/figure><div class=\"wp-block-media-text__content\">\n<p><strong>Prof. dr hab. n. med. Jacek Nowak<\/strong><\/p>\n\n\n\n<p><em>Zak\u0142ad Immunogenetyki, Instytut Hematologii i Transfuzjologii w Warszawie<\/em><br><\/p>\n\n\n\n<p>Kierownik Zak\u0142adu Immunogenetyki z Pracowni\u0105 Zgodno\u015bci Tkankowej i Pracowni\u0105 Doboru Dawc\u00f3w Kom\u00f3rek Krwiotw\u00f3rczych. Zak\u0142ad prowadzi dzia\u0142alno\u015b\u0107 us\u0142ugow\u0105 i naukow\u0105 w dziedzinie immunogenetycznego typowania biorc\u00f3w i dawc\u00f3w do przeszczepienia krwiotw\u00f3rczych kom\u00f3rek macierzystych, transfuzji koncentrat\u00f3w p\u0142ytkowych, zwi\u0105zku HLA <br>z chorobami i immunopatologii chor\u00f3b hematologicznych oraz powik\u0142a\u0144 poprzetoczeniowych. Jest specjalist\u0105 II st. w dziedzinie analityki klinicznej, laboratoryjnej hematologii medycznej oraz europejskim specjalist\u0105 w zakresie immunologii transplantacyjnej (ESHI). Jest wsp\u00f3\u0142autorem ponad 60 publikacji naukowych (IF=123,162) oraz 20 rozdzia\u0142\u00f3w w podr\u0119cznikach naukowych. Prof. dr hab. n. med. Jacek Nowak jest Przewodnicz\u0105cym Zarz\u0105du Warszawskiego Oddzia\u0142u i Cz\u0142onkiem Zarz\u0105du Sekcji Transfuzjologicznej oraz wchodzi w sk\u0142ad Komisji Rewizyjnej Polskiego Towarzystwa Hematolog\u00f3w i Transfuzjolog\u00f3w. Jest Cz\u0142onkiem Zarz\u0105du Polskiego Towarzystwa Immunogenetycznego.<\/p>\n\n\n\n<p><br><br><br><br><br><\/p>\n<\/div><\/div>\n\n\n\n<div class=\"wp-block-media-text alignwide is-vertically-aligned-top\" style=\"grid-template-columns:16% auto\"><figure class=\"wp-block-media-text__media\"><img loading=\"lazy\" width=\"303\" height=\"390\" src=\"http:\/\/www.konferencje.umed.wroc.pl\/wroclawskiespotkanieml\/wp-content\/uploads\/2020\/01\/M.-Szymczak.jpg\" alt=\"\" class=\"wp-image-880\" srcset=\"https:\/\/konferencje.umw.edu.pl\/wroclawskiespotkanieml\/wp-content\/uploads\/2020\/01\/M.-Szymczak.jpg 303w, https:\/\/konferencje.umw.edu.pl\/wroclawskiespotkanieml\/wp-content\/uploads\/2020\/01\/M.-Szymczak-233x300.jpg 233w\" sizes=\"(max-width: 303px) 100vw, 303px\" \/><\/figure><div class=\"wp-block-media-text__content\">\n<p><strong>Dr n. med. Maciej Szymczak<\/strong><\/p>\n\n\n\n<p><em>Katedra i Klinika Nefrologii i Medycyny Transplantacyjnej, Uniwersytet Medyczny we Wroc\u0142awiu<\/em><br>Adiunkt w Klinice Nefrologii i Medycyny Transplantacyjnej. Specjalista w dziedzinie chor\u00f3b wewn\u0119trznych, transplantologii klinicznej oraz nefrologii. Sekretarz Oddzia\u0142u Dolno\u015bl\u0105skiego Polskiego Towarzystwa Nefrologicznego 2017-2020, Sekretarz czasopisma &#8220;Polimery w Medycynie&#8221; w latach 2019-2020, koordynator badania EQUAL w Polsce. Tematem bada\u0144 naukowych dr. Szymczaka s\u0105 k\u0142\u0119buszkowe zapalenia nerek, przewlek\u0142a choroba nerek u os\u00f3b w podesz\u0142ym wieku&nbsp;i powik\u0142ania sercowo-naczyniowe u pacjent\u00f3w po przeszczepie nerki. Ponadto dzia\u0142alno\u015b\u0107 popularnonaukowa w zakresie wiedzy o stulatkach. <br><br><br><br><br><\/p>\n<\/div><\/div>\n\n\n\n<div class=\"wp-block-media-text alignwide is-vertically-aligned-top\" style=\"grid-template-columns:16% auto\"><figure class=\"wp-block-media-text__media\"><img loading=\"lazy\" width=\"849\" height=\"1024\" src=\"http:\/\/www.konferencje.umed.wroc.pl\/wroclawskiespotkanieml\/wp-content\/uploads\/2021\/03\/profesor-Piotr-Radziwon-849x1024.jpg\" alt=\"\" class=\"wp-image-1705\" srcset=\"https:\/\/konferencje.umw.edu.pl\/wroclawskiespotkanieml\/wp-content\/uploads\/2021\/03\/profesor-Piotr-Radziwon-849x1024.jpg 849w, https:\/\/konferencje.umw.edu.pl\/wroclawskiespotkanieml\/wp-content\/uploads\/2021\/03\/profesor-Piotr-Radziwon-249x300.jpg 249w, https:\/\/konferencje.umw.edu.pl\/wroclawskiespotkanieml\/wp-content\/uploads\/2021\/03\/profesor-Piotr-Radziwon-768x926.jpg 768w, https:\/\/konferencje.umw.edu.pl\/wroclawskiespotkanieml\/wp-content\/uploads\/2021\/03\/profesor-Piotr-Radziwon.jpg 1223w\" sizes=\"(max-width: 849px) 100vw, 849px\" \/><\/figure><div class=\"wp-block-media-text__content\">\n<p><strong>Prof. dr hab. n. med. Piotr Radziwon<\/strong><\/p>\n\n\n\n<p><em>Klinika Hematologii, Uniwersytet Medyczny w Bia\u0142ymstoku<\/em><br>Absolwent Akademii Medycznej w Bia\u0142ymstoku. Samodzielny pracownik naukowy w Klinice Hematologii, Dyrektor Regionalnego Centrum Krwiodawstwa i Krwiolecznictwa w Bia\u0142ymstoku, Krajowy Konsultant ds. Transfuzjologii Klinicznej, Przewodnicz\u0105cy Rady Naukowej Instytutu Hematologii i Transfuzjologii w Warszawie, Przewodnicz\u0105cy Krajowej Rady ds. Krwiodawstwa i Krwiolecznictwa, Przedstawiciel Polski w Komitecie Steruj\u0105cym Rady Europy ds. Transfuzji Krwi (CD-P-TS), cz\u0142onek grupy roboczej GTS CD-P-TS opracowuj\u0105cej wytyczne dotycz\u0105ce pobierania, preparatyki, badania, kontroli jako\u015bci, magazynowania i stosowania krwi i jej sk\u0142adnik\u00f3w. Cz\u0142onek Polskiego Towarzystwa Hematolog\u00f3w i Transfuzjolog\u00f3w oraz International Society of Blood Transfusion. <\/p>\n<\/div><\/div>\n","protected":false},"excerpt":{"rendered":"<p>mgr Alina Niewiadomska Prezes Krajowej Rady Diagnost\u00f3w Laboratoryjnych W samorz\u0105dzie zawodowym diagnost\u00f3w laboratoryjnych dzia\u0142a ju\u017c pi\u0119tnasty rok. Trzykrotnie by\u0142a wybierana\u00a0 do Krajowej Rady Diagnost\u00f3w Laboratoryjnych. W poprzedniej kadencji pe\u0142ni\u0142a funkcj\u0119 Sekretarza KRDL.<\/p>\n<a class=\"moretag noptoppad\" href=\"https:\/\/konferencje.umw.edu.pl\/wroclawskiespotkanieml\/lista-wykladowcow\/\">Read More...<\/a>","protected":false},"author":1,"featured_media":0,"parent":0,"menu_order":0,"comment_status":"closed","ping_status":"closed","template":"","meta":[],"_links":{"self":[{"href":"https:\/\/konferencje.umw.edu.pl\/wroclawskiespotkanieml\/wp-json\/wp\/v2\/pages\/360"}],"collection":[{"href":"https:\/\/konferencje.umw.edu.pl\/wroclawskiespotkanieml\/wp-json\/wp\/v2\/pages"}],"about":[{"href":"https:\/\/konferencje.umw.edu.pl\/wroclawskiespotkanieml\/wp-json\/wp\/v2\/types\/page"}],"author":[{"embeddable":true,"href":"https:\/\/konferencje.umw.edu.pl\/wroclawskiespotkanieml\/wp-json\/wp\/v2\/users\/1"}],"replies":[{"embeddable":true,"href":"https:\/\/konferencje.umw.edu.pl\/wroclawskiespotkanieml\/wp-json\/wp\/v2\/comments?post=360"}],"version-history":[{"count":33,"href":"https:\/\/konferencje.umw.edu.pl\/wroclawskiespotkanieml\/wp-json\/wp\/v2\/pages\/360\/revisions"}],"predecessor-version":[{"id":1816,"href":"https:\/\/konferencje.umw.edu.pl\/wroclawskiespotkanieml\/wp-json\/wp\/v2\/pages\/360\/revisions\/1816"}],"wp:attachment":[{"href":"https:\/\/konferencje.umw.edu.pl\/wroclawskiespotkanieml\/wp-json\/wp\/v2\/media?parent=360"}],"curies":[{"name":"wp","href":"https:\/\/api.w.org\/{rel}","templated":true}]}}