{"id":382,"date":"2018-01-12T14:37:15","date_gmt":"2018-01-12T13:37:15","guid":{"rendered":"http:\/\/www.konferencje.umed.wroc.pl\/wroclawskiespotkanieml\/?page_id=382"},"modified":"2021-03-04T09:44:39","modified_gmt":"2021-03-04T08:44:39","slug":"punkty-edukacyjne-i-certyfikaty","status":"publish","type":"page","link":"https:\/\/konferencje.umw.edu.pl\/wroclawskiespotkanieml\/punkty-edukacyjne-i-certyfikaty\/","title":{"rendered":"Punkty edukacyjne i certyfikaty"},"content":{"rendered":"<p>Szanowni Pa\u0144stwo,<br \/>za udzia\u0142 w posiedzeniu naukowo-szkoleniowym Og\u00f3lnopolska Konferencja Naukowo-Szkoleniowa II Wroc\u0142awskie Spotkanie Medycyny Laboratoryjnej przys\u0142uguje<br \/><strong>8 punkt\u00f3w twardych<\/strong>. Warunkiem uzyskania punkt\u00f3w edukacyjnych jest zaliczenie testu przeprowadzonego przez organizator\u00f3w.<\/p>\n<p>CERTYFIKATY<br \/>Imienne certyfikaty wraz z informacj\u0105 o liczbie punkt\u00f3w edukacyjnych oraz formie uczestnictwa zostan\u0105 przes\u0142ane na adres poczty elektronicznej w formie pdf.<\/p>\n\n\n<p><\/p>\n","protected":false},"excerpt":{"rendered":"<p>Szanowni Pa\u0144stwo,za udzia\u0142 w posiedzeniu naukowo-szkoleniowym Og\u00f3lnopolska Konferencja Naukowo-Szkoleniowa II Wroc\u0142awskie Spotkanie Medycyny Laboratoryjnej przys\u0142uguje8 punkt\u00f3w twardych. Warunkiem uzyskania punkt\u00f3w edukacyjnych jest zaliczenie testu przeprowadzonego przez organizator\u00f3w. CERTYFIKATYImienne certyfikaty wraz z informacj\u0105<\/p>\n<a class=\"moretag noptoppad\" href=\"https:\/\/konferencje.umw.edu.pl\/wroclawskiespotkanieml\/punkty-edukacyjne-i-certyfikaty\/\">Read More...<\/a>","protected":false},"author":1,"featured_media":0,"parent":0,"menu_order":0,"comment_status":"closed","ping_status":"closed","template":"","meta":[],"_links":{"self":[{"href":"https:\/\/konferencje.umw.edu.pl\/wroclawskiespotkanieml\/wp-json\/wp\/v2\/pages\/382"}],"collection":[{"href":"https:\/\/konferencje.umw.edu.pl\/wroclawskiespotkanieml\/wp-json\/wp\/v2\/pages"}],"about":[{"href":"https:\/\/konferencje.umw.edu.pl\/wroclawskiespotkanieml\/wp-json\/wp\/v2\/types\/page"}],"author":[{"embeddable":true,"href":"https:\/\/konferencje.umw.edu.pl\/wroclawskiespotkanieml\/wp-json\/wp\/v2\/users\/1"}],"replies":[{"embeddable":true,"href":"https:\/\/konferencje.umw.edu.pl\/wroclawskiespotkanieml\/wp-json\/wp\/v2\/comments?post=382"}],"version-history":[{"count":10,"href":"https:\/\/konferencje.umw.edu.pl\/wroclawskiespotkanieml\/wp-json\/wp\/v2\/pages\/382\/revisions"}],"predecessor-version":[{"id":1700,"href":"https:\/\/konferencje.umw.edu.pl\/wroclawskiespotkanieml\/wp-json\/wp\/v2\/pages\/382\/revisions\/1700"}],"wp:attachment":[{"href":"https:\/\/konferencje.umw.edu.pl\/wroclawskiespotkanieml\/wp-json\/wp\/v2\/media?parent=382"}],"curies":[{"name":"wp","href":"https:\/\/api.w.org\/{rel}","templated":true}]}}