{"id":47,"date":"2017-09-06T09:01:59","date_gmt":"2017-09-06T07:01:59","guid":{"rendered":"http:\/\/www.konferencje.umed.wroc.pl\/wroclawskiespotkanieml\/?page_id=47"},"modified":"2021-03-30T15:07:03","modified_gmt":"2021-03-30T13:07:03","slug":"strona-glowna","status":"publish","type":"page","link":"https:\/\/konferencje.umw.edu.pl\/wroclawskiespotkanieml\/","title":{"rendered":"II.WSML"},"content":{"rendered":"<p>Szanowni Pa\u0144stwo,<br \/>Serdecznie dzi\u0119kujemy za udzia\u0142 w konferencji II Wroc\u0142awskie Spotkanie Medycyny Laboratoryjnej .<\/p>\n<p>Informujemy, \u017ce do 7 kwietnia 2021 r. wszystkim Uczestnikom roze\u015blemy certyfikaty na adres e-mail podany przy rejestracji. Prosimy o sprawdzenie folderu \u201cspam\u201d. Osoby, kt\u00f3re uczestniczy\u0142y w konferencji, a do 7 kwietnia nie otrzymaj\u0105 certyfikatu w formie elektronicznej &#8211; prosimy o niezw\u0142oczny kontakt telefoniczny na nr tel. 71 784 0624 lub adres e-mail: <a href=\"mailto:wroclawskiespotkanieml@gmail.com\">wroclawskiespotkanieml@gmail.com<\/a> .<\/p>\n<p>Informujemy, \u017ce dost\u0119p do nagra\u0144 wyk\u0142ad\u00f3w b\u0119dzie mo\u017cliwy przez 7 dni po Konferencji (do 6 kwietnia w\u0142\u0105cznie) na kanale <a href=\"https:\/\/medtube.pl\/wsml\">https:\/\/medtube.pl\/wsml<\/a> z indywidualnym kodem dost\u0119pu, kt\u00f3ry otrzymali\u015bcie Pa\u0144stwo przed konferencj\u0105.<\/p>\n<p><strong>Serdecznie gratulujemy r\u00f3wnie\u017c laureatom konkursu prac:<\/strong><\/p>\n<p><strong>I miejsce<\/strong><br \/>Pani Katarzyna \u017bybura-Wszo\u0142a \u201eNowe spojrzenie na stare markery w laboratoryjnej diagnostyce p\u0142ynotoku\u201d<\/p>\n<p><strong>II miejsce <em>ex aequo<br \/><\/em><\/strong>Pani Agnieszka Ochoci\u0144ska \u201eDlaczego mierzy\u0107 hormon anty-M\u00fcllerowski (AMH) w pediatrycznych zaburzeniach rozwoju p\u0142ci (DSD)?\u201d<br \/>Pani Helena Moreira\u00a0 \u201eBadanie obecno\u015bci autoprzeciwcia\u0142 antyneuronalnych w surowicy pacjent\u00f3w ze zdiagnozowan\u0105 epilepsj\u0105\u201d<\/p>\n<p>Z wyrazami szacunku<br \/>Komitet Organizacyjny II WSML<\/p>\n\n\n<div class=\"wp-block-image\"><figure class=\"aligncenter size-large\"><img loading=\"lazy\" width=\"1024\" height=\"125\" src=\"http:\/\/www.konferencje.umed.wroc.pl\/wroclawskiespotkanieml\/wp-content\/uploads\/2020\/01\/loga-na-g\u0142\u00f3wn\u0105-9.01.2020-1024x125.jpg\" alt=\"\" class=\"wp-image-815\" srcset=\"https:\/\/konferencje.umw.edu.pl\/wroclawskiespotkanieml\/wp-content\/uploads\/2020\/01\/loga-na-g\u0142\u00f3wn\u0105-9.01.2020-1024x125.jpg 1024w, https:\/\/konferencje.umw.edu.pl\/wroclawskiespotkanieml\/wp-content\/uploads\/2020\/01\/loga-na-g\u0142\u00f3wn\u0105-9.01.2020-300x37.jpg 300w, https:\/\/konferencje.umw.edu.pl\/wroclawskiespotkanieml\/wp-content\/uploads\/2020\/01\/loga-na-g\u0142\u00f3wn\u0105-9.01.2020-768x94.jpg 768w, https:\/\/konferencje.umw.edu.pl\/wroclawskiespotkanieml\/wp-content\/uploads\/2020\/01\/loga-na-g\u0142\u00f3wn\u0105-9.01.2020-1536x187.jpg 1536w, https:\/\/konferencje.umw.edu.pl\/wroclawskiespotkanieml\/wp-content\/uploads\/2020\/01\/loga-na-g\u0142\u00f3wn\u0105-9.01.2020-2048x249.jpg 2048w\" sizes=\"(max-width: 1024px) 100vw, 1024px\" \/><\/figure><\/div>\n","protected":false},"excerpt":{"rendered":"<p>Szanowni Pa\u0144stwo,Serdecznie dzi\u0119kujemy za udzia\u0142 w konferencji II Wroc\u0142awskie Spotkanie Medycyny Laboratoryjnej . Informujemy, \u017ce do 7 kwietnia 2021 r. wszystkim Uczestnikom roze\u015blemy certyfikaty na adres e-mail podany przy rejestracji. Prosimy o<\/p>\n<a class=\"moretag noptoppad\" href=\"https:\/\/konferencje.umw.edu.pl\/wroclawskiespotkanieml\/\">Read More...<\/a>","protected":false},"author":1,"featured_media":0,"parent":0,"menu_order":0,"comment_status":"closed","ping_status":"closed","template":"","meta":[],"_links":{"self":[{"href":"https:\/\/konferencje.umw.edu.pl\/wroclawskiespotkanieml\/wp-json\/wp\/v2\/pages\/47"}],"collection":[{"href":"https:\/\/konferencje.umw.edu.pl\/wroclawskiespotkanieml\/wp-json\/wp\/v2\/pages"}],"about":[{"href":"https:\/\/konferencje.umw.edu.pl\/wroclawskiespotkanieml\/wp-json\/wp\/v2\/types\/page"}],"author":[{"embeddable":true,"href":"https:\/\/konferencje.umw.edu.pl\/wroclawskiespotkanieml\/wp-json\/wp\/v2\/users\/1"}],"replies":[{"embeddable":true,"href":"https:\/\/konferencje.umw.edu.pl\/wroclawskiespotkanieml\/wp-json\/wp\/v2\/comments?post=47"}],"version-history":[{"count":67,"href":"https:\/\/konferencje.umw.edu.pl\/wroclawskiespotkanieml\/wp-json\/wp\/v2\/pages\/47\/revisions"}],"predecessor-version":[{"id":1829,"href":"https:\/\/konferencje.umw.edu.pl\/wroclawskiespotkanieml\/wp-json\/wp\/v2\/pages\/47\/revisions\/1829"}],"wp:attachment":[{"href":"https:\/\/konferencje.umw.edu.pl\/wroclawskiespotkanieml\/wp-json\/wp\/v2\/media?parent=47"}],"curies":[{"name":"wp","href":"https:\/\/api.w.org\/{rel}","templated":true}]}}