{"id":637,"date":"2019-10-31T14:13:07","date_gmt":"2019-10-31T13:13:07","guid":{"rendered":"http:\/\/www.konferencje.umed.wroc.pl\/wroclawskiespotkanieml\/?page_id=637"},"modified":"2021-03-16T14:48:56","modified_gmt":"2021-03-16T13:48:56","slug":"warsztaty","status":"publish","type":"page","link":"https:\/\/konferencje.umw.edu.pl\/wroclawskiespotkanieml\/warsztaty\/","title":{"rendered":"Warsztaty"},"content":{"rendered":"\n<p><strong>Szanowni Pa\u0144stwo informujemy, \u017ce konferencja II Wroc\u0142awskie Spotkanie Medycyny Laboratoryjnej zostaje przeniesiona na 26 marca 2021 r. <\/strong> <\/p>\n\n\n\n<p> <strong>W zwi\u0105zku ze zmian\u0105 terminu prosimy na bie\u017c\u0105co \u015bledzi\u0107 zmiany w programie warsztat\u00f3w.<\/strong> <\/p>\n\n\n\n<p>Zg\u0142oszenie na sesj\u0119 warsztatow\u0105 nast\u0119puje przez wys\u0142anie wiadomo\u015bci e-mail na adres: warsztatywsml@gmail.com po wcze\u015bniejszym wype\u0142nieniu formularza zg\u0142oszeniowego na Konferencj\u0119 w zak\u0142adce Rejestracja.<\/p>\n\n\n\n<ol><li>Zapisy na warsztaty realizowane s\u0105 wed\u0142ug kolejno\u015bci zg\u0142osze\u0144.<\/li><li>Na sesji warsztatowej \u201eDiagnostyka laboratoryjna w monitorowaniu zdrowia reprodukcyjnego cz\u0142owieka\u201d jest dost\u0119pnych 20 miejsc.<\/li><li>Wiadomo\u015b\u0107 e-mail powinna zawiera\u0107:<br>&#8211; tytu\u0142 wybranego warsztatu<br>&#8211; imi\u0119 i nazwisko uczestnika<br>&#8211; miejsce zatrudnienia<br>&#8211; numer telefonu kontaktowego<\/li><li>W ci\u0105gu dw\u00f3ch dni roboczych od wys\u0142ania zg\u0142oszenia Uczestnik otrzyma wiadomo\u015b\u0107 potwierdzaj\u0105c\u0105 zapisanie na sesj\u0119 warsztatow\u0105 lub na list\u0119 rezerwow\u0105.<\/li><li>W przypadku zwolnienia si\u0119 miejsca kolejna osoba z listy rezerwowej zostanie poinformowana telefonicznie o mo\u017cliwo\u015bci wzi\u0119cia udzia\u0142u w sesji.<\/li><\/ol>\n\n\n\n<p>Szczeg\u00f3\u0142owy plan warsztat\u00f3w w dniu 26 marca 2021 r.:<\/p>\n\n\n\n<p><strong>&#8220;Diagnostyka laboratoryjna w monitorowaniu zdrowia reprodukcyjnego cz\u0142owieka&#8221;<\/strong> \u2013 godz. 12.10\u201314.20<\/p>\n\n\n\n<p>Organizator sesji: dr hab. Ewa Kratz, prof. uczelni <\/p>\n\n\n\n<p>Miejsce: online<\/p>\n\n\n\n<ol><li><strong>Mechanizmy tolerancji immunologicznej w ci\u0105\u017cy. Starzy i nowi gracze; <\/strong>godz. 12.10\u201312.40<br>prof. dr hab. Anna Che\u0142mo\u0144ska-Soyta, <em>Laboratorium Immunologii Rozrodu w Instytucie Immunologii i Terapii Do\u015bwiadczalnej PAN, Wroc\u0142aw<\/em><\/li><li><strong>Diagnostyka<\/strong> <strong>nasienia w leczeniu niep\u0142odno\u015bci; <\/strong>godz. 12.40\u201313.10<br>dr Agnieszka Popow-Wo\u017aniak, <em>Klinika InviMed we Wroc\u0142awiu<\/em><\/li><li><strong>Nowe spojrzenie<\/strong> <strong>na diagnostyk\u0119 m\u0119skiej niep\u0142odno\u015bci; <\/strong>godz. 13.10\u201313.50 <br>mgr Ewa Zagocka, <em>Dzia\u0142 Diagnostyki Laboratoryjnej w Uniwersyteckim Szpitalu Klinicznym we Wroc\u0142awiu; Pracownia andrologiczna we Wroc\u0142awiu<\/em><\/li><li><strong>Metaloestrogeny jako zagro\u017cenie dla m\u0119skiej p\u0142odno\u015bci &#8211; interesuj\u0105cy problem diagnostyczny i terapeutyczny; <\/strong>godz. 13.50\u201314.20 <br>prof. dr hab. Agnieszka Piwowar, <em>Katedra i Zak\u0142ad Toksykologii<\/em>, <em>Uniwersytet Medyczny im. Piast\u00f3w \u015al\u0105skich we Wroc\u0142awiu<\/em><\/li><\/ol>\n","protected":false},"excerpt":{"rendered":"<p>Szanowni Pa\u0144stwo informujemy, \u017ce konferencja II Wroc\u0142awskie Spotkanie Medycyny Laboratoryjnej zostaje przeniesiona na 26 marca 2021 r. W zwi\u0105zku ze zmian\u0105 terminu prosimy na bie\u017c\u0105co \u015bledzi\u0107 zmiany w programie warsztat\u00f3w. Zg\u0142oszenie na<\/p>\n<a class=\"moretag noptoppad\" href=\"https:\/\/konferencje.umw.edu.pl\/wroclawskiespotkanieml\/warsztaty\/\">Read More...<\/a>","protected":false},"author":1,"featured_media":0,"parent":0,"menu_order":0,"comment_status":"closed","ping_status":"closed","template":"","meta":[],"_links":{"self":[{"href":"https:\/\/konferencje.umw.edu.pl\/wroclawskiespotkanieml\/wp-json\/wp\/v2\/pages\/637"}],"collection":[{"href":"https:\/\/konferencje.umw.edu.pl\/wroclawskiespotkanieml\/wp-json\/wp\/v2\/pages"}],"about":[{"href":"https:\/\/konferencje.umw.edu.pl\/wroclawskiespotkanieml\/wp-json\/wp\/v2\/types\/page"}],"author":[{"embeddable":true,"href":"https:\/\/konferencje.umw.edu.pl\/wroclawskiespotkanieml\/wp-json\/wp\/v2\/users\/1"}],"replies":[{"embeddable":true,"href":"https:\/\/konferencje.umw.edu.pl\/wroclawskiespotkanieml\/wp-json\/wp\/v2\/comments?post=637"}],"version-history":[{"count":17,"href":"https:\/\/konferencje.umw.edu.pl\/wroclawskiespotkanieml\/wp-json\/wp\/v2\/pages\/637\/revisions"}],"predecessor-version":[{"id":1800,"href":"https:\/\/konferencje.umw.edu.pl\/wroclawskiespotkanieml\/wp-json\/wp\/v2\/pages\/637\/revisions\/1800"}],"wp:attachment":[{"href":"https:\/\/konferencje.umw.edu.pl\/wroclawskiespotkanieml\/wp-json\/wp\/v2\/media?parent=637"}],"curies":[{"name":"wp","href":"https:\/\/api.w.org\/{rel}","templated":true}]}}