{"id":164,"date":"2023-01-04T12:13:48","date_gmt":"2023-01-04T11:13:48","guid":{"rendered":"https:\/\/konferencje.umw.edu.pl\/zielonauczelnia\/?page_id=164"},"modified":"2025-05-12T12:19:07","modified_gmt":"2025-05-12T10:19:07","slug":"komitet-naukowy","status":"publish","type":"page","link":"https:\/\/konferencje.umw.edu.pl\/zielonauczelnia\/komitet-naukowy\/","title":{"rendered":"Komitet naukowy"},"content":{"rendered":"<div style=\"display: flex;\">\n<div style=\"color: black; flex: 1;\">\n<ul>\n<li><strong>prof. dr hab. Tomasz Zato\u0144ski<\/strong>, Uniwersytet Medyczny we Wroc\u0142awiu, Wydzia\u0142 Lekarski, Katedra i Klinika Otolaryngologii, Chirurgii G\u0142owy i Szyi \u2013 <strong>Przewodnicz\u0105cy Komitetu<\/strong><\/li>\n<li><strong>prof. dr hab. Adam Matkowski<\/strong>, Uniwersytet Medyczny we Wroc\u0142awiu, Wydzia\u0142 Farmaceutyczny, Katedra Biologii i Biotechnologii Farmaceutycznej<\/li>\n<li><strong>prof. dr hab. B\u0142a\u017cej Misiak<\/strong>, Uniwersytet Medyczny we Wroc\u0142awiu, Wydzia\u0142 Lekarski, Katedra Psychiatrii<\/li>\n<li><strong>prof. dr hab. Katarzyna Zato\u0144ska<\/strong>, Uniwersytet Medyczny we Wroc\u0142awiu, Wydzia\u0142 Nauk o Zdrowiu, Zak\u0142ad Bada\u0144 Populacyjnych i Profilaktyki Chor\u00f3b Cywilizacyjnych<\/li>\n<li><strong>prof. dr hab. Pawe\u0142 Ga\u0107<\/strong>,<strong> EBCR<\/strong>, Uniwersytet Medyczny we Wroc\u0142awiu, Wydzia\u0142 Nauk o Zdrowiu, Katedra i Zak\u0142ad Zdrowia \u015arodowiskowego, Medycyny Pracy i Epidemiologii<\/li>\n<li><strong>dr hab. Katarzyna Neubauer, prof. UMW<\/strong>, Uniwersytet Medyczny we Wroc\u0142awiu, Wydzia\u0142 Lekarski, Katedra i Klinika Gastroenterologii, Hepatologii i Chor\u00f3b Wewn\u0119trznych<\/li>\n<li><strong>dr Jowita Halupczok \u2013 \u017by\u0142a<\/strong>, Uniwersytet Medyczny we Wroc\u0142awiu, Wydzia\u0142 Lekarski, Katedra Patologii Klinicznej i Do\u015bwiadczalnej<\/li>\n<li><strong>dr Dagmara Gawe\u0142-D\u0105browska<\/strong>, Uniwersytet Medyczny we Wroc\u0142awiu, Wydzia\u0142 Nauk o Zdrowiu, Zak\u0142ad Bada\u0144 Populacyjnych i Profilaktyki Chor\u00f3b Cywilizacyjnych<\/li>\n<li><strong>dr Anna Zubkiewicz-Zar\u0119bska<\/strong>, Uniwersytet Medyczny we Wroc\u0142awiu, Wydzia\u0142 Lekarski, Katedra i Klinika Gastroenterologii, Hepatologii i Chor\u00f3b Wewn\u0119trznych<\/li>\n<li><strong>dr Weronika Koz\u0142owska<\/strong>, Uniwersytet Medyczny we Wroc\u0142awiu, Wydzia\u0142 Farmaceutyczny, Katedra Biologii i Biotechnologii Farmaceutycznej<\/li>\n<li><strong>dr Alicja Basiak-Rasa\u0142a<\/strong>, Uniwersytet Medyczny we Wroc\u0142awiu, Wydzia\u0142 Nauk o Zdrowiu, Zak\u0142ad Bada\u0144 Populacyjnych i Profilaktyki Chor\u00f3b Cywilizacyjnych<\/li>\n<li><strong>dr Joanna Lachowicz<\/strong>, Uniwersytet Medyczny we Wroc\u0142awiu, Wydzia\u0142 Nauk o Zdrowiu, Katedra i Zak\u0142ad Zdrowia \u015arodowiskowego, Medycyny Pracy i Epidemiologii<\/li>\n<li><strong>mgr Paulina Cedro<\/strong>, Uniwersytet Medyczny we Wroc\u0142awiu, Wydzia\u0142 Farmaceutyczny, Katedra i Zak\u0142ad Dietetyki i Bromatologii<\/li>\n<\/ul>\n<\/div>\n<div style=\"flex: 1;\"><img loading=\"lazy\" decoding=\"async\" class=\"wp-image-174 size-full aligncenter\" src=\"https:\/\/konferencje.umw.edu.pl\/zielonauczelnia\/wp-content\/uploads\/sites\/13\/2023\/01\/komitet.png\" alt=\"Komitet\" width=\"500\" height=\"350\" srcset=\"https:\/\/konferencje.umw.edu.pl\/zielonauczelnia\/wp-content\/uploads\/sites\/13\/2023\/01\/komitet.png 500w, https:\/\/konferencje.umw.edu.pl\/zielonauczelnia\/wp-content\/uploads\/sites\/13\/2023\/01\/komitet-300x210.png 300w\" sizes=\"auto, (max-width: 500px) 100vw, 500px\" \/><\/div>\n<\/div>\n","protected":false},"excerpt":{"rendered":"<p>prof. dr hab. Tomasz Zato\u0144ski, Uniwersytet Medyczny we Wroc\u0142awiu, Wydzia\u0142 Lekarski, Katedra i Klinika Otolaryngologii, Chirurgii G\u0142owy i Szyi \u2013 Przewodnicz\u0105cy Komitetu prof. dr hab. Adam Matkowski, Uniwersytet Medyczny we Wroc\u0142awiu, Wydzia\u0142 Farmaceutyczny, Katedra Biologii i Biotechnologii Farmaceutycznej prof. dr hab. B\u0142a\u017cej Misiak, Uniwersytet Medyczny we Wroc\u0142awiu, Wydzia\u0142 Lekarski, Katedra Psychiatrii prof. dr hab. Katarzyna<\/p>\n<div><a class=\"btn-filled btn\" href=\"https:\/\/konferencje.umw.edu.pl\/zielonauczelnia\/komitet-naukowy\/\" title=\"Komitet naukowy\">Dowiedz si\u0119 wi\u0119cej<\/a><\/div>\n","protected":false},"author":1,"featured_media":0,"parent":0,"menu_order":0,"comment_status":"closed","ping_status":"closed","template":"","meta":{"footnotes":""},"class_list":["post-164","page","type-page","status-publish","hentry"],"_links":{"self":[{"href":"https:\/\/konferencje.umw.edu.pl\/zielonauczelnia\/wp-json\/wp\/v2\/pages\/164","targetHints":{"allow":["GET"]}}],"collection":[{"href":"https:\/\/konferencje.umw.edu.pl\/zielonauczelnia\/wp-json\/wp\/v2\/pages"}],"about":[{"href":"https:\/\/konferencje.umw.edu.pl\/zielonauczelnia\/wp-json\/wp\/v2\/types\/page"}],"author":[{"embeddable":true,"href":"https:\/\/konferencje.umw.edu.pl\/zielonauczelnia\/wp-json\/wp\/v2\/users\/1"}],"replies":[{"embeddable":true,"href":"https:\/\/konferencje.umw.edu.pl\/zielonauczelnia\/wp-json\/wp\/v2\/comments?post=164"}],"version-history":[{"count":33,"href":"https:\/\/konferencje.umw.edu.pl\/zielonauczelnia\/wp-json\/wp\/v2\/pages\/164\/revisions"}],"predecessor-version":[{"id":1323,"href":"https:\/\/konferencje.umw.edu.pl\/zielonauczelnia\/wp-json\/wp\/v2\/pages\/164\/revisions\/1323"}],"wp:attachment":[{"href":"https:\/\/konferencje.umw.edu.pl\/zielonauczelnia\/wp-json\/wp\/v2\/media?parent=164"}],"curies":[{"name":"wp","href":"https:\/\/api.w.org\/{rel}","templated":true}]}}