{"id":300,"date":"2023-01-13T08:45:34","date_gmt":"2023-01-13T07:45:34","guid":{"rendered":"https:\/\/konferencje.umw.edu.pl\/zielonauczelnia\/?page_id=300"},"modified":"2025-05-22T15:01:46","modified_gmt":"2025-05-22T13:01:46","slug":"o-konferencji","status":"publish","type":"page","link":"https:\/\/konferencje.umw.edu.pl\/zielonauczelnia\/o-konferencji\/","title":{"rendered":"O konferencji"},"content":{"rendered":"<p><strong>Uniwersytet Medyczny im. Piast\u00f3w \u015al\u0105skich we Wroc\u0142awiu<\/strong> aktywnie realizuje za\u0142o\u017cenia programu<strong> \u201eZielona Uczelnia\u201d<\/strong>, kt\u00f3rego celem jest propagowanie dzia\u0142a\u0144 proekologicznych w \u015brodowisku akademickim i lokalnym. Za koordynacj\u0119 inicjatywy odpowiada<strong> Zesp\u00f3\u0142 ds. Ekologii<\/strong> dzia\u0142aj\u0105cy pod opiek\u0105 <strong>Prorektora ds. Spo\u0142ecznej Odpowiedzialno\u015bci Uczelni.<\/strong><\/p>\n<p>Jednym z kluczowych wydarze\u0144 w ramach programu jest <strong>konferencja naukowa \u201eUMW Zielona Uczelnia w Zielonym Mie\u015bcie\u201d<\/strong>, kt\u00f3rej misj\u0105 jest zwr\u00f3cenie uwagi spo\u0142ecze\u0144stwa na fundamentalny <strong>zwi\u0105zek mi\u0119dzy stanem \u015brodowiska a zdrowiem i jako\u015bci\u0105 \u017cycia cz\u0142owieka.<\/strong><\/p>\n<p>Podczas sympozjum podejmowane s\u0105<strong> interdyscyplinarne zagadnienia<\/strong> \u0142\u0105cz\u0105ce medycyn\u0119, nauki przyrodnicze, spo\u0142eczne, techniczne i ekonomiczne.<\/p>\n<p>Poruszane<strong> tematy<\/strong> obejmuj\u0105 m.in.:<\/p>\n<ul>\n<li>zr\u00f3wnowa\u017cony rozw\u00f3j,<\/li>\n<li>racjonalne gospodarowanie zasobami naturalnymi,<\/li>\n<li>wdra\u017canie polityki zero waste,<\/li>\n<li>gospodark\u0119 odpadami,<\/li>\n<li>ekologiczny transport i odnawialne \u017ar\u00f3d\u0142a energii,<\/li>\n<li>rol\u0119 zielonych przestrzeni miejskich oraz ochron\u0119 zamieszkuj\u0105cych je zwierz\u0105t,<\/li>\n<li>skutki zmian klimatycznych<\/li>\n<li>zanieczyszczenia w\u00f3d i powietrza<\/li>\n<li>diet\u0119 planetarn\u0105 i zdrowe \u017cywienie.<\/li>\n<\/ul>\n<p>Szczeg\u00f3lne znaczenie przypisuje si\u0119<strong> badaniom naukowym<\/strong>, kt\u00f3re nie tylko pozwalaj\u0105 lepiej zrozumie\u0107 z\u0142o\u017cone <strong>relacje mi\u0119dzy \u015brodowiskiem a zdrowiem<\/strong>, ale r\u00f3wnie\u017c <strong>wytyczaj\u0105 kierunki praktycznych dzia\u0142a\u0144<\/strong>. Dlatego wa\u017cnym aspektem konferencji jest r\u00f3wnie\u017c promocja i wspieranie tych\u017ce bada\u0144 oraz dzia\u0142a\u0144 edukacyjnych, kt\u00f3re dotycz\u0105 <strong>ochrony \u015brodowiska naturalnego<\/strong>.<\/p>\n<p>Ten<strong> ekspercki dialog<\/strong> przedstawicieli \u015brodowisk naukowych, samorz\u0105dowych i instytucjonalnych Wroc\u0142awia, podejmowany jest <strong>w trosce o zdrowie, klimat i jako\u015b\u0107 \u017cycia mieszka\u0144c\u00f3w miasta i regionu.<\/strong><br \/>\nInicjatywa ta jest wyrazem<strong> odpowiedzialno\u015bci spo\u0142ecznej uczelni<\/strong> i jej zaanga\u017cowania w budowanie \u015bwiadomo\u015bci ekologicznej oraz <strong>promowanie zdrowego stylu \u017cycia.<\/strong><\/p>\n<p>To znakomity przyk\u0142ad<strong> wsp\u00f3\u0142pracy mi\u0119dzy nauk\u0105, samorz\u0105dem i gospodark\u0105<\/strong> \u2013 wsp\u00f3\u0142pracy, kt\u00f3ra jest niezb\u0119dna, je\u015bli chcemy nie tylko diagnozowa\u0107 problemy, ale i skutecznie je rozwi\u0105zywa\u0107.<\/p>\n<p>&nbsp;<\/p>\n<p>&nbsp;<\/p>\n","protected":false},"excerpt":{"rendered":"<p>Uniwersytet Medyczny im. Piast\u00f3w \u015al\u0105skich we Wroc\u0142awiu aktywnie realizuje za\u0142o\u017cenia programu \u201eZielona Uczelnia\u201d, kt\u00f3rego celem jest propagowanie dzia\u0142a\u0144 proekologicznych w \u015brodowisku akademickim i lokalnym. Za koordynacj\u0119 inicjatywy odpowiada Zesp\u00f3\u0142 ds. Ekologii dzia\u0142aj\u0105cy pod opiek\u0105 Prorektora ds. Spo\u0142ecznej Odpowiedzialno\u015bci Uczelni. Jednym z kluczowych wydarze\u0144 w ramach programu jest konferencja naukowa \u201eUMW Zielona Uczelnia w Zielonym Mie\u015bcie\u201d,<\/p>\n<div><a class=\"btn-filled btn\" href=\"https:\/\/konferencje.umw.edu.pl\/zielonauczelnia\/o-konferencji\/\" title=\"O konferencji\">Dowiedz si\u0119 wi\u0119cej<\/a><\/div>\n","protected":false},"author":1,"featured_media":0,"parent":0,"menu_order":0,"comment_status":"closed","ping_status":"closed","template":"","meta":{"footnotes":""},"class_list":["post-300","page","type-page","status-publish","hentry"],"_links":{"self":[{"href":"https:\/\/konferencje.umw.edu.pl\/zielonauczelnia\/wp-json\/wp\/v2\/pages\/300","targetHints":{"allow":["GET"]}}],"collection":[{"href":"https:\/\/konferencje.umw.edu.pl\/zielonauczelnia\/wp-json\/wp\/v2\/pages"}],"about":[{"href":"https:\/\/konferencje.umw.edu.pl\/zielonauczelnia\/wp-json\/wp\/v2\/types\/page"}],"author":[{"embeddable":true,"href":"https:\/\/konferencje.umw.edu.pl\/zielonauczelnia\/wp-json\/wp\/v2\/users\/1"}],"replies":[{"embeddable":true,"href":"https:\/\/konferencje.umw.edu.pl\/zielonauczelnia\/wp-json\/wp\/v2\/comments?post=300"}],"version-history":[{"count":20,"href":"https:\/\/konferencje.umw.edu.pl\/zielonauczelnia\/wp-json\/wp\/v2\/pages\/300\/revisions"}],"predecessor-version":[{"id":1359,"href":"https:\/\/konferencje.umw.edu.pl\/zielonauczelnia\/wp-json\/wp\/v2\/pages\/300\/revisions\/1359"}],"wp:attachment":[{"href":"https:\/\/konferencje.umw.edu.pl\/zielonauczelnia\/wp-json\/wp\/v2\/media?parent=300"}],"curies":[{"name":"wp","href":"https:\/\/api.w.org\/{rel}","templated":true}]}}