{"id":368,"date":"2023-02-03T08:26:15","date_gmt":"2023-02-03T07:26:15","guid":{"rendered":"https:\/\/konferencje.umw.edu.pl\/zielonauczelnia\/?page_id=368"},"modified":"2025-05-20T11:35:06","modified_gmt":"2025-05-20T09:35:06","slug":"prelegenci","status":"publish","type":"page","link":"https:\/\/konferencje.umw.edu.pl\/zielonauczelnia\/prelegenci\/","title":{"rendered":"Prelegenci"},"content":{"rendered":"<div style=\"color: black; flex: 1;\">\n<p><strong>prof. dr hab. B\u0142a\u017cej Misiak<\/strong>, Uniwersytet Medyczny we Wroc\u0142awiu, Wydzia\u0142 Lekarski, Katedra Psychiatrii<\/p>\n<p><strong>prof. dr hab. Pawe\u0142 Ga\u0107, EBCR<\/strong> (European Board of Cardiovascular Radiology), Uniwersytet Medyczny we Wroc\u0142awiu, Wydzia\u0142 Nauk o Zdrowiu, Katedra i Zak\u0142ad Zdrowia \u015arodowiskowego, Medycyny Pracy i Epidemiologii<\/p>\n<p><strong>dr hab. Katarzyna Neubauer, prof. UMW<\/strong>, Uniwersytet Medyczny we Wroc\u0142awiu,\u00a0 Wydzia\u0142 Lekarski, Katedra i Klinika Gastroenterologii, Hepatologii i Chor\u00f3b Wewn\u0119trznych<\/p>\n<p><strong>dr Anna Zubkiewicz-Zar\u0119bska<\/strong>, Uniwersytet Medyczny we Wroc\u0142awiu, Wydzia\u0142 Lekarski, Katedra i Klinika Gastroenterologii, Hepatologii i Chor\u00f3b Wewn\u0119trznych<\/p>\n<p><strong>dr Jowita Halupczok-\u017by\u0142a<\/strong>, Uniwersytet Medyczny we Wroc\u0142awiu, Wydzia\u0142 Lekarski, Katedra Patologii Klinicznej i Do\u015bwiadczalnej<\/p>\n<p><strong>dr Alicja Basiak-Rasa\u0142a<\/strong>, Uniwersytet Medyczny we Wroc\u0142awiu, Wydzia\u0142 Nauk o Zdrowiu, Zak\u0142ad Bada\u0144 Populacyjnych i Profilaktyki Chor\u00f3b Cywilizacyjnych<\/p>\n<p><strong>dr Joanna Lachowicz<\/strong>, Uniwersytet Medyczny we Wroc\u0142awiu, Wydzia\u0142 Nauk o Zdrowiu, Katedra i Zak\u0142ad Zdrowia \u015arodowiskowego, Medycyny Pracy i Epidemiologii<\/p>\n<p><strong>mgr Paulina Cedro<\/strong>, Uniwersytet Medyczny we Wroc\u0142awiu, Wydzia\u0142 Farmaceutyczny, Katedra i Zak\u0142ad Dietetyki i Bromatologii<\/p>\n<p><strong>dr hab. Adam Por\u0119bski<\/strong>, Akademia Muzyczna im. Karola Lipi\u0144skiego we Wroc\u0142awiu, Instytut Kompozycji<\/p>\n<p><strong>dr hab. Karol Leluk prof. PWr<\/strong>, Wydzia\u0142 In\u017cynierii \u015arodowiska PWr<\/p>\n<p><strong>dr Jerzy Wi\u015bniewski<\/strong>, Politechnika Wroc\u0142awska, Wydzia\u0142 Chemiczny, Centralne Laboratorium<\/p>\n<p><strong>mgr in\u017c.<\/strong> <strong>Wiktoria Adamczyk<\/strong>, Politechnika Wroc\u0142awska, Wydzia\u0142 In\u017cynierii \u015arodowiska, Katedra Gospodarki Wodno-\u015aciekowej i Technologii Odpad\u00f3w<\/p>\n<p><strong>mgr in\u017c. Hubert Jamry<\/strong>, Politechnika Wroc\u0142awska, Wydzia\u0142 In\u017cynierii \u015arodowiska, Katedra Gospodarki Wodno-\u015aciekowej i Technologii Odpad\u00f3w<\/p>\n<p><strong>dr Anetta Drzeniecka-Osiadacz<\/strong>, Uniwersytet Wroc\u0142awski, Wydzia\u0142 Nauk o Ziemi i Kszta\u0142towania \u015arodowiska, Instytut Geografii i Rozwoju Regionalnego \u015arodowiska Zak\u0142ad Klimatologii i Ochrony Atmosfery<\/p>\n<p><strong>dr Dominika Jacyk-Manikowska<\/strong>, Uniwersytet Wroc\u0142awski, Wydzia\u0142 Nauk Spo\u0142ecznych, Instytut Filozofii, Zak\u0142ad Filozofii Niemieckiej<\/p>\n<p><strong>dr Ewa Szcz\u0119\u015bniak<\/strong>, Uniwersytet Wroc\u0142awski, Wydzia\u0142 Nauk Biologicznych, Zak\u0142ad Botaniki,<\/p>\n<p><strong>prof. dr hab<\/strong>. <strong>Krzysztof Domaradzki<\/strong>, Instytut Uprawy, Nawo\u017cenia i Gleboznawstwa we Wroc\u0142awiu &#8211; Pa\u0144stwowy Instytut Badawczy, Zak\u0142ad Herbologii i Technik Uprawy Roli we Wroc\u0142awiu<\/p>\n<p><strong>Rafa\u0142 Gwizd<\/strong>,\u00a0 Przedstawicielstwo Regionalne Komisji Europejskiej we Wroc\u0142awiu, Punkt Informacyjny<\/p>\n<p><strong>Bart\u0142omiej Bajak<\/strong>, Urz\u0105d Miejski Wroc\u0142awia, Wydzia\u0142 Bezpiecze\u0144stwa i Zarz\u0105dzania Kryzysowego, Dyrektor Wydzia\u0142u<\/p>\n<p><strong>Natalia Matyja<\/strong>, Urz\u0105d Miejski Wroc\u0142awia, Wydzia\u0142 Klimatu i Energii, z-ca Dyrektora Wydzia\u0142u<\/p>\n<p><strong>Tomasz Czerski<\/strong>, Centrum Edukacji Ekologicznej Hydropolis Miejskie Przedsi\u0119biorstwo Wodoci\u0105g\u00f3w i Kanalizacji S.A. we Wroc\u0142awiu<\/p>\n<p><strong>Martyna Wilk<\/strong>, Wroc\u0142awskie Centrum Rozwoju Spo\u0142ecznego, Zesp\u00f3\u0142 Aktywizacji Spo\u0142ecznej<\/p>\n<p><strong>Piotr Siergiej<\/strong>, Polski Alarm Smogowy<\/p>\n<p>&nbsp;<\/p>\n<p>&nbsp;<\/p>\n<p><!--\n\n\n<ul>\n \t\n\n<li style=\"list-style-type: none;\">\n\n\n<ul>\n \t\n\n<li>mgr Klemens Jakubowski - UMW, Ogr\u00f3d Botaniczny Ro\u015blin Leczniczych<\/li>\n\n\n \t\n\n<li>mgr Grzegorz W\u00f3jcik - UMW, Ogr\u00f3d Botaniczny Ro\u015blin Leczniczych<\/li>\n\n\n \t\n\n<li>dr Anna Jezierska-Domaradzka, UMW, Ogr\u00f3d Botaniczny Ro\u015blin Leczniczych<\/li>\n\n\n \t\n\n<li>dr Anna Jezierska-Domaradzka, UMW, Ogr\u00f3d Botaniczny Ro\u015blin Leczniczych<\/li>\n\n\n \t\n\n<li>mgr in\u017c. Joanna Ja\u015bpi\u0144ska - UMW, Ogr\u00f3d Botaniczny Ro\u015blin Leczniczych<\/li>\n\n\n \t\n\n<li>Beata Wechterowicz, UMW, Studenckie Ko\u0142o Naukowe przy Katedrze Biologii i Biotechnologii\nFarmaceutycznej<\/li>\n\n\n \t\n\n<li>Klaudia Michalak, UMW, Studenckie Ko\u0142o Naukowe przy Katedrze Biologii i Biotechnologii\nFarmaceutycznej<\/li>\n\n\n \t\n\n<li>Daria Zblewska, UMW Studenckie Ko\u0142o Naukowe przy Katedrze Biologii i Biotechnologii\nFarmaceutycznej<\/li>\n\n\n \t\n\n<li>Kajetan Grzelka, UMW, Ogr\u00f3d Botaniczny Ro\u015blin Leczniczych<\/li>\n\n\n \t\n\n<li>Jagoda Muchorowska, UMW, Studenckie Ko\u0142o Naukowe przy Katedrze Biologii i Biotechnologii\nFarmaceutycznej<\/li>\n\n\n \t\n\n<li>Joanna Micha\u0142owska, UMW, Wydzia\u0142 Lekarski<\/li>\n\n\n \t\n\n<li>Anna Pawlikowska-Bartosz, Joanna Ja\u015bpi\u0144ska, UMW, Ogr\u00f3d Botaniczny Ro\u015blin Leczniczych<\/li>\n\n\n<\/ul>\n\n\n<\/li>\n\n\n<\/ul>\n\n\n--><br \/>\n<!-- &nbsp; --><\/p>\n<\/div>\n<div style=\"flex: 1;\"><img loading=\"lazy\" decoding=\"async\" class=\"wp-image-174 size-full aligncenter\" src=\"https:\/\/konferencje.umw.edu.pl\/zielonauczelnia\/wp-content\/uploads\/sites\/13\/2023\/01\/komitet.png\" alt=\"Komitet\" width=\"500\" height=\"350\" srcset=\"https:\/\/konferencje.umw.edu.pl\/zielonauczelnia\/wp-content\/uploads\/sites\/13\/2023\/01\/komitet.png 500w, https:\/\/konferencje.umw.edu.pl\/zielonauczelnia\/wp-content\/uploads\/sites\/13\/2023\/01\/komitet-300x210.png 300w\" sizes=\"auto, (max-width: 500px) 100vw, 500px\" \/><\/div>\n","protected":false},"excerpt":{"rendered":"<p>prof. dr hab. B\u0142a\u017cej Misiak, Uniwersytet Medyczny we Wroc\u0142awiu, Wydzia\u0142 Lekarski, Katedra Psychiatrii prof. dr hab. Pawe\u0142 Ga\u0107, EBCR (European Board of Cardiovascular Radiology), Uniwersytet Medyczny we Wroc\u0142awiu, Wydzia\u0142 Nauk o Zdrowiu, Katedra i Zak\u0142ad Zdrowia \u015arodowiskowego, Medycyny Pracy i Epidemiologii dr hab. Katarzyna Neubauer, prof. UMW, Uniwersytet Medyczny we Wroc\u0142awiu,\u00a0 Wydzia\u0142 Lekarski, Katedra i<\/p>\n<div><a class=\"btn-filled btn\" href=\"https:\/\/konferencje.umw.edu.pl\/zielonauczelnia\/prelegenci\/\" title=\"Prelegenci\">Dowiedz si\u0119 wi\u0119cej<\/a><\/div>\n","protected":false},"author":1,"featured_media":0,"parent":0,"menu_order":0,"comment_status":"closed","ping_status":"closed","template":"","meta":{"footnotes":""},"class_list":["post-368","page","type-page","status-publish","hentry"],"_links":{"self":[{"href":"https:\/\/konferencje.umw.edu.pl\/zielonauczelnia\/wp-json\/wp\/v2\/pages\/368","targetHints":{"allow":["GET"]}}],"collection":[{"href":"https:\/\/konferencje.umw.edu.pl\/zielonauczelnia\/wp-json\/wp\/v2\/pages"}],"about":[{"href":"https:\/\/konferencje.umw.edu.pl\/zielonauczelnia\/wp-json\/wp\/v2\/types\/page"}],"author":[{"embeddable":true,"href":"https:\/\/konferencje.umw.edu.pl\/zielonauczelnia\/wp-json\/wp\/v2\/users\/1"}],"replies":[{"embeddable":true,"href":"https:\/\/konferencje.umw.edu.pl\/zielonauczelnia\/wp-json\/wp\/v2\/comments?post=368"}],"version-history":[{"count":50,"href":"https:\/\/konferencje.umw.edu.pl\/zielonauczelnia\/wp-json\/wp\/v2\/pages\/368\/revisions"}],"predecessor-version":[{"id":1343,"href":"https:\/\/konferencje.umw.edu.pl\/zielonauczelnia\/wp-json\/wp\/v2\/pages\/368\/revisions\/1343"}],"wp:attachment":[{"href":"https:\/\/konferencje.umw.edu.pl\/zielonauczelnia\/wp-json\/wp\/v2\/media?parent=368"}],"curies":[{"name":"wp","href":"https:\/\/api.w.org\/{rel}","templated":true}]}}