{"id":56,"date":"2022-12-19T14:05:36","date_gmt":"2022-12-19T13:05:36","guid":{"rendered":"https:\/\/konferencje.umw.edu.pl\/zielonauczelnia\/?page_id=56"},"modified":"2025-05-07T14:26:06","modified_gmt":"2025-05-07T12:26:06","slug":"komitet-organizacyjny","status":"publish","type":"page","link":"https:\/\/konferencje.umw.edu.pl\/zielonauczelnia\/komitet-organizacyjny\/","title":{"rendered":"Komitet organizacyjny"},"content":{"rendered":"<div style=\"display: block;\">\n<div style=\"color: black; flex: 1;\">\n<p style=\"text-align: left;\">\n<\/div>\n<div style=\"flex: 1;\">\n<p><img loading=\"lazy\" decoding=\"async\" class=\"alignright wp-image-174 size-full\" style=\"margin-top: 100px;\" src=\"https:\/\/konferencje.umw.edu.pl\/zielonauczelnia\/wp-content\/uploads\/sites\/13\/2023\/01\/komitet.png\" alt=\"Komitet\" width=\"500\" height=\"350\" srcset=\"https:\/\/konferencje.umw.edu.pl\/zielonauczelnia\/wp-content\/uploads\/sites\/13\/2023\/01\/komitet.png 500w, https:\/\/konferencje.umw.edu.pl\/zielonauczelnia\/wp-content\/uploads\/sites\/13\/2023\/01\/komitet-300x210.png 300w\" sizes=\"auto, (max-width: 500px) 100vw, 500px\" \/><\/p>\n<\/div>\n<\/div>\n<div style=\"display: block;\">\n<div style=\"flex: 1;\">\n<ul>\n<li>prof. dr hab. Tomasz Zato\u0144ski<\/li>\n<li>prof. dr hab. Adam Matkowski<\/li>\n<li>dr hab. Marcin M\u0105czy\u0144ski, prof. UMW<\/li>\n<li>dr Dagmara Gawe\u0142-D\u0105browska<\/li>\n<li>dr Jowita Halupczok-\u017by\u0142a<\/li>\n<li>Justyna Bednarek<\/li>\n<li>Franciszek K\u0119dzierski<\/li>\n<li>Adrian Ma\u0107kowiak<\/li>\n<li>Emilia Miernikiewicz<\/li>\n<li>Grzegorz Misa<\/li>\n<li>S\u0142awomir Pieprzyk<\/li>\n<li>Alicja Stepowicz-Grzegorzak<\/li>\n<li>Marcin Wr\u00f3blewski<\/li>\n<li>Jakub Herudzi\u0144ski<\/li>\n<li>Micha\u0142 Dziwak<\/li>\n<\/ul>\n<p>&nbsp;<\/p>\n<p style=\"text-align: left;\">\n<\/div>\n<\/div>\n","protected":false},"excerpt":{"rendered":"<p>prof. dr hab. Tomasz Zato\u0144ski prof. dr hab. Adam Matkowski dr hab. Marcin M\u0105czy\u0144ski, prof. UMW dr Dagmara Gawe\u0142-D\u0105browska dr Jowita Halupczok-\u017by\u0142a Justyna Bednarek Franciszek K\u0119dzierski Adrian Ma\u0107kowiak Emilia Miernikiewicz Grzegorz Misa S\u0142awomir Pieprzyk Alicja Stepowicz-Grzegorzak Marcin Wr\u00f3blewski Jakub Herudzi\u0144ski Micha\u0142 Dziwak &nbsp;<\/p>\n","protected":false},"author":1,"featured_media":0,"parent":0,"menu_order":0,"comment_status":"closed","ping_status":"closed","template":"","meta":{"footnotes":""},"class_list":["post-56","page","type-page","status-publish","hentry"],"_links":{"self":[{"href":"https:\/\/konferencje.umw.edu.pl\/zielonauczelnia\/wp-json\/wp\/v2\/pages\/56","targetHints":{"allow":["GET"]}}],"collection":[{"href":"https:\/\/konferencje.umw.edu.pl\/zielonauczelnia\/wp-json\/wp\/v2\/pages"}],"about":[{"href":"https:\/\/konferencje.umw.edu.pl\/zielonauczelnia\/wp-json\/wp\/v2\/types\/page"}],"author":[{"embeddable":true,"href":"https:\/\/konferencje.umw.edu.pl\/zielonauczelnia\/wp-json\/wp\/v2\/users\/1"}],"replies":[{"embeddable":true,"href":"https:\/\/konferencje.umw.edu.pl\/zielonauczelnia\/wp-json\/wp\/v2\/comments?post=56"}],"version-history":[{"count":37,"href":"https:\/\/konferencje.umw.edu.pl\/zielonauczelnia\/wp-json\/wp\/v2\/pages\/56\/revisions"}],"predecessor-version":[{"id":1296,"href":"https:\/\/konferencje.umw.edu.pl\/zielonauczelnia\/wp-json\/wp\/v2\/pages\/56\/revisions\/1296"}],"wp:attachment":[{"href":"https:\/\/konferencje.umw.edu.pl\/zielonauczelnia\/wp-json\/wp\/v2\/media?parent=56"}],"curies":[{"name":"wp","href":"https:\/\/api.w.org\/{rel}","templated":true}]}}